{"id":1246,"date":"2019-03-01T13:05:38","date_gmt":"2019-03-01T10:05:38","guid":{"rendered":"http:\/\/soscocukkoyu:8080\/?page_id=1246"},"modified":"2025-10-06T17:44:29","modified_gmt":"2025-10-06T14:44:29","slug":"sos-kres-ve-anaokulu","status":"publish","type":"page","link":"https:\/\/soscocukkoyu.org\/en\/sos-kres-ve-anaokulu\/","title":{"rendered":"SOS Kindergarten"},"content":{"rendered":"<p>[vc_row equal_height=&#8221;yes&#8221; content_placement=&#8221;middle&#8221; css=&#8221;.vc_custom_1552304919020{margin-top: 50px !important;}&#8221;][vc_column parallax=&#8221;content-moving&#8221; parallax_image=&#8221;1521&#8243; width=&#8221;2\/3&#8243; css=&#8221;.vc_custom_1551966045511{padding-top: 100px !important;padding-bottom: 100px !important;}&#8221;][\/vc_column][vc_column parallax=&#8221;content-moving&#8221; parallax_image=&#8221;1503&#8243; width=&#8221;1\/3&#8243; css=&#8221;.vc_custom_1551955572171{padding-top: 100px !important;padding-bottom: 100px !important;background-color: #009ee0 !important;background-position: center !important;background-repeat: no-repeat !important;background-size: contain !important;}&#8221;][vc_icon type=&#8221;material&#8221; icon_material=&#8221;vc-material vc-material-format_quote&#8221; color=&#8221;white&#8221; size=&#8221;xl&#8221; align=&#8221;center&#8221;][vc_column_text]<\/p>\n<h2 class=\"back-text\" style=\"text-align: center;\">We discovered that education is not something which the teacher does, but that it is a natural process which develops spontaneously in the human being.<\/h2>\n<p>[\/vc_column_text][vc_column_text]<\/p>\n<h2 class=\"back-text\" style=\"text-align: center;\">Maria Montessori<\/h2>\n<p>[\/vc_column_text][\/vc_column][\/vc_row][vc_row css=&#8221;.vc_custom_1554287880890{margin-top: 15px !important;}&#8221;][vc_column width=&#8221;1\/4&#8243; el_class=&#8221;back-test&#8221;]<h1 style=\"text-align:;color:#00aaef;font-size:30px\" class=\" nd_options_counter_component_l1 nd_options_font_weight_bolder nd_options_counter  \" data-to=\"945\" data-speed=\"1000\">945<\/h1>[vc_column_text]Total Number of Children with Preschool Education[\/vc_column_text][\/vc_column][vc_column width=&#8221;1\/4&#8243;]<h1 style=\"text-align:;color:#e74361;font-size:30px\" class=\" nd_options_counter_component_l1 nd_options_font_weight_bolder nd_options_counter  \" data-to=\"80\" data-speed=\"1000\">80<\/h1>[vc_column_text]Current Number of Children In Preschool Education[\/vc_column_text][\/vc_column][vc_column width=&#8221;1\/4&#8243;]<h1 style=\"text-align:;color:#ec7404;font-size:30px\" class=\" nd_options_counter_component_l1 nd_options_font_weight_bolder nd_options_counter  \" data-to=\"18\" data-speed=\"1000\">18<\/h1>[vc_column_text]Number of Children in Preschool Education under FSP[\/vc_column_text][\/vc_column][vc_column width=&#8221;1\/4&#8243;]<h1 style=\"text-align:;color:#76b856;font-size:30px\" class=\" nd_options_counter_component_l1 nd_options_font_weight_bolder nd_options_counter  \" data-to=\"4\" data-speed=\"1000\">4<\/h1>[vc_column_text]Number of Children in Preschool Education under SOS Children\u2019s Village Care[\/vc_column_text][\/vc_column][\/vc_row][vc_row content_placement=&#8221;middle&#8221;][vc_column css=&#8221;.vc_custom_1551421994624{padding-right: 20px !important;padding-left: 20px !important;}&#8221;]\n\n    <div class=\"nd_options_section nd_options_bg_white nd_options_border_radius_15  \">\n                                        \n        <div class=\"nd_options_section nd_options_box_sizing_border_box nd_options_padding_20 nd_options_text_align_center\">\n            \n            <img decoding=\"async\" alt=\"\" width=\"40\" src=\"\">\n            <div class=\"nd_options_section nd_options_height_5\"><\/div>\n            <h1 class=\"nd_options_font_size_40\">SOS KINDERGARTEN<\/h1>\n            <div class=\"nd_options_section nd_options_height_10\"><\/div>\n            <h4 class=\"nd_options_color_grey nd_options_font_size_12 nd_options_text_transform_uppercase nd_options_letter_spacing_3 nd_options_second_font nd_options_font_weight_lighter\"><\/h4>\n\n        <\/div>\n\n    <\/div>\n\n  <div style=\"background-color:;height: 15px\" class=\"nicdark_section  \"><\/div>[vc_column_text]<\/p>\n<p style=\"text-align: left;\">SOS Kindergarten provides pre-school care and education services for 18 months old and 5 year old children. Students can enroll in full-time or part-time education according to the preference of parents. The aim of the SOS Kindergarten is to provide care and education to children in SOS Children&#8217;s Village, Child Protection Prevention and Family Empowerment Project and to all children in need of pre-school education.<\/p>\n<p style=\"text-align: left;\">In SOS Kindergarten, daily training programs that support the development of children&#8217;s cognitive, social-emotional, self-care and physical aspects equally are implemented. Each child&#8217;s development process is observed and individual development files are created for each child. Trip-observation, artistic and cultural activities (theater, cinema, museum, exhibition etc.) are organized to support the education system. Children with developmental problems are given the opportunity to develop within the framework of existing resources and infrastructure.<\/p>\n<p>[\/vc_column_text]<div style=\"background-color:;height: 15px\" class=\"nicdark_section  \"><\/div>[\/vc_column][\/vc_row][vc_row css=&#8221;.vc_custom_1551438787100{margin-top: 50px !important;}&#8221;][vc_column]\n\n    <div class=\"nd_options_section nd_options_bg_white nd_options_border_radius_15  \">\n                                        \n        <div class=\"nd_options_section nd_options_box_sizing_border_box nd_options_padding_20 nd_options_text_align_center\">\n            \n            <img decoding=\"async\" alt=\"\" width=\"40\" src=\"\">\n            <div class=\"nd_options_section nd_options_height_5\"><\/div>\n            <h1 class=\"nd_options_font_size_40\">EDUCATION SYSTEM<\/h1>\n            <div class=\"nd_options_section nd_options_height_10\"><\/div>\n            <h4 class=\"nd_options_color_grey nd_options_font_size_12 nd_options_text_transform_uppercase nd_options_letter_spacing_3 nd_options_second_font nd_options_font_weight_lighter\">Methods and Techniques Forming the Education System<\/h4>\n\n        <\/div>\n\n    <\/div>\n\n  [\/vc_column][\/vc_row][vc_row css=&#8221;.vc_custom_1551438809043{margin-bottom: 100px !important;}&#8221;][vc_column width=&#8221;1\/4&#8243;]<div style=\"background-color:;height: 10px\" class=\"nicdark_section  \"><\/div>\n\n    <div class=\"nd_options_section  nd_options_text_align_left \">\n\n        <img decoding=\"async\" style=\"margin-top:px\" alt=\"\" width=\"50\" src=\"https:\/\/soscocukkoyu.org\/wp-content\/uploads\/2019\/03\/01.png\">\n\n        <div class=\"nd_options_section nd_options_box_sizing_border_box\">\n            \n            <h3 class=\"nd_options_first_font  \" style=\"margin:10px 0px 0px 0px;color:;font-size:25px;line-height:25px\">Montessori Individual Training Method<\/h3> \n             \n            \n\n        <\/div>\n\n    <\/div>\n\n  [\/vc_column][vc_column width=&#8221;1\/4&#8243;]<div style=\"background-color:;height: 10px\" class=\"nicdark_section  \"><\/div>\n\n    <div class=\"nd_options_section  nd_options_text_align_left \">\n\n        <img decoding=\"async\" style=\"margin-top:px\" alt=\"\" width=\"50\" src=\"https:\/\/soscocukkoyu.org\/wp-content\/uploads\/2019\/03\/02.png\">\n\n        <div class=\"nd_options_section nd_options_box_sizing_border_box\">\n            \n            <h3 class=\"nd_options_first_font  \" style=\"margin:10px 0px 0px 0px;color:;font-size:25px;line-height:25px\">Friedrich Froebel Group Training Method<\/h3> \n             \n            \n\n        <\/div>\n\n    <\/div>\n\n  [\/vc_column][vc_column width=&#8221;1\/4&#8243;]<div style=\"background-color:;height: 10px\" class=\"nicdark_section  \"><\/div>\n\n    <div class=\"nd_options_section  nd_options_text_align_left \">\n\n        <img decoding=\"async\" style=\"margin-top:px\" alt=\"\" width=\"50\" src=\"https:\/\/soscocukkoyu.org\/wp-content\/uploads\/2019\/03\/03.png\">\n\n        <div class=\"nd_options_section nd_options_box_sizing_border_box\">\n            \n            <h3 class=\"nd_options_first_font  \" style=\"margin:10px 0px 0px 0px;color:;font-size:25px;line-height:25px\">Psychomotor Development Training Techniques<\/h3> \n             \n            \n\n        <\/div>\n\n    <\/div>\n\n  [\/vc_column][vc_column width=&#8221;1\/4&#8243;]<div style=\"background-color:;height: 10px\" class=\"nicdark_section  \"><\/div>\n\n    <div class=\"nd_options_section  nd_options_text_align_left \">\n\n        <img decoding=\"async\" style=\"margin-top:px\" alt=\"\" width=\"50\" src=\"https:\/\/soscocukkoyu.org\/wp-content\/uploads\/2019\/03\/04.png\">\n\n        <div class=\"nd_options_section nd_options_box_sizing_border_box\">\n            \n            <h3 class=\"nd_options_first_font  \" style=\"margin:10px 0px 0px 0px;color:;font-size:25px;line-height:25px\">Carl Orff Music Education Techniques<\/h3> \n             \n            \n\n        <\/div>\n\n    <\/div>\n\n  [\/vc_column][\/vc_row][vc_row full_width=&#8221;stretch_row_content_no_spaces&#8221; equal_height=&#8221;yes&#8221; content_placement=&#8221;middle&#8221; parallax=&#8221;content-moving&#8221; parallax_image=&#8221;1522&#8243; css=&#8221;.vc_custom_1551966646044{padding-top: 50px !important;padding-bottom: 50px !important;}&#8221;][vc_column css=&#8221;.vc_custom_1491985274415{padding-right: 30px !important;padding-left: 30px !important;}&#8221;]<div style=\"background-color:;height: 50px\" class=\"nicdark_section  \"><\/div> <h1 style=\"color:#ffffff;padding:px;text-align:center;font-size:px;line-height:px;letter-spacing: px;font-weight:bold\" class=\"   nd_options_first_font \">D\u00dcNYADAK\u0130 HER \u00c7OCUK B\u0130Z\u0130M MERKEZ\u0130M\u0130ZD\u0130R.<\/h1> <div style=\"background-color:;height: 100px\" class=\"nicdark_section  \"><\/div>[\/vc_column][\/vc_row][vc_row][vc_column]\n\n    <div class=\"nd_options_section nd_options_bg_white nd_options_border_radius_15  \">\n                                        \n        <div class=\"nd_options_section nd_options_box_sizing_border_box nd_options_padding_20 nd_options_text_align_center\">\n            \n            <img decoding=\"async\" alt=\"\" width=\"40\" src=\"\">\n            <div class=\"nd_options_section nd_options_height_5\"><\/div>\n            <h1 class=\"nd_options_font_size_40\">PROFESSIONAL SERVICES<\/h1>\n            <div class=\"nd_options_section nd_options_height_10\"><\/div>\n            <h4 class=\"nd_options_color_grey nd_options_font_size_12 nd_options_text_transform_uppercase nd_options_letter_spacing_3 nd_options_second_font nd_options_font_weight_lighter\"><\/h4>\n\n        <\/div>\n\n    <\/div>\n\n  [\/vc_column][\/vc_row][vc_row css=&#8221;.vc_custom_1553154963628{margin-bottom: 100px !important;}&#8221;][vc_column width=&#8221;1\/3&#8243;]<div style=\"background-color:;height: 10px\" class=\"nicdark_section  \"><\/div>\n\n    <div class=\"nd_options_section  nd_options_text_align_left \">\n\n        <img decoding=\"async\" style=\"margin-top:px\" alt=\"\" width=\"50\" src=\"https:\/\/soscocukkoyu.org\/wp-content\/uploads\/2019\/03\/01.png\">\n\n        <div class=\"nd_options_section nd_options_box_sizing_border_box\">\n            \n            <h3 class=\"nd_options_first_font  \" style=\"margin:10px 0px 0px 0px;color:#727475;font-size:25px;line-height:25px\">Developmental Psychologist<\/h3> \n            <p class=\"nd_options_second_font  \" style=\"margin:20px 0px;color:#a3a3a3;font-size:18px;line-height:28px\">It organizes and supports the in-service training of trainers. Prepare plans and programs for children and families. It works collectively on school, family and other fields to ensure that children's problems are resolved in a timely manner. Makes private and community open conferences, seminars and workshops for kindergarten parents.<\/p> \n            \n\n        <\/div>\n\n    <\/div>\n\n  [\/vc_column][vc_column width=&#8221;1\/3&#8243;]<div style=\"background-color:;height: 10px\" class=\"nicdark_section  \"><\/div>\n\n    <div class=\"nd_options_section  nd_options_text_align_left \">\n\n        <img decoding=\"async\" style=\"margin-top:px\" alt=\"\" width=\"50\" src=\"https:\/\/soscocukkoyu.org\/wp-content\/uploads\/2019\/03\/02.png\">\n\n        <div class=\"nd_options_section nd_options_box_sizing_border_box\">\n            \n            <h3 class=\"nd_options_first_font  \" style=\"margin:10px 0px 0px 0px;color:#727475;font-size:25px;line-height:25px\">Dietitian<\/h3> \n            <p class=\"nd_options_second_font  \" style=\"margin:20px 0px;color:#a3a3a3;font-size:18px;line-height:28px\">It prepares monthly food menus to ensure a healthy and balanced diet.<\/p> \n            \n\n        <\/div>\n\n    <\/div>\n\n  [\/vc_column][vc_column width=&#8221;1\/3&#8243;]<div style=\"background-color:;height: 10px\" class=\"nicdark_section  \"><\/div>\n\n    <div class=\"nd_options_section  nd_options_text_align_left \">\n\n        <img decoding=\"async\" style=\"margin-top:px\" alt=\"\" width=\"50\" src=\"https:\/\/soscocukkoyu.org\/wp-content\/uploads\/2019\/03\/03.png\">\n\n        <div class=\"nd_options_section nd_options_box_sizing_border_box\">\n            \n            <h3 class=\"nd_options_first_font  \" style=\"margin:10px 0px 0px 0px;color:#727475;font-size:25px;line-height:25px\">Training and Service Areas<\/h3> \n            <p class=\"nd_options_second_font  \" style=\"margin:20px 0px;color:#a3a3a3;font-size:18px;line-height:28px\">Art Room, Music room, Sleeping Areas, Kitchen, Outdoor Playgrounds<\/p> \n            \n\n        <\/div>\n\n    <\/div>\n\n  [\/vc_column][\/vc_row]<\/p>\n","protected":false},"excerpt":{"rendered":"<p>[vc_row equal_height=&#8221;yes&#8221; content_placement=&#8221;middle&#8221; css=&#8221;.vc_custom_1552304919020{margin-top: 50px !important;}&#8221;][vc_column parallax=&#8221;content-moving&#8221; parallax_image=&#8221;1521&#8243; width=&#8221;2\/3&#8243; css=&#8221;.vc_custom_1551966045511{padding-top: 100px !important;padding-bottom: 100px !important;}&#8221;][\/vc_column][vc_column parallax=&#8221;content-moving&#8221; parallax_image=&#8221;1503&#8243; width=&#8221;1\/3&#8243; css=&#8221;.vc_custom_1551955572171{padding-top: 100px !important;padding-bottom: 100px !important;background-color: #009ee0 !important;background-position: center !important;background-repeat: no-repeat !important;background-size: contain !important;}&#8221;][vc_icon type=&#8221;material&#8221; icon_material=&#8221;vc-material vc-material-format_quote&#8221; color=&#8221;white&#8221; size=&#8221;xl&#8221; align=&#8221;center&#8221;][vc_column_text] We discovered that education is not something which the teacher does, but that it is a natural process which [&hellip;]<\/p>\n","protected":false},"author":1,"featured_media":0,"parent":0,"menu_order":0,"comment_status":"closed","ping_status":"closed","template":"","meta":{"h5ap_radio_sources":[],"footnotes":""},"class_list":["post-1246","page","type-page","status-publish","hentry"],"_links":{"self":[{"href":"https:\/\/soscocukkoyu.org\/en\/wp-json\/wp\/v2\/pages\/1246","targetHints":{"allow":["GET"]}}],"collection":[{"href":"https:\/\/soscocukkoyu.org\/en\/wp-json\/wp\/v2\/pages"}],"about":[{"href":"https:\/\/soscocukkoyu.org\/en\/wp-json\/wp\/v2\/types\/page"}],"author":[{"embeddable":true,"href":"https:\/\/soscocukkoyu.org\/en\/wp-json\/wp\/v2\/users\/1"}],"replies":[{"embeddable":true,"href":"https:\/\/soscocukkoyu.org\/en\/wp-json\/wp\/v2\/comments?post=1246"}],"version-history":[{"count":10,"href":"https:\/\/soscocukkoyu.org\/en\/wp-json\/wp\/v2\/pages\/1246\/revisions"}],"predecessor-version":[{"id":8540,"href":"https:\/\/soscocukkoyu.org\/en\/wp-json\/wp\/v2\/pages\/1246\/revisions\/8540"}],"wp:attachment":[{"href":"https:\/\/soscocukkoyu.org\/en\/wp-json\/wp\/v2\/media?parent=1246"}],"curies":[{"name":"wp","href":"https:\/\/api.w.org\/{rel}","templated":true}]}}