{"id":14,"date":"2017-04-10T13:04:09","date_gmt":"2017-04-10T13:04:09","guid":{"rendered":"http:\/\/www.nicdarkthemes.com\/themes\/charity\/wp\/demo\/charity\/?page_id=14"},"modified":"2022-12-06T12:19:10","modified_gmt":"2022-12-06T09:19:10","slug":"iletisim","status":"publish","type":"page","link":"https:\/\/soscocukkoyu.org\/en\/iletisim\/","title":{"rendered":"Contact Us"},"content":{"rendered":"<p>[vc_row][vc_column]<div style=\"background-color:;height: 50px\" class=\"nicdark_section  \"><\/div> <h1 style=\"color:#00aeef;padding:px;text-align:center;font-size:32px;line-height:px;letter-spacing: px;font-weight:bold\" class=\" nd_options_underline_effect nd_options_underline_effect_539  nd_options_first_font \">NICOSIA<\/h1> <div style=\"background-color:;height: 5px\" class=\"nicdark_section  \"><\/div>[vc_zigzag el_width=&#8221;50&#8243; el_border_width=&#8221;10&#8243;]<div style=\"background-color:;height: 5px\" class=\"nicdark_section  \"><\/div><div style=\"background-color:;height: 50px\" class=\"nicdark_section  \"><\/div>[\/vc_column][\/vc_row][vc_row full_width=&#8221;stretch_row_content_no_spaces&#8221; gap=&#8221;5&#8243; equal_height=&#8221;yes&#8221; content_placement=&#8221;top&#8221;][vc_column width=&#8221;1\/2&#8243; css=&#8221;.vc_custom_1551774388363{padding-right: 20px !important;padding-left: 20px !important;}&#8221;][vc_row_inner][vc_column_inner css=&#8221;.vc_custom_1551774481147{margin-top: 10px !important;}&#8221;][vc_column_text]<\/p>\n<h3 style=\"color: #00aeef; text-align: center;\">SOS Children\u2019s Village Association<\/h3>\n<p>[\/vc_column_text]<div style=\"background-color:;height: 5px\" class=\"nicdark_section  \"><\/div>\n\n\n  <div class=\"nd_options_section  nd_options_display_table \">\n    <div class=\"nd_options_display_table_cell nd_options_vertical_align_middle nd_options_width_50_percentage nd_options_text_align_left nd_options_padding_10 nd_options_box_sizing_border_box\">\n      <p class=\"  nd_options_margin_0 nd_options_padding_0\" style=\"color:#727475\">National Office Phone:<\/p>\n    <\/div>\n    <div class=\"nd_options_display_table_cell nd_options_vertical_align_middle nd_options_width_50_percentage nd_options_text_align_right nd_options_padding_10 nd_options_box_sizing_border_box\">\n      <p class=\"  nd_options_margin_0 nd_options_padding_0\" style=\"color:#a3a3a3\">+90 392 225 51 19<\/p>\n    <\/div>\n  <\/div>\n\n\n   <div style=\"background-color:#f1f1f1;height: 1px\" class=\"nicdark_section  \"><\/div>\n\n\n  <div class=\"nd_options_section  nd_options_display_table \">\n    <div class=\"nd_options_display_table_cell nd_options_vertical_align_middle nd_options_width_50_percentage nd_options_text_align_left nd_options_padding_10 nd_options_box_sizing_border_box\">\n      <p class=\"  nd_options_margin_0 nd_options_padding_0\" style=\"color:#727475\">Email:<\/p>\n    <\/div>\n    <div class=\"nd_options_display_table_cell nd_options_vertical_align_middle nd_options_width_50_percentage nd_options_text_align_right nd_options_padding_10 nd_options_box_sizing_border_box\">\n      <p class=\"  nd_options_margin_0 nd_options_padding_0\" style=\"color:#a3a3a3\">info@soscocukkoyu.org<\/p>\n    <\/div>\n  <\/div>\n\n\n   <div style=\"background-color:#f1f1f1;height: 1px\" class=\"nicdark_section  \"><\/div>\n\n\n  <div class=\"nd_options_section  nd_options_display_table \">\n    <div class=\"nd_options_display_table_cell nd_options_vertical_align_middle nd_options_width_50_percentage nd_options_text_align_left nd_options_padding_10 nd_options_box_sizing_border_box\">\n      <p class=\"  nd_options_margin_0 nd_options_padding_0\" style=\"color:#727475\">Email for job application:<\/p>\n    <\/div>\n    <div class=\"nd_options_display_table_cell nd_options_vertical_align_middle nd_options_width_50_percentage nd_options_text_align_right nd_options_padding_10 nd_options_box_sizing_border_box\">\n      <p class=\"  nd_options_margin_0 nd_options_padding_0\" style=\"color:#a3a3a3\">ik@soscocukkoyu.org<\/p>\n    <\/div>\n  <\/div>\n\n\n   <div style=\"background-color:#f1f1f1;height: 1px\" class=\"nicdark_section  \"><\/div>\n\n\n  <div class=\"nd_options_section  nd_options_display_table \">\n    <div class=\"nd_options_display_table_cell nd_options_vertical_align_middle nd_options_width_50_percentage nd_options_text_align_left nd_options_padding_10 nd_options_box_sizing_border_box\">\n      <p class=\"  nd_options_margin_0 nd_options_padding_0\" style=\"color:#727475\">Address:<\/p>\n    <\/div>\n    <div class=\"nd_options_display_table_cell nd_options_vertical_align_middle nd_options_width_50_percentage nd_options_text_align_right nd_options_padding_10 nd_options_box_sizing_border_box\">\n      <p class=\"  nd_options_margin_0 nd_options_padding_0\" style=\"color:#a3a3a3\">Dr Faz\u0131l K\u00fc\u00e7\u00fck Bulvar\u0131, Hazar Sokak No:21 Lefko\u015fa, KKTC<\/p>\n    <\/div>\n  <\/div>\n\n\n   <div style=\"background-color:#f1f1f1;height: 1px\" class=\"nicdark_section  \"><\/div>[\/vc_column_inner][\/vc_row_inner][vc_row_inner css=&#8221;.vc_custom_1551773912596{margin-top: 25px !important;}&#8221;][vc_column_inner][vc_column_text css=&#8221;.vc_custom_1553082087517{padding-top: 25px !important;}&#8221;]<\/p>\n<h3 style=\"color: #00aeef; text-align: center;\">Program Units<\/h3>\n<p>[\/vc_column_text]<div style=\"background-color:;height: 5px\" class=\"nicdark_section  \"><\/div>\n\n\n  <div class=\"nd_options_section  nd_options_display_table \">\n    <div class=\"nd_options_display_table_cell nd_options_vertical_align_middle nd_options_width_50_percentage nd_options_text_align_left nd_options_padding_10 nd_options_box_sizing_border_box\">\n      <p class=\"  nd_options_margin_0 nd_options_padding_0\" style=\"color:#727475\">SOS Children\u2019s Village (Phone):<\/p>\n    <\/div>\n    <div class=\"nd_options_display_table_cell nd_options_vertical_align_middle nd_options_width_50_percentage nd_options_text_align_right nd_options_padding_10 nd_options_box_sizing_border_box\">\n      <p class=\"  nd_options_margin_0 nd_options_padding_0\" style=\"color:#a3a3a3\">+90 392 225 43 18<\/p>\n    <\/div>\n  <\/div>\n\n\n   <div style=\"background-color:#f1f1f1;height: 1px\" class=\"nicdark_section  \"><\/div>\n\n\n  <div class=\"nd_options_section  nd_options_display_table \">\n    <div class=\"nd_options_display_table_cell nd_options_vertical_align_middle nd_options_width_50_percentage nd_options_text_align_left nd_options_padding_10 nd_options_box_sizing_border_box\">\n      <p class=\"  nd_options_margin_0 nd_options_padding_0\" style=\"color:#727475\">SOS Children\u2019s Village (Fax):<\/p>\n    <\/div>\n    <div class=\"nd_options_display_table_cell nd_options_vertical_align_middle nd_options_width_50_percentage nd_options_text_align_right nd_options_padding_10 nd_options_box_sizing_border_box\">\n      <p class=\"  nd_options_margin_0 nd_options_padding_0\" style=\"color:#a3a3a3\">+90 392 225 71 19<\/p>\n    <\/div>\n  <\/div>\n\n\n   <div style=\"background-color:#f1f1f1;height: 1px\" class=\"nicdark_section  \"><\/div>[\/vc_column_inner][\/vc_row_inner][vc_row_inner][vc_column_inner]<div style=\"background-color:;height: 5px\" class=\"nicdark_section  \"><\/div>\n\n\n  <div class=\"nd_options_section  nd_options_display_table \">\n    <div class=\"nd_options_display_table_cell nd_options_vertical_align_middle nd_options_width_50_percentage nd_options_text_align_left nd_options_padding_10 nd_options_box_sizing_border_box\">\n      <p class=\"  nd_options_margin_0 nd_options_padding_0\" style=\"color:#727475\">SOS Kindergarten (Phone):<\/p>\n    <\/div>\n    <div class=\"nd_options_display_table_cell nd_options_vertical_align_middle nd_options_width_50_percentage nd_options_text_align_right nd_options_padding_10 nd_options_box_sizing_border_box\">\n      <p class=\"  nd_options_margin_0 nd_options_padding_0\" style=\"color:#a3a3a3\">+90 392 225 23 65<\/p>\n    <\/div>\n  <\/div>\n\n\n   <div style=\"background-color:#f1f1f1;height: 1px\" class=\"nicdark_section  \"><\/div>[\/vc_column_inner][\/vc_row_inner][vc_row_inner][vc_column_inner]<div style=\"background-color:;height: 5px\" class=\"nicdark_section  \"><\/div>\n\n\n  <div class=\"nd_options_section  nd_options_display_table \">\n    <div class=\"nd_options_display_table_cell nd_options_vertical_align_middle nd_options_width_50_percentage nd_options_text_align_left nd_options_padding_10 nd_options_box_sizing_border_box\">\n      <p class=\"  nd_options_margin_0 nd_options_padding_0\" style=\"color:#727475\">Family Strengthening Project (Phone):<\/p>\n    <\/div>\n    <div class=\"nd_options_display_table_cell nd_options_vertical_align_middle nd_options_width_50_percentage nd_options_text_align_right nd_options_padding_10 nd_options_box_sizing_border_box\">\n      <p class=\"  nd_options_margin_0 nd_options_padding_0\" style=\"color:#a3a3a3\">+90 392 225 20 27<\/p>\n    <\/div>\n  <\/div>\n\n\n   <div style=\"background-color:#f1f1f1;height: 1px\" class=\"nicdark_section  \"><\/div>\n\n\n  <div class=\"nd_options_section  nd_options_display_table \">\n    <div class=\"nd_options_display_table_cell nd_options_vertical_align_middle nd_options_width_50_percentage nd_options_text_align_left nd_options_padding_10 nd_options_box_sizing_border_box\">\n      <p class=\"  nd_options_margin_0 nd_options_padding_0\" style=\"color:#727475\">Donation and Support (Phone):<\/p>\n    <\/div>\n    <div class=\"nd_options_display_table_cell nd_options_vertical_align_middle nd_options_width_50_percentage nd_options_text_align_right nd_options_padding_10 nd_options_box_sizing_border_box\">\n      <p class=\"  nd_options_margin_0 nd_options_padding_0\" style=\"color:#a3a3a3\">+90 392 225 70 17<\/p>\n    <\/div>\n  <\/div>\n\n\n   <div style=\"background-color:#f1f1f1;height: 1px\" class=\"nicdark_section  \"><\/div>[\/vc_column_inner][\/vc_row_inner][\/vc_column][vc_column width=&#8221;1\/2&#8243;]<div style=\"background-color:;height: 20px\" class=\"nicdark_section  \"><\/div>[vc_gmaps link=&#8221;#E-8_JTNDaWZyYW1lJTIwc3JjJTNEJTIyaHR0cHMlM0ElMkYlMkZ3d3cuZ29vZ2xlLmNvbSUyRm1hcHMlMkZlbWJlZCUzRnBiJTNEJTIxMW0xOCUyMTFtMTIlMjExbTMlMjExZDMyNTkuOTA1NTI0Mjk1MTA4NSUyMTJkMzMuMzU3ODIzMjE1NjAzMjglMjEzZDM1LjIwODgyMjE2MzM0MTM5JTIxMm0zJTIxMWYwJTIxMmYwJTIxM2YwJTIxM20yJTIxMWkxMDI0JTIxMmk3NjglMjE0ZjEzLjElMjEzbTMlMjExbTIlMjExczB4MTRkZTE2ZGE3NjNlZTAzNSUyNTNBMHg1OTVhMDY4M2RmYjQ0ZWEyJTIxMnNTT1MlMkJDaGlsZHJlbiUyNiUyMzM5JTNCcyUyQlZpbGxhZ2UlMjE1ZTAlMjEzbTIlMjExc2VuJTIxMnN1cyUyMTR2MTU1MTc3ODQ5NjU3NiUyMiUyMHdpZHRoJTNEJTIyMTAwJTI1JTIyJTIwaGVpZ2h0JTNEJTIyNjUwJTIyJTIwZnJhbWVib3JkZXIlM0QlMjIwJTIyJTIwc3R5bGUlM0QlMjJib3JkZXIlM0EwJTIyJTIwYWxsb3dmdWxsc2NyZWVuJTNFJTNDJTJGaWZyYW1lJTNF&#8221;]<div style=\"background-color:;height: 20px\" class=\"nicdark_section  \"><\/div>[\/vc_column][\/vc_row][vc_row][vc_column]<div style=\"background-color:;height: 50px\" class=\"nicdark_section  \"><\/div> <h1 style=\"color:#009ee0;padding:px;text-align:center;font-size:32px;line-height:px;letter-spacing: px;font-weight:bold\" class=\" nd_options_underline_effect nd_options_underline_effect_667  nd_options_first_font \">KYRENIA<\/h1> <div style=\"background-color:;height: 5px\" class=\"nicdark_section  \"><\/div>[vc_zigzag el_width=&#8221;50&#8243; el_border_width=&#8221;10&#8243;]<div style=\"background-color:;height: 5px\" class=\"nicdark_section  \"><\/div><div style=\"background-color:;height: 50px\" class=\"nicdark_section  \"><\/div>[\/vc_column][\/vc_row][vc_row full_width=&#8221;stretch_row_content_no_spaces&#8221; gap=&#8221;5&#8243; equal_height=&#8221;yes&#8221; content_placement=&#8221;middle&#8221; css=&#8221;.vc_custom_1653973867730{margin-bottom: 50px !important;}&#8221;][vc_column width=&#8221;1\/2&#8243; css=&#8221;.vc_custom_1467214267244{padding-top: 10px !important;padding-bottom: 10px !important;}&#8221;]<div style=\"background-color:;height: 20px\" class=\"nicdark_section  \"><\/div>[vc_gmaps link=&#8221;#E-8_JTNDaWZyYW1lJTIwc3JjJTNEJTIyaHR0cHMlM0ElMkYlMkZ3d3cuZ29vZ2xlLmNvbSUyRm1hcHMlMkZlbWJlZCUzRnBiJTNEJTIxMW0xOCUyMTFtMTIlMjExbTMlMjExZDMyNTQuODE0MDI4MTA4ODU3NyUyMTJkMzMuMzA1MDQ2MzE1NjA1NjUlMjEzZDM1LjMzNTQzOTM1NjQ2NTAxJTIxMm0zJTIxMWYwJTIxMmYwJTIxM2YwJTIxM20yJTIxMWkxMDI0JTIxMmk3NjglMjE0ZjEzLjElMjEzbTMlMjExbTIlMjExczB4MTRkZTEzOWM3NGUyMTBmOSUyNTNBMHhhYmU4ZDI3ZjNiZDI2YTQ4JTIxMnNHJTI1QzQlMjVCMEdFTSUyQkdpcm5lJTJCR2VuJTI1QzMlMjVBN2xpayUyQkdlbGklMjVDNSUyNTlGaW0lMkJNZXJrZXppJTIxNWUwJTIxM20yJTIxMXN0ciUyMTJzJTIxNHYxNTUxMzY1MjcxNjI1JTIyJTIwd2lkdGglM0QlMjIxMDAlMjUlMjIlMjBoZWlnaHQlM0QlMjI2NTAlMjIlMjBmcmFtZWJvcmRlciUzRCUyMjAlMjIlMjBzdHlsZSUzRCUyMmJvcmRlciUzQTAlMjIlMjBhbGxvd2Z1bGxzY3JlZW4lM0UlM0MlMkZpZnJhbWUlM0U=&#8221;]<div style=\"background-color:;height: 20px\" class=\"nicdark_section  \"><\/div>[\/vc_column][vc_column width=&#8221;1\/2&#8243; css=&#8221;.vc_custom_1551774369726{padding-right: 20px !important;padding-left: 20px !important;}&#8221;][vc_row_inner][vc_column_inner][vc_column_text css=&#8221;.vc_custom_1553082215487{padding-top: 25px !important;}&#8221;]<\/p>\n<h3 style=\"color: #0099e0; text-align: center;\">Kyrenia Youth Center (GIGEM)<\/h3>\n<p>[\/vc_column_text]<div style=\"background-color:;height: 5px\" class=\"nicdark_section  \"><\/div>\n\n\n  <div class=\"nd_options_section  nd_options_display_table \">\n    <div class=\"nd_options_display_table_cell nd_options_vertical_align_middle nd_options_width_50_percentage nd_options_text_align_left nd_options_padding_10 nd_options_box_sizing_border_box\">\n      <p class=\"  nd_options_margin_0 nd_options_padding_0\" style=\"color:#727475\">Phone:<\/p>\n    <\/div>\n    <div class=\"nd_options_display_table_cell nd_options_vertical_align_middle nd_options_width_50_percentage nd_options_text_align_right nd_options_padding_10 nd_options_box_sizing_border_box\">\n      <p class=\"  nd_options_margin_0 nd_options_padding_0\" style=\"color:#a3a3a3\">+90 392 815 07 68<\/p>\n    <\/div>\n  <\/div>\n\n\n   <div style=\"background-color:#f1f1f1;height: 1px\" class=\"nicdark_section  \"><\/div>\n\n\n  <div class=\"nd_options_section  nd_options_display_table \">\n    <div class=\"nd_options_display_table_cell nd_options_vertical_align_middle nd_options_width_50_percentage nd_options_text_align_left nd_options_padding_10 nd_options_box_sizing_border_box\">\n      <p class=\"  nd_options_margin_0 nd_options_padding_0\" style=\"color:#727475\">Phone:<\/p>\n    <\/div>\n    <div class=\"nd_options_display_table_cell nd_options_vertical_align_middle nd_options_width_50_percentage nd_options_text_align_right nd_options_padding_10 nd_options_box_sizing_border_box\">\n      <p class=\"  nd_options_margin_0 nd_options_padding_0\" style=\"color:#a3a3a3\">+90 548 830 04 60<\/p>\n    <\/div>\n  <\/div>\n\n\n   <div style=\"background-color:#f1f1f1;height: 1px\" class=\"nicdark_section  \"><\/div>\n\n\n  <div class=\"nd_options_section  nd_options_display_table \">\n    <div class=\"nd_options_display_table_cell nd_options_vertical_align_middle nd_options_width_50_percentage nd_options_text_align_left nd_options_padding_10 nd_options_box_sizing_border_box\">\n      <p class=\"  nd_options_margin_0 nd_options_padding_0\" style=\"color:#727475\">Address:<\/p>\n    <\/div>\n    <div class=\"nd_options_display_table_cell nd_options_vertical_align_middle nd_options_width_50_percentage nd_options_text_align_right nd_options_padding_10 nd_options_box_sizing_border_box\">\n      <p class=\"  nd_options_margin_0 nd_options_padding_0\" style=\"color:#a3a3a3\">Rauf Raif Denkta\u015f Caddesi, Girne<\/p>\n    <\/div>\n  <\/div>\n\n\n   [\/vc_column_inner][\/vc_row_inner][vc_row_inner css=&#8221;.vc_custom_1551774341516{margin-top: 25px !important;}&#8221;][vc_column_inner][vc_column_text css=&#8221;.vc_custom_1553082275286{padding-top: 25px !important;}&#8221;]<\/p>\n<h3 style=\"color: #0099e0; text-align: center;\">Youth Facility Kyrenia<\/h3>\n<p>[\/vc_column_text]<div style=\"background-color:;height: 5px\" class=\"nicdark_section  \"><\/div>\n\n\n  <div class=\"nd_options_section  nd_options_display_table \">\n    <div class=\"nd_options_display_table_cell nd_options_vertical_align_middle nd_options_width_50_percentage nd_options_text_align_left nd_options_padding_10 nd_options_box_sizing_border_box\">\n      <p class=\"  nd_options_margin_0 nd_options_padding_0\" style=\"color:#727475\">Phone:<\/p>\n    <\/div>\n    <div class=\"nd_options_display_table_cell nd_options_vertical_align_middle nd_options_width_50_percentage nd_options_text_align_right nd_options_padding_10 nd_options_box_sizing_border_box\">\n      <p class=\"  nd_options_margin_0 nd_options_padding_0\" style=\"color:#a3a3a3\">+90 392 815 64 66<\/p>\n    <\/div>\n  <\/div>\n\n\n   <div style=\"background-color:#f1f1f1;height: 1px\" class=\"nicdark_section  \"><\/div>\n\n\n  <div class=\"nd_options_section  nd_options_display_table \">\n    <div class=\"nd_options_display_table_cell nd_options_vertical_align_middle nd_options_width_50_percentage nd_options_text_align_left nd_options_padding_10 nd_options_box_sizing_border_box\">\n      <p class=\"  nd_options_margin_0 nd_options_padding_0\" style=\"color:#727475\">Address:<\/p>\n    <\/div>\n    <div class=\"nd_options_display_table_cell nd_options_vertical_align_middle nd_options_width_50_percentage nd_options_text_align_right nd_options_padding_10 nd_options_box_sizing_border_box\">\n      <p class=\"  nd_options_margin_0 nd_options_padding_0\" style=\"color:#a3a3a3\">Rauf Raif Denkta\u015f Caddesi, Girne<\/p>\n    <\/div>\n  <\/div>\n\n\n   <div style=\"background-color:;height: 1px\" class=\"nicdark_section  \"><\/div>\n\n\n  <div class=\"nd_options_section  nd_options_display_table \">\n    <div class=\"nd_options_display_table_cell nd_options_vertical_align_middle nd_options_width_50_percentage nd_options_text_align_left nd_options_padding_10 nd_options_box_sizing_border_box\">\n      <p class=\"  nd_options_margin_0 nd_options_padding_0\" style=\"color:\"><\/p>\n    <\/div>\n    <div class=\"nd_options_display_table_cell nd_options_vertical_align_middle nd_options_width_50_percentage nd_options_text_align_right nd_options_padding_10 nd_options_box_sizing_border_box\">\n      <p class=\"  nd_options_margin_0 nd_options_padding_0\" style=\"color:\"><\/p>\n    <\/div>\n  <\/div>\n\n\n   [\/vc_column_inner][\/vc_row_inner][\/vc_column][\/vc_row]<\/p>\n","protected":false},"excerpt":{"rendered":"<p>[vc_row][vc_column][vc_zigzag el_width=&#8221;50&#8243; el_border_width=&#8221;10&#8243;][\/vc_column][\/vc_row][vc_row full_width=&#8221;stretch_row_content_no_spaces&#8221; gap=&#8221;5&#8243; equal_height=&#8221;yes&#8221; content_placement=&#8221;top&#8221;][vc_column width=&#8221;1\/2&#8243; css=&#8221;.vc_custom_1551774388363{padding-right: 20px !important;padding-left: 20px !important;}&#8221;][vc_row_inner][vc_column_inner css=&#8221;.vc_custom_1551774481147{margin-top: 10px !important;}&#8221;][vc_column_text] SOS Children\u2019s Village Association [\/vc_column_text][\/vc_column_inner][\/vc_row_inner][vc_row_inner css=&#8221;.vc_custom_1551773912596{margin-top: 25px !important;}&#8221;][vc_column_inner][vc_column_text css=&#8221;.vc_custom_1553082087517{padding-top: 25px !important;}&#8221;] Program Units [\/vc_column_text][\/vc_column_inner][\/vc_row_inner][vc_row_inner][vc_column_inner][\/vc_column_inner][\/vc_row_inner][vc_row_inner][vc_column_inner][\/vc_column_inner][\/vc_row_inner][\/vc_column][vc_column width=&#8221;1\/2&#8243;][vc_gmaps link=&#8221;#E-8_JTNDaWZyYW1lJTIwc3JjJTNEJTIyaHR0cHMlM0ElMkYlMkZ3d3cuZ29vZ2xlLmNvbSUyRm1hcHMlMkZlbWJlZCUzRnBiJTNEJTIxMW0xOCUyMTFtMTIlMjExbTMlMjExZDMyNTkuOTA1NTI0Mjk1MTA4NSUyMTJkMzMuMzU3ODIzMjE1NjAzMjglMjEzZDM1LjIwODgyMjE2MzM0MTM5JTIxMm0zJTIxMWYwJTIxMmYwJTIxM2YwJTIxM20yJTIxMWkxMDI0JTIxMmk3NjglMjE0ZjEzLjElMjEzbTMlMjExbTIlMjExczB4MTRkZTE2ZGE3NjNlZTAzNSUyNTNBMHg1OTVhMDY4M2RmYjQ0ZWEyJTIxMnNTT1MlMkJDaGlsZHJlbiUyNiUyMzM5JTNCcyUyQlZpbGxhZ2UlMjE1ZTAlMjEzbTIlMjExc2VuJTIxMnN1cyUyMTR2MTU1MTc3ODQ5NjU3NiUyMiUyMHdpZHRoJTNEJTIyMTAwJTI1JTIyJTIwaGVpZ2h0JTNEJTIyNjUwJTIyJTIwZnJhbWVib3JkZXIlM0QlMjIwJTIyJTIwc3R5bGUlM0QlMjJib3JkZXIlM0EwJTIyJTIwYWxsb3dmdWxsc2NyZWVuJTNFJTNDJTJGaWZyYW1lJTNF&#8221;][\/vc_column][\/vc_row][vc_row][vc_column][vc_zigzag el_width=&#8221;50&#8243; el_border_width=&#8221;10&#8243;][\/vc_column][\/vc_row][vc_row full_width=&#8221;stretch_row_content_no_spaces&#8221; gap=&#8221;5&#8243; equal_height=&#8221;yes&#8221; content_placement=&#8221;middle&#8221; css=&#8221;.vc_custom_1653973867730{margin-bottom: 50px !important;}&#8221;][vc_column width=&#8221;1\/2&#8243; css=&#8221;.vc_custom_1467214267244{padding-top: 10px !important;padding-bottom: 10px !important;}&#8221;][vc_gmaps link=&#8221;#E-8_JTNDaWZyYW1lJTIwc3JjJTNEJTIyaHR0cHMlM0ElMkYlMkZ3d3cuZ29vZ2xlLmNvbSUyRm1hcHMlMkZlbWJlZCUzRnBiJTNEJTIxMW0xOCUyMTFtMTIlMjExbTMlMjExZDMyNTQuODE0MDI4MTA4ODU3NyUyMTJkMzMuMzA1MDQ2MzE1NjA1NjUlMjEzZDM1LjMzNTQzOTM1NjQ2NTAxJTIxMm0zJTIxMWYwJTIxMmYwJTIxM2YwJTIxM20yJTIxMWkxMDI0JTIxMmk3NjglMjE0ZjEzLjElMjEzbTMlMjExbTIlMjExczB4MTRkZTEzOWM3NGUyMTBmOSUyNTNBMHhhYmU4ZDI3ZjNiZDI2YTQ4JTIxMnNHJTI1QzQlMjVCMEdFTSUyQkdpcm5lJTJCR2VuJTI1QzMlMjVBN2xpayUyQkdlbGklMjVDNSUyNTlGaW0lMkJNZXJrZXppJTIxNWUwJTIxM20yJTIxMXN0ciUyMTJzJTIxNHYxNTUxMzY1MjcxNjI1JTIyJTIwd2lkdGglM0QlMjIxMDAlMjUlMjIlMjBoZWlnaHQlM0QlMjI2NTAlMjIlMjBmcmFtZWJvcmRlciUzRCUyMjAlMjIlMjBzdHlsZSUzRCUyMmJvcmRlciUzQTAlMjIlMjBhbGxvd2Z1bGxzY3JlZW4lM0UlM0MlMkZpZnJhbWUlM0U=&#8221;][\/vc_column][vc_column width=&#8221;1\/2&#8243; css=&#8221;.vc_custom_1551774369726{padding-right: 20px !important;padding-left: 20px !important;}&#8221;][vc_row_inner][vc_column_inner][vc_column_text css=&#8221;.vc_custom_1553082215487{padding-top: [&hellip;]<\/p>\n","protected":false},"author":1,"featured_media":0,"parent":0,"menu_order":0,"comment_status":"closed","ping_status":"closed","template":"","meta":{"h5ap_radio_sources":[],"footnotes":""},"class_list":["post-14","page","type-page","status-publish","hentry"],"_links":{"self":[{"href":"https:\/\/soscocukkoyu.org\/en\/wp-json\/wp\/v2\/pages\/14","targetHints":{"allow":["GET"]}}],"collection":[{"href":"https:\/\/soscocukkoyu.org\/en\/wp-json\/wp\/v2\/pages"}],"about":[{"href":"https:\/\/soscocukkoyu.org\/en\/wp-json\/wp\/v2\/types\/page"}],"author":[{"embeddable":true,"href":"https:\/\/soscocukkoyu.org\/en\/wp-json\/wp\/v2\/users\/1"}],"replies":[{"embeddable":true,"href":"https:\/\/soscocukkoyu.org\/en\/wp-json\/wp\/v2\/comments?post=14"}],"version-history":[{"count":15,"href":"https:\/\/soscocukkoyu.org\/en\/wp-json\/wp\/v2\/pages\/14\/revisions"}],"predecessor-version":[{"id":4084,"href":"https:\/\/soscocukkoyu.org\/en\/wp-json\/wp\/v2\/pages\/14\/revisions\/4084"}],"wp:attachment":[{"href":"https:\/\/soscocukkoyu.org\/en\/wp-json\/wp\/v2\/media?parent=14"}],"curies":[{"name":"wp","href":"https:\/\/api.w.org\/{rel}","templated":true}]}}