{"id":1560,"date":"2019-03-07T18:17:53","date_gmt":"2019-03-07T15:17:53","guid":{"rendered":"http:\/\/soscocukkoyu:8080\/?page_id=1560"},"modified":"2026-03-31T16:50:11","modified_gmt":"2026-03-31T14:50:11","slug":"tek-seferlik-bagis","status":"publish","type":"page","link":"https:\/\/soscocukkoyu.org\/en\/tek-seferlik-bagis\/","title":{"rendered":"One Time Donation"},"content":{"rendered":"<p>[vc_row content_placement=&#8221;middle&#8221;][vc_column]\n\n    <div class=\"nd_options_section nd_options_bg_white nd_options_border_radius_15  \">\n                                        \n        <div class=\"nd_options_section nd_options_box_sizing_border_box nd_options_padding_20 nd_options_text_align_center\">\n            \n            <img decoding=\"async\" alt=\"\" width=\"40\" src=\"\">\n            <div class=\"nd_options_section nd_options_height_5\"><\/div>\n            <h1 class=\"nd_options_font_size_40\">CASH DONATION OR IN-KIND DONATION<\/h1>\n            <div class=\"nd_options_section nd_options_height_10\"><\/div>\n            <h4 class=\"nd_options_color_grey nd_options_font_size_12 nd_options_text_transform_uppercase nd_options_letter_spacing_3 nd_options_second_font nd_options_font_weight_lighter\"><\/h4>\n\n        <\/div>\n\n    <\/div>\n\n  <div style=\"background-color:;height: 15px\" class=\"nicdark_section  \"><\/div>[vc_column_text]<\/p>\n<p style=\"text-align: left;\">You can make donations in cash or in kind to our Children&#8217;s Village in Nicosia or Youth House in Kyrenia. Cash and in kind donations are received by our staff in return for a donation receipt.\u00a0 In order to donate in kind, we request you to obtain the current needs list of our association on +90548 830 04 59 \/ 225 70 17 or info@soscocukkoyu.org. In both of our facilities your sacrifice donations are received by our staff in return for a donation receipt after they have been weighed. You can bring your sacrificial donations to our facilities after they have been cut and cleaned. Hand-to-hand donations can be made to our facilities between 08:00 am and 19:00 pm.<\/p>\n<p>[\/vc_column_text]<div style=\"background-color:;height: 15px\" class=\"nicdark_section  \"><\/div>[\/vc_column][\/vc_row][vc_row content_placement=&#8221;middle&#8221;][vc_column]\n\n    <div class=\"nd_options_section nd_options_bg_white nd_options_border_radius_15  \">\n                                        \n        <div class=\"nd_options_section nd_options_box_sizing_border_box nd_options_padding_20 nd_options_text_align_center\">\n            \n            <img decoding=\"async\" alt=\"\" width=\"40\" src=\"\">\n            <div class=\"nd_options_section nd_options_height_5\"><\/div>\n            <h1 class=\"nd_options_font_size_40\">DONATION THROUGH BANK<\/h1>\n            <div class=\"nd_options_section nd_options_height_10\"><\/div>\n            <h4 class=\"nd_options_color_grey nd_options_font_size_12 nd_options_text_transform_uppercase nd_options_letter_spacing_3 nd_options_second_font nd_options_font_weight_lighter\"><\/h4>\n\n        <\/div>\n\n    <\/div>\n\n  <div style=\"background-color:;height: 15px\" class=\"nicdark_section  \"><\/div>[vc_column_text]<\/p>\n<p style=\"text-align: left;\">Our Association has donation accounts in six banks.<\/p>\n<p>[\/vc_column_text]<div style=\"background-color:;height: 15px\" class=\"nicdark_section  \"><\/div>[\/vc_column][\/vc_row][vc_row content_placement=&#8221;middle&#8221;][vc_column][vc_tta_accordion style=&#8221;flat&#8221; shape=&#8221;square&#8221; active_section=&#8221;123&#8243; no_fill=&#8221;true&#8221;][vc_tta_section title=&#8221;Limasol T\u00fcrk Kooperatif Bankas\u0131&#8221; tab_id=&#8221;limasol-turk-koop-bank6f67-2589&#8243;][vc_column_text]<\/p>\n<table width=\"927\">\n<tbody>\n<tr>\n<td width=\"237\">BANK ACCOUNT<\/td>\n<td width=\"302\">UBAN NO<\/td>\n<td width=\"388\">ACCOUNT NAME<\/td>\n<\/tr>\n<tr>\n<td width=\"237\">10-301-0001740074\u00a0\u00a0 (EUR)<\/td>\n<td width=\"302\">CT26 1230 2910 0103 0100 0174 0074<\/td>\n<td width=\"388\">KKTC SOS-\u00c7OCUKK\u00d6Y\u00dc DERNE\u011e\u0130<\/td>\n<\/tr>\n<tr>\n<td width=\"237\">10-301-0001700694\u00a0\u00a0 (STG)<\/td>\n<td width=\"302\">CT69 1230 2910 0103 0100\u00a0 0170 0694<\/td>\n<td width=\"388\">KKTC SOS-\u00c7OCUKK\u00d6Y\u00dc DERNE\u011e\u0130<\/td>\n<\/tr>\n<tr>\n<td width=\"237\">10-301-0001710164\u00a0\u00a0 (USD)<\/td>\n<td width=\"302\">CT71 1230 2910 0103 0100 0171 0164<\/td>\n<td width=\"388\">KKTC SOS-\u00c7OCUKK\u00d6Y\u00dc DERNE\u011e\u0130<\/td>\n<\/tr>\n<tr>\n<td width=\"237\">10-304-0001600318\u00a0\u00a0\u00a0 (TL)<\/td>\n<td width=\"302\">CT49 1230 2910 0103 0400 0160 0318<\/td>\n<td width=\"388\">KKTC SOS- \u00c7OCUKK\u00d6Y\u00dc DERNE\u011e\u0130<\/td>\n<\/tr>\n<\/tbody>\n<\/table>\n<p>[\/vc_column_text][\/vc_tta_section][vc_tta_section title=&#8221;T\u00fcrk Bankas\u0131&#8221; tab_id=&#8221;turk-bankasi6f67-2589&#8243;][vc_column_text]<\/p>\n<table width=\"927\">\n<tbody>\n<tr>\n<td width=\"237\">BANK ACCOUNT<\/td>\n<td width=\"302\">UBAN NO<\/td>\n<td width=\"388\">ACCOUNT NAME<\/td>\n<\/tr>\n<tr>\n<td width=\"237\">0005848733\u00a0\u00a0 (TL)<\/td>\n<td width=\"302\">CT56 1210 1924 0000 0000 0584 8733<\/td>\n<td width=\"388\">K.K.T.C SOS COCUK KOYU DERNEGI<\/td>\n<\/tr>\n<tr>\n<td width=\"237\">0007092674\u00a0\u00a0 (STG)<\/td>\n<td width=\"302\">CT93 1210 1924 0000 0000 0709 2674<\/td>\n<td width=\"388\">K.K.T.C SOS COCUK KOYU DERNEGI<\/td>\n<\/tr>\n<\/tbody>\n<\/table>\n<p>[\/vc_column_text][\/vc_tta_section][vc_tta_section title=&#8221;Kooperatif Merkez Bankas\u0131&#8221; tab_id=&#8221;koop-merkez-bank6f67-2589&#8243;][vc_column_text]<\/p>\n<table width=\"927\">\n<tbody>\n<tr>\n<td width=\"237\">BANK ACCOUNT<\/td>\n<td width=\"302\">UBAN NO<\/td>\n<td width=\"388\">ACCOUNT NAME<\/td>\n<\/tr>\n<tr>\n<td width=\"237\">10-304-0000127045 (TL)<\/td>\n<td width=\"302\">CT85 1200 0010 0000 0000 0012 7045<\/td>\n<td width=\"388\">KKTC SOS \u00c7OCUKK\u00d6Y\u00dc DERNE\u011e\u0130<\/td>\n<\/tr>\n<\/tbody>\n<\/table>\n<p>[\/vc_column_text][\/vc_tta_section][vc_tta_section title=&#8221;Creditwest Bankas\u0131&#8221; tab_id=&#8221;creditwest-bank6f67-2589&#8243;][vc_column_text]<\/p>\n<table width=\"927\">\n<tbody>\n<tr>\n<td width=\"237\">BANK ACCOUNT<\/td>\n<td width=\"302\">UBAN NO<\/td>\n<td width=\"388\">ACCOUNT NAME<\/td>\n<\/tr>\n<tr>\n<td width=\"237\">15-304-0000000685\u00a0\u00a0 (TL)<\/td>\n<td width=\"302\">CT20136004150153040000000685<\/td>\n<td width=\"388\">KKTC SOS \u00c7OCUKK\u00d6Y\u00dc<\/td>\n<\/tr>\n<\/tbody>\n<\/table>\n<p>[\/vc_column_text][\/vc_tta_section][vc_tta_section title=&#8221;Albank&#8221; tab_id=&#8221;albank6f67-2589&#8243;][vc_column_text]<\/p>\n<table width=\"927\">\n<tbody>\n<tr>\n<td width=\"237\">BANK ACCOUNT<\/td>\n<td width=\"302\">UBAN NO<\/td>\n<td width=\"388\">ACCOUNT NAME<\/td>\n<\/tr>\n<tr>\n<td width=\"237\">9010-18802673-351 (TL)<\/td>\n<td width=\"302\">CT22152090100000002500387336<\/td>\n<td width=\"388\">KKTC SOS \u00c7OCUKK\u00d6Y\u00dc DERNE\u011e\u0130<\/td>\n<\/tr>\n<\/tbody>\n<\/table>\n<p>[\/vc_column_text][\/vc_tta_section][vc_tta_section title=&#8221;Garanti Bankas\u0131&#8221; tab_id=&#8221;garanti-bankasi&#8221;][vc_column_text]<\/p>\n<table width=\"927\">\n<tbody>\n<tr>\n<td width=\"237\">BANK ACCOUNT<\/td>\n<td width=\"302\">IBAN NO<\/td>\n<td width=\"388\">ACCOUNT NAME<\/td>\n<\/tr>\n<tr>\n<td width=\"237\">493-6294366 (TL)<\/td>\n<td width=\"302\">TR52 0006 2000 4930 0006 2943 66<\/td>\n<td width=\"388\">KKTC SOS \u00c7OCUKK\u00d6Y\u00dc DERNE\u011e\u0130<\/td>\n<\/tr>\n<tr>\n<td width=\"237\">493-9072022 (USD)<\/td>\n<td width=\"302\">TR54 0006 2000 4930 0009 0720 22<\/td>\n<td width=\"388\">KKTC SOS \u00c7OCUKK\u00d6Y\u00dc DERNE\u011e\u0130<\/td>\n<\/tr>\n<tr>\n<td width=\"237\">493-9072023 (EURO)<\/td>\n<td width=\"302\">TR27 0006 2000 4930 0009 0720 23<\/td>\n<td width=\"388\">KKTC SOS \u00c7OCUKK\u00d6Y\u00dc DERNE\u011e\u0130<\/td>\n<\/tr>\n<\/tbody>\n<\/table>\n<p>[\/vc_column_text][\/vc_tta_section][\/vc_tta_accordion][\/vc_column][\/vc_row][vc_row content_placement=&#8221;middle&#8221;][vc_column]\n\n    <div class=\"nd_options_section nd_options_bg_white nd_options_border_radius_15  \">\n                                        \n        <div class=\"nd_options_section nd_options_box_sizing_border_box nd_options_padding_20 nd_options_text_align_center\">\n            \n            <img decoding=\"async\" alt=\"\" width=\"40\" src=\"\">\n            <div class=\"nd_options_section nd_options_height_5\"><\/div>\n            <h1 class=\"nd_options_font_size_40\">SMS<\/h1>\n            <div class=\"nd_options_section nd_options_height_10\"><\/div>\n            <h4 class=\"nd_options_color_grey nd_options_font_size_12 nd_options_text_transform_uppercase nd_options_letter_spacing_3 nd_options_second_font nd_options_font_weight_lighter\"><\/h4>\n\n        <\/div>\n\n    <\/div>\n\n  <div style=\"background-color:;height: 15px\" class=\"nicdark_section  \"><\/div>[vc_column_text]<\/p>\n<p style=\"text-align: left;\">You can donate a 35 TL one-time donation to our association by sending SOS to 4120 in our campaign which is valid for the postpaid line users of both operators. Your donation will be added on your mobile phone.<\/p>\n<p>[\/vc_column_text]<div style=\"background-color:;height: 15px\" class=\"nicdark_section  \"><\/div>[\/vc_column][\/vc_row][vc_row content_placement=&#8221;middle&#8221;][vc_column]\n\n    <div class=\"nd_options_section nd_options_bg_white nd_options_border_radius_15  \">\n                                        \n        <div class=\"nd_options_section nd_options_box_sizing_border_box nd_options_padding_20 nd_options_text_align_center\">\n            \n            <img decoding=\"async\" alt=\"\" width=\"40\" src=\"\">\n            <div class=\"nd_options_section nd_options_height_5\"><\/div>\n            <h1 class=\"nd_options_font_size_40\">ONLINE DONATION<\/h1>\n            <div class=\"nd_options_section nd_options_height_10\"><\/div>\n            <h4 class=\"nd_options_color_grey nd_options_font_size_12 nd_options_text_transform_uppercase nd_options_letter_spacing_3 nd_options_second_font nd_options_font_weight_lighter\"><\/h4>\n\n        <\/div>\n\n    <\/div>\n\n  <div style=\"background-color:;height: 15px\" class=\"nicdark_section  \"><\/div>[vc_column_text]<\/p>\n<p style=\"text-align: left;\">You can donate online to our association by clicking on \u2019Donate Now\u2019 button on our website. <a href=\"\/en\/bagis-yap\">Click<\/a> for online page.<\/p>\n<p>[\/vc_column_text]<div style=\"background-color:;height: 15px\" class=\"nicdark_section  \"><\/div>[\/vc_column][\/vc_row][vc_row][vc_column]<div style=\"background-color:;height: 50px\" class=\"nicdark_section  \"><\/div>[\/vc_column][\/vc_row]<\/p>\n","protected":false},"excerpt":{"rendered":"<p>[vc_row content_placement=&#8221;middle&#8221;][vc_column][vc_column_text] You can make donations in cash or in kind to our Children&#8217;s Village in Nicosia or Youth House in Kyrenia. Cash and in kind donations are received by our staff in return for a donation receipt.\u00a0 In order to donate in kind, we request you to obtain the current needs list of our [&hellip;]<\/p>\n","protected":false},"author":1,"featured_media":0,"parent":0,"menu_order":0,"comment_status":"closed","ping_status":"closed","template":"","meta":{"h5ap_radio_sources":[],"footnotes":""},"class_list":["post-1560","page","type-page","status-publish","hentry"],"_links":{"self":[{"href":"https:\/\/soscocukkoyu.org\/en\/wp-json\/wp\/v2\/pages\/1560","targetHints":{"allow":["GET"]}}],"collection":[{"href":"https:\/\/soscocukkoyu.org\/en\/wp-json\/wp\/v2\/pages"}],"about":[{"href":"https:\/\/soscocukkoyu.org\/en\/wp-json\/wp\/v2\/types\/page"}],"author":[{"embeddable":true,"href":"https:\/\/soscocukkoyu.org\/en\/wp-json\/wp\/v2\/users\/1"}],"replies":[{"embeddable":true,"href":"https:\/\/soscocukkoyu.org\/en\/wp-json\/wp\/v2\/comments?post=1560"}],"version-history":[{"count":57,"href":"https:\/\/soscocukkoyu.org\/en\/wp-json\/wp\/v2\/pages\/1560\/revisions"}],"predecessor-version":[{"id":7494,"href":"https:\/\/soscocukkoyu.org\/en\/wp-json\/wp\/v2\/pages\/1560\/revisions\/7494"}],"wp:attachment":[{"href":"https:\/\/soscocukkoyu.org\/en\/wp-json\/wp\/v2\/media?parent=1560"}],"curies":[{"name":"wp","href":"https:\/\/api.w.org\/{rel}","templated":true}]}}