{"id":2138,"date":"2019-04-01T00:02:04","date_gmt":"2019-03-31T21:02:04","guid":{"rendered":"https:\/\/soscocukkoyu.org\/?page_id=2138"},"modified":"2023-12-11T14:05:24","modified_gmt":"2023-12-11T11:05:24","slug":"bagis-sonuc","status":"publish","type":"page","link":"https:\/\/soscocukkoyu.org\/en\/bagis-sonuc\/","title":{"rendered":"Ba\u011f\u0131\u015f Sonu\u00e7"},"content":{"rendered":"\n<p>[bagis-sonuc]<\/p>\n\n\n<div class=\"forminator-ui forminator-custom-form forminator-custom-form-6778 forminator-design--flat  forminator_ajax\" data-forminator-render=\"0\" data-form=\"forminator-module-6778\" data-uid=\"69e2aedbe4c94\"><br\/><\/div><form\n\t\t\t\tid=\"forminator-module-6778\"\n\t\t\t\tclass=\"forminator-ui forminator-custom-form forminator-custom-form-6778 forminator-design--flat  forminator_ajax\"\n\t\t\t\tmethod=\"post\"\n\t\t\t\tdata-forminator-render=\"0\"\n\t\t\t\tdata-form-id=\"6778\"\n\t\t\t\t data-color-option=\"default\" data-design=\"flat\" data-grid=\"open\" style=\"display: none;\"\n\t\t\t\tdata-uid=\"69e2aedbe4c94\"\n\t\t\t><div role=\"alert\" aria-live=\"polite\" class=\"forminator-response-message forminator-error\" aria-hidden=\"true\"><\/div><div class=\"forminator-row\"><div id=\"name-1\" class=\"forminator-field-name forminator-col forminator-col-12 \"><div class=\"forminator-field\"><label for=\"forminator-field-name-1_69e2aedbe4c94\" id=\"forminator-field-name-1_69e2aedbe4c94-label\" class=\"forminator-label\">\u0130sim Soyisim <span class=\"forminator-required\">*<\/span><\/label><input type=\"text\" name=\"name-1\" value=\"\" placeholder=\"\" id=\"forminator-field-name-1_69e2aedbe4c94\" class=\"forminator-input forminator-name--field\" aria-required=\"true\" autocomplete=\"name\" \/><\/div><\/div><\/div><div class=\"forminator-row\"><div id=\"radio-1\" class=\"forminator-field-radio forminator-col forminator-col-12  bagis-memnuniyet-formu\"><div role=\"radiogroup\" class=\"forminator-field\" aria-labelledby=\"forminator-radiogroup-radio-1-69e2aedbe4c94-label\"><span id=\"forminator-radiogroup-radio-1-69e2aedbe4c94-label\" class=\"forminator-label\">Size sundu\u011fumuz yard\u0131m ve destek se\u00e7eneklerinin geli\u015ftirilmesine yard\u0131mc\u0131 olmak ister misiniz? Derne\u011fimizin ba\u011f\u0131\u015f sayfas\u0131n\u0131 nas\u0131l buldunuz?<\/span><label id=\"forminator-field-radio-1-label-1\" for=\"forminator-field-radio-1-1-69e2aedbe4c94\" class=\"forminator-radio forminator-has_image forminator-has_bullet forminator-radio-inline\" title=\"Pozitif\"><input type=\"radio\" name=\"radio-1\" value=\"pozitif\" id=\"forminator-field-radio-1-1-69e2aedbe4c94\" aria-labelledby=\"forminator-field-radio-1-label-1\" data-calculation=\"0\"   data-hidden-behavior=\"zero\"\/><span class=\"forminator-radio-bullet\" aria-hidden=\"true\"><\/span><span class=\"forminator-radio-label\">Pozitif<\/span><span class=\"forminator-radio-image\" aria-hidden=\"true\"><span style=\"background-image: url(https:\/\/soscocukkoyu.org\/wp-content\/uploads\/2023\/12\/happy.jpg);\"><\/span><\/span><\/label><label id=\"forminator-field-radio-1-label-2\" for=\"forminator-field-radio-1-2-69e2aedbe4c94\" class=\"forminator-radio forminator-has_image forminator-has_bullet forminator-radio-inline\" title=\"N\u00f6tr\"><input type=\"radio\" name=\"radio-1\" value=\"notr\" id=\"forminator-field-radio-1-2-69e2aedbe4c94\" aria-labelledby=\"forminator-field-radio-1-label-2\" data-calculation=\"0\"   data-hidden-behavior=\"zero\"\/><span class=\"forminator-radio-bullet\" aria-hidden=\"true\"><\/span><span class=\"forminator-radio-label\">N\u00f6tr<\/span><span class=\"forminator-radio-image\" aria-hidden=\"true\"><span style=\"background-image: url(https:\/\/soscocukkoyu.org\/wp-content\/uploads\/2023\/12\/Neutral.jpg);\"><\/span><\/span><\/label><label id=\"forminator-field-radio-1-label-3\" for=\"forminator-field-radio-1-3-69e2aedbe4c94\" class=\"forminator-radio forminator-has_image forminator-has_bullet forminator-radio-inline\" title=\"Negatif\"><input type=\"radio\" name=\"radio-1\" value=\"negatif\" id=\"forminator-field-radio-1-3-69e2aedbe4c94\" aria-labelledby=\"forminator-field-radio-1-label-3\" data-calculation=\"0\"   data-hidden-behavior=\"zero\"\/><span class=\"forminator-radio-bullet\" aria-hidden=\"true\"><\/span><span class=\"forminator-radio-label\">Negatif<\/span><span class=\"forminator-radio-image\" aria-hidden=\"true\"><span style=\"background-image: url(https:\/\/soscocukkoyu.org\/wp-content\/uploads\/2023\/12\/unhappy.jpg);\"><\/span><\/span><\/label><\/div><\/div><\/div><div class=\"forminator-row\"><div id=\"textarea-1\" class=\"forminator-field-textarea forminator-col forminator-col-12 \"><div class=\"forminator-field\"><label for=\"forminator-field-textarea-1_69e2aedbe4c94\" id=\"forminator-field-textarea-1_69e2aedbe4c94-label\" class=\"forminator-label\">G\u00f6r\u00fc\u015f ve \u00d6nerileriniz\u2026<\/label><textarea name=\"textarea-1\" placeholder=\"\" id=\"forminator-field-textarea-1_69e2aedbe4c94\" class=\"forminator-textarea\" rows=\"6\" style=\"min-height:140px;\" ><\/textarea><\/div><\/div><\/div><div class=\"forminator-row\"><div id=\"captcha-1\" class=\"forminator-field-captcha forminator-col forminator-col-12 \"><div class=\"forminator-captcha-left forminator-g-recaptcha\" data-theme=\"light\"  data-sitekey=\"6LfTQJwdAAAAAItWBvgTuJIjdx0oke5HNpLNzA1p\" data-size=\"normal\"><\/div> <\/div><\/div><input type=\"hidden\" name=\"referer_url\" value=\"\" \/><div class=\"forminator-row forminator-row-last\"><div class=\"forminator-col\"><div class=\"forminator-field\"><button class=\"forminator-button forminator-button-submit\">Mesaj G&ouml;nder<\/button><\/div><\/div><\/div><input type=\"hidden\" id=\"forminator_nonce\" name=\"forminator_nonce\" value=\"4f73c1d047\" \/><input type=\"hidden\" name=\"_wp_http_referer\" value=\"\/en\/wp-json\/wp\/v2\/pages\/2138\" \/><input type=\"hidden\" name=\"form_id\" value=\"6778\"><input type=\"hidden\" name=\"page_id\" value=\"2138\"><input type=\"hidden\" name=\"form_type\" value=\"default\"><input type=\"hidden\" name=\"current_url\" value=\"https:\/\/soscocukkoyu.org\/en\/bagis-sonuc\/\"><input type=\"hidden\" name=\"render_id\" value=\"0\"><input type=\"hidden\" name=\"action\" value=\"forminator_submit_form_custom-forms\"><\/form>\n","protected":false},"excerpt":{"rendered":"<p>[bagis-sonuc]<\/p>\n","protected":false},"author":1,"featured_media":0,"parent":0,"menu_order":0,"comment_status":"closed","ping_status":"closed","template":"","meta":{"h5ap_radio_sources":[],"footnotes":""},"class_list":["post-2138","page","type-page","status-publish","hentry"],"_links":{"self":[{"href":"https:\/\/soscocukkoyu.org\/en\/wp-json\/wp\/v2\/pages\/2138","targetHints":{"allow":["GET"]}}],"collection":[{"href":"https:\/\/soscocukkoyu.org\/en\/wp-json\/wp\/v2\/pages"}],"about":[{"href":"https:\/\/soscocukkoyu.org\/en\/wp-json\/wp\/v2\/types\/page"}],"author":[{"embeddable":true,"href":"https:\/\/soscocukkoyu.org\/en\/wp-json\/wp\/v2\/users\/1"}],"replies":[{"embeddable":true,"href":"https:\/\/soscocukkoyu.org\/en\/wp-json\/wp\/v2\/comments?post=2138"}],"version-history":[{"count":1,"href":"https:\/\/soscocukkoyu.org\/en\/wp-json\/wp\/v2\/pages\/2138\/revisions"}],"predecessor-version":[{"id":6780,"href":"https:\/\/soscocukkoyu.org\/en\/wp-json\/wp\/v2\/pages\/2138\/revisions\/6780"}],"wp:attachment":[{"href":"https:\/\/soscocukkoyu.org\/en\/wp-json\/wp\/v2\/media?parent=2138"}],"curies":[{"name":"wp","href":"https:\/\/api.w.org\/{rel}","templated":true}]}}