{"id":2140,"date":"2019-04-01T10:16:37","date_gmt":"2019-04-01T07:16:37","guid":{"rendered":"https:\/\/soscocukkoyu.org\/?page_id=2140"},"modified":"2019-04-01T10:16:37","modified_gmt":"2019-04-01T07:16:37","slug":"hizmet-sozlesmesi","status":"publish","type":"page","link":"https:\/\/soscocukkoyu.org\/en\/hizmet-sozlesmesi\/","title":{"rendered":"Hizmet S\u00f6zle\u015fmesi"},"content":{"rendered":"<p>[vc_row css=&#8221;.vc_custom_1554102980857{margin-top: 50px !important;margin-bottom: 50px !important;}&#8221;][vc_column][vc_column_text]\u00d6N B\u0130LG\u0130LEND\u0130RME<\/p>\n<p>MADDE 1 SATICI B\u0130LG\u0130LER\u0130<\/p>\n<p>MADDE 1.1 \u2013 SATICI<\/p>\n<p>\u00dcnvan\u0131 : KKTC SOS \u00c7ocukk\u00f6y\u00fc Derne\u011fi<\/p>\n<p>Adresi : Dr. Faz\u0131l K\u00fc\u00e7\u00fck Bulvar\u0131, Lefko\u015fa<\/p>\n<p>Kuzey K\u0131br\u0131s<\/p>\n<p>Tel.: +90 392 225 70 17<\/p>\n<p>Faks: +90 392 225 33 45<\/p>\n<p>MADDE 1.2 &#8211; ALICI<\/p>\n<p>M\u00fc\u015fteri olarak www.soscocukkoyu.org sitesine \u00fcye olan ya da bu siteden ba\u011f\u0131\u015f yapan ve\/veya \u00fcr\u00fcn alan ki\u015fiyi ifade eder. \u00dcye olurken kullan\u0131lan adres ve ileti\u015fim bilgileri esas al\u0131n\u0131r.<\/p>\n<p>MADDE 2 &#8211; SATI\u015eA KONU H\u0130ZMET\u0130N \u00d6ZELL\u0130KLER\u0130<\/p>\n<p>Hizmetlerin temel \u00f6zellikleri www.soscocukkoyu.org adresinde yer almaktad\u0131r. Hizmetlerin temel \u00f6zelliklerini belirtilen web sitesinde inceleyebilirsiniz.<\/p>\n<p>Hesaplanan ve sitede ilan edilen fiyatlar hizmet al\u0131m fiyat\u0131d\u0131r. \u0130lan edilen fiyatlar ve vaatler g\u00fcncelleme yap\u0131lana ve de\u011fi\u015ftirilene kadar ge\u00e7erlidir. S\u00fcreli olarak ilan edilen fiyatlar ise belirtilen s\u00fcre sonuna kadar ge\u00e7erlidir.<\/p>\n<p>Hizmetin t\u00fcr\u00fc, miktar\u0131, marka\/modeli, \u00f6zelli\u011fi, adedi, bedeli, \u00f6deme \u015fekli, sipari\u015fin sonland\u0131\u011f\u0131 andaki bilgilerden olu\u015fmaktad\u0131r.<\/p>\n<p>Verilecek hizmet 2 ana ba\u015fl\u0131k olarak toparlanabilir. Sitede aksi yay\u0131nlanana kadar belirtilen indirimleri kar\u015f\u0131la\u015ft\u0131rarak ALICI tercihini yapar. Ayr\u0131ca belirtilen ba\u015fl\u0131klardaki iade ko\u015fullar\u0131 ge\u00e7erlidir;<\/p>\n<p>Para iadesi yap\u0131lmayacak hizmet; ALICI taraf\u0131ndan se\u00e7ilmesi durumunda, yap\u0131lan ba\u011f\u0131\u015flar, para iadesi yap\u0131lmayacak hizmetlerdir.<\/p>\n<p>Para iadesi yap\u0131lacak hizmetler; ALICI taraf\u0131ndan se\u00e7ilmesi durumunda, \u00f6demesi kredi kart\u0131ndan tahsil edilecek olan \u00fcr\u00fcn sat\u0131\u015flar\u0131d\u0131r. \u00dcr\u00fcnlerde bir sorun olmas\u0131 ve\/veya sipari\u015f tarihinden 7 g\u00fcn i\u00e7erisinde gerek\u00e7e g\u00f6stermeden iade edilebilecek hizmetlerdir.<\/p>\n<p>MADDE 3 GENEL H\u00dcK\u00dcMLER<\/p>\n<p>ALICI, <a href=\"http:\/\/www.soscocukkoyu.org\">www.soscocukkoyu.org<\/a> internet sitesinde s\u00f6zle\u015fme konusu hizmetin temel nitelikleri, sat\u0131\u015f fiyat\u0131 ve \u00f6deme \u015fekli ile teslimata ili\u015fkin \u00f6n bilgileri okuyup bilgi sahibi oldu\u011funu ve elektronik ortamda gerekli teyidi verdi\u011fini beyan eder. ALICI; bu \u00f6n bilgilendirmeyi elektronik ortamda teyit etmekle, mesafeli s\u00f6zle\u015fmelerin akdinden \u00f6nce, SATICI taraf\u0131ndan ALICI\u2019ya verilmesi gereken adres bilgilerini, sipari\u015fi verilen hizmete ait temel \u00f6zellikleri, hizmetlerin vergiler dahil fiyat\u0131, \u00f6deme ve teslimat bilgilerini de do\u011fru ve eksiksiz olarak edindi\u011fini teyit etmi\u015f olur.<\/p>\n<p>S\u00f6zle\u015fme konusu hizmet, ALICI taraf\u0131ndan verilen tarihlerde olmak ko\u015fulu ile belirtilen standartlarda SATICI taraf\u0131ndan yerine getirilir.<\/p>\n<p>SATICI, s\u00f6zle\u015fme konusu hizmetin sa\u011flam, eksiksiz, sipari\u015fte belirtilen niteliklere uygun ve varsa ek hizmetleri ile teslim edilmesinden sorumludur.<\/p>\n<p>SATICI, s\u00f6zle\u015fmeden do\u011fan ifa y\u00fck\u00fcml\u00fcl\u00fc\u011f\u00fcn\u00fcn s\u00fcresi gelmeden ALICI\u2019y\u0131 bilgilendirmek ve a\u00e7\u0131k\u00e7a onay\u0131n\u0131 almak suretiyle e\u015fit kalite ve fiyatta farkl\u0131 bir \u00fcr\u00fcn tedarik edebilir.<\/p>\n<p>SATICI, sipari\u015f konusu hizmetin yerine getirilmesinin imk\u00e2ns\u0131zla\u015fmas\u0131 halinde s\u00f6zle\u015fme konusu y\u00fck\u00fcml\u00fcl\u00fcklerini yerine getiremezse, bu durumu, s\u00f6zle\u015fmeden do\u011fan ifa y\u00fck\u00fcml\u00fcl\u00fc\u011f\u00fcn\u00fcn s\u00fcresi gelmeden t\u00fcketiciye bildirir ve 10 g\u00fcnl\u00fck s\u00fcre i\u00e7inde toplam bedeli ALICI\u2019ya iade eder.<\/p>\n<p>Hizmetin teslimat\u0131 i\u00e7in i\u015fbu \u00d6n Bilgilendirme Formunun elektronik ortamda teyid edilmesi \u015fartt\u0131r. Herhangi bir nedenle hizmet bedeli \u00f6denmez veya banka kay\u0131tlar\u0131nda iptal edilir ise, SATICI hizmetin teslimi y\u00fck\u00fcml\u00fcl\u00fc\u011f\u00fcnden kurtulmu\u015f kabul edilir.<\/p>\n<p>Hizmetin tesliminden sonra ALICI\u2019ya ait kredi kart\u0131n\u0131n ALICI\u2019n\u0131n kusurundan kaynaklanmayan bir \u015fekilde yetkisiz ki\u015filerce haks\u0131z veya hukuka ayk\u0131r\u0131 olarak kullan\u0131lmas\u0131 nedeni ile ilgili banka veya finans kurulu\u015fun hizmet bedelini SATICI\u2019ya \u00f6dememesi halinde, ALICI kendisine teslim edilmi\u015f olmas\u0131 kayd\u0131yla hizmet bedelini 3 g\u00fcn i\u00e7inde SATICI\u2019ya tekrar etmek zorundad\u0131r. Bu takdirde olu\u015fabilecek herhangi bir ceza\/faiz giderleri ALICI\u2019ya aittir.<\/p>\n<p>SATICI m\u00fccbir sebepler veya nakliyeyi engelleyen hava muhalefeti, ula\u015f\u0131m\u0131n kesilmesi gibi ola\u011fan\u00fcst\u00fc durumlar nedeni ile s\u00f6zle\u015fme konusu hizmeti zaman\u0131nda yerine getiremez ise, durumu ALICI\u2019ya bildirmekle y\u00fck\u00fcml\u00fcd\u00fcr. Bu takdirde ALICI sipari\u015fin iptal edilmesini, s\u00f6zle\u015fme konusu hizmetin m\u00fcmk\u00fcnse ba\u015fka bir tarih ile de\u011fi\u015ftirilmesini ve\/veya hizmet s\u00fcresinin engelleyici durumun ortadan kalkmas\u0131na kadar ertelenmesi haklar\u0131ndan birini kullanabilir. ALICI\u2019n\u0131n sipari\u015fi iptal etmesi halinde \u00f6dedi\u011fi tutar 10 g\u00fcn i\u00e7inde kendisine nakden ve defaten \u00f6denir. ALICI\u2019n\u0131n kredi kart\u0131 ile yapt\u0131\u011f\u0131 \u00f6demelerde ise, \u00fcr\u00fcn tutar\u0131, sipari\u015fin ALICI taraf\u0131ndan iptal edilmesinden sonra 7 g\u00fcn i\u00e7erisinde ilgili bankaya iade edilir. Bu tutar\u0131n bankaya iadesinden sonra ALICI hesaplar\u0131na yans\u0131mas\u0131 tamamen banka i\u015flem s\u00fcreci ile ilgili oldu\u011fundan, ALICI, olas\u0131 gecikmeler i\u00e7in SATICI\u2019n\u0131n herhangi bir \u015fekilde m\u00fcdahalede bulunmas\u0131n\u0131n m\u00fcmk\u00fcn olamayaca\u011f\u0131n\u0131 ve SATICI taraf\u0131ndan kredi kart\u0131na iade edilen tutar\u0131n banka taraf\u0131ndan ALICI hesab\u0131na yans\u0131t\u0131lmas\u0131n\u0131n ortalama 2 ile 3 haftay\u0131 bulabilece\u011fini \u015fimdiden kabul etmektedir.<\/p>\n<p>\u0130\u015fbu s\u00f6zle\u015fmenin tatbikinden do\u011facak uyu\u015fmazl\u0131klarda KKTC Lefko\u015fa Kaza Mahkemeleri m\u00fcnhas\u0131r yetkili ve g\u00f6revlidir.<\/p>\n<p>SATICI \u015fik\u00e2yet ve itirazlar\u0131 konusunda ba\u015fvurusunu \u00f6ncelikle Sat\u0131c\u0131ya yapacak, \u00e7\u00f6z\u00fcm bulunamamas\u0131 halinde yarg\u0131sal ba\u015fvuru yap\u0131labilecektir.<\/p>\n<p>\u0130\u015fbu hizmet s\u00f6zle\u015fmesi 01.04.2019 tarihinden itibaren ge\u00e7erli olup, ticari ama\u00e7larla yap\u0131lmaktad\u0131r.[\/vc_column_text][\/vc_column][\/vc_row]<\/p>\n","protected":false},"excerpt":{"rendered":"<p>[vc_row css=&#8221;.vc_custom_1554102980857{margin-top: 50px !important;margin-bottom: 50px !important;}&#8221;][vc_column][vc_column_text]\u00d6N B\u0130LG\u0130LEND\u0130RME MADDE 1 SATICI B\u0130LG\u0130LER\u0130 MADDE 1.1 \u2013 SATICI \u00dcnvan\u0131 : KKTC SOS \u00c7ocukk\u00f6y\u00fc Derne\u011fi Adresi : Dr. Faz\u0131l K\u00fc\u00e7\u00fck Bulvar\u0131, Lefko\u015fa Kuzey K\u0131br\u0131s Tel.: +90 392 225 70 17 Faks: +90 392 225 33 45 MADDE 1.2 &#8211; ALICI M\u00fc\u015fteri olarak www.soscocukkoyu.org sitesine \u00fcye olan ya da bu [&hellip;]<\/p>\n","protected":false},"author":1,"featured_media":0,"parent":0,"menu_order":0,"comment_status":"closed","ping_status":"closed","template":"","meta":{"h5ap_radio_sources":[],"footnotes":""},"class_list":["post-2140","page","type-page","status-publish","hentry"],"_links":{"self":[{"href":"https:\/\/soscocukkoyu.org\/en\/wp-json\/wp\/v2\/pages\/2140","targetHints":{"allow":["GET"]}}],"collection":[{"href":"https:\/\/soscocukkoyu.org\/en\/wp-json\/wp\/v2\/pages"}],"about":[{"href":"https:\/\/soscocukkoyu.org\/en\/wp-json\/wp\/v2\/types\/page"}],"author":[{"embeddable":true,"href":"https:\/\/soscocukkoyu.org\/en\/wp-json\/wp\/v2\/users\/1"}],"replies":[{"embeddable":true,"href":"https:\/\/soscocukkoyu.org\/en\/wp-json\/wp\/v2\/comments?post=2140"}],"version-history":[{"count":0,"href":"https:\/\/soscocukkoyu.org\/en\/wp-json\/wp\/v2\/pages\/2140\/revisions"}],"wp:attachment":[{"href":"https:\/\/soscocukkoyu.org\/en\/wp-json\/wp\/v2\/media?parent=2140"}],"curies":[{"name":"wp","href":"https:\/\/api.w.org\/{rel}","templated":true}]}}