{"id":2647,"date":"2020-03-30T12:54:34","date_gmt":"2020-03-30T09:54:34","guid":{"rendered":"https:\/\/soscocukkoyu.org\/en\/?page_id=2647"},"modified":"2020-04-17T12:40:57","modified_gmt":"2020-04-17T09:40:57","slug":"ustesinden-gelebiliriz","status":"publish","type":"page","link":"https:\/\/soscocukkoyu.org\/en\/ustesinden-gelebiliriz\/","title":{"rendered":"\u00dcstesinden Gelebiliriz"},"content":{"rendered":"<p>[vc_row full_width=&#8221;stretch_row&#8221; equal_height=&#8221;yes&#8221; rtl_reverse=&#8221;yes&#8221; content_placement=&#8221;middle&#8221; css=&#8221;.vc_custom_1586943493404{margin-top: 50px !important;margin-bottom: 50px !important;}&#8221;][vc_column width=&#8221;2\/3&#8243;]\n\n    <div class=\"nd_options_section nd_options_bg_white nd_options_border_radius_15  \">\n                                        \n        <div class=\"nd_options_section nd_options_box_sizing_border_box nd_options_padding_20 nd_options_text_align_center\">\n            \n            <img decoding=\"async\" alt=\"\" width=\"40\" src=\"\">\n            <div class=\"nd_options_section nd_options_height_5\"><\/div>\n            <h1 class=\"nd_options_font_size_40\">\u00dcstesinden Gelebiliriz!<\/h1>\n            <div class=\"nd_options_section nd_options_height_10\"><\/div>\n            <h4 class=\"nd_options_color_grey nd_options_font_size_12 nd_options_text_transform_uppercase nd_options_letter_spacing_3 nd_options_second_font nd_options_font_weight_lighter\">Sa\u011fl\u0131ks\u0131z ya\u015fam ko\u015fullar\u0131n\u0131 \u00e7ocuklar\u0131m\u0131z i\u00e7in birlikte iyile\u015ftirebiliriz.<\/h4>\n\n        <\/div>\n\n    <\/div>\n\n  [\/vc_column][vc_column width=&#8221;1\/3&#8243;]<div style=\"background-color:;height: 30px\" class=\"nicdark_section  \"><\/div>[tp_button style=&#8221;style-12&#8243; btn_text=&#8221;Ba\u011f\u0131\u015f Yap&#8221; icon_fontawesome=&#8221;fa fa-angle-right&#8221; text_color=&#8221;#00aeef&#8221; text_hover_color=&#8221;#ffffff&#8221; border_color=&#8221;#00aeef&#8221; border_hover_color=&#8221;#00aeef&#8221; normal_bg_hover_color=&#8221;#00aeef&#8221; btn_align=&#8221;text-center&#8221; animation_effects=&#8221;transition.expandIn&#8221; btn_url=&#8221;url:https%3A%2F%2Fsoscocukkoyu.org%2Fduzenli-bagis-yap%2F|title:D%C3%BCzenli%20Ba%C4%9F%C4%B1%C5%9F%20Yap||&#8221;][\/vc_column][\/vc_row][vc_row full_width=&#8221;stretch_row&#8221; content_placement=&#8221;middle&#8221;][vc_column width=&#8221;1\/2&#8243;][vc_column_text]<\/p>\n<p style=\"text-align: justify;\">\u0130htiya\u00e7lar\u0131 kar\u015f\u0131lanamayan \u00e7ocuklar sa\u011fl\u0131ks\u0131z bir ortamda b\u00fcy\u00fcr. \u00dclkemizde sa\u011fl\u0131ks\u0131z ortamlarda b\u00fcy\u00fcyen \u00e7ocuklar\u0131n say\u0131s\u0131 her ge\u00e7en g\u00fcn art\u0131yor. Risk alt\u0131ndaki \u00e7ocuklara sa\u011fl\u0131kl\u0131 ya\u015fam ko\u015fullar\u0131 sa\u011flayal\u0131m.SOS \u00c7ocukk\u00f6y\u00fc Derne\u011fi\u2019nin tespitlerine g\u00f6re \u00fclkemizin, \u00f6zellikle k\u0131rsal b\u00f6lgelerinde \u00e7e\u015fitli sebeplerden dolay\u0131 ailelerin \u00e7ocuklar\u0131na sa\u011fl\u0131kl\u0131 ya\u015fam ko\u015fullar\u0131 sa\u011flayamad\u0131klar\u0131 ortaya \u00e7\u0131km\u0131\u015ft\u0131r. Ailelerin maddi yetersizlikleri, bilin\u00e7sizlikleri veya ihmalleri nedeniyle sa\u011fl\u0131ks\u0131z ko\u015fullarda ya\u015fayan \u00e7ocuklar, hastal\u0131klara daha erken yakalanmakta ve bu durumdan \u00f6nemli \u00f6l\u00e7\u00fcde zarar g\u00f6rmektedir.<\/p>\n<p>[\/vc_column_text]<div style=\"background-color:;height: 30px\" class=\"nicdark_section  \"><\/div>[vc_column_text]<\/p>\n<p style=\"text-align: justify;\">Bug\u00fcn ailelerinin yan\u0131nda benzer ko\u015fullarda ya\u015fayan ve bu sebeplerle Devlet taraf\u0131ndan korunmaya al\u0131nan 105 \u00e7ocuk ve gen\u00e7 SOS \u00c7ocukk\u00f6y\u00fc Derne\u011fi\u2019nin sa\u011flam\u0131\u015f oldu\u011fu sa\u011fl\u0131kl\u0131 ko\u015fullarda bak\u0131m g\u00f6rmektedir. SOS \u00c7ocukk\u00f6y\u00fc Derne\u011fi\u2019nin bak\u0131m\u0131nda 23 ya\u015f\u0131na kadar kalan \u00e7ocuklar\u0131m\u0131z\u0131n bu s\u00fcre zarf\u0131nda \u00f6zg\u00fcn fiziksel, psikolojik ve zihinsel ihtiya\u00e7lar\u0131 kar\u015f\u0131lanarak, her y\u00f6nden sa\u011fl\u0131kl\u0131 bireyler olmalar\u0131 i\u00e7in ola\u011fan\u00fcst\u00fc bir \u00e7aba harcanmaktad\u0131r. SOS \u00c7ocukk\u00f6y\u00fc Derne\u011fi toplum i\u00e7in var olan ve g\u00fcc\u00fcn\u00fc toplumdan alan bir hay\u0131r kurumudur.<\/p>\n<p>[\/vc_column_text][\/vc_column][vc_column width=&#8221;1\/2&#8243;][vc_gallery interval=&#8221;3&#8243; images=&#8221;2737,2738&#8243; img_size=&#8221;562&#215;562&#8243;][\/vc_column][\/vc_row][vc_row equal_height=&#8221;yes&#8221; content_placement=&#8221;middle&#8221;][vc_column][\/vc_column][\/vc_row][vc_row full_width=&#8221;stretch_row&#8221; equal_height=&#8221;yes&#8221; content_placement=&#8221;middle&#8221; css=&#8221;.vc_custom_1586942625701{margin-bottom: 100px !important;}&#8221;][vc_column]\n\n    <div class=\"nd_options_section nd_options_bg_white nd_options_border_radius_15  \">\n                                        \n        <div class=\"nd_options_section nd_options_box_sizing_border_box nd_options_padding_20 nd_options_text_align_center\">\n            \n            <img decoding=\"async\" alt=\"\" width=\"40\" src=\"\">\n            <div class=\"nd_options_section nd_options_height_5\"><\/div>\n            <h1 class=\"nd_options_font_size_40\">Bu \u00c7a\u011fr\u0131 Senin \u0130\u00e7in<\/h1>\n            <div class=\"nd_options_section nd_options_height_10\"><\/div>\n            <h4 class=\"nd_options_color_grey nd_options_font_size_12 nd_options_text_transform_uppercase nd_options_letter_spacing_3 nd_options_second_font nd_options_font_weight_lighter\">Daha fazla \u00e7ocu\u011fun hayat\u0131na dokunabilmek i\u00e7in desteklerinize ihtiyac\u0131m\u0131z var.<\/h4>\n\n        <\/div>\n\n    <\/div>\n\n  [vc_column_text]<\/p>\n<p style=\"text-align: justify;\">Bug\u00fcn ba\u011f\u0131\u015f\u00e7\u0131lar\u0131m\u0131z ve destek\u00e7ilerimiz sayesinde y\u00fczlerce \u00e7ocu\u011fun hayat\u0131nda b\u00fcy\u00fck farklar yaratmaktay\u0131z. Varolan hizmetlerimize devam edebilmek ve daha fazla \u00e7ocu\u011fun hayat\u0131na dokunabilmek i\u00e7in deste\u011finize her zamankinden daha \u00e7ok ihtiyac\u0131m\u0131z var! Sizden gelecek ayl\u0131k d\u00fczenli ba\u011f\u0131\u015flarla \u00e7ocuklar\u0131n sa\u011fl\u0131k, e\u011fitim, g\u0131da, k\u0131yafet, sosyal aktivite, psikolojik destek ihtiya\u00e7lar\u0131n\u0131 birlikte kar\u015f\u0131layabiliriz.<\/p>\n<p>[\/vc_column_text]<div style=\"background-color:;height: 30px\" class=\"nicdark_section  \"><\/div>[tp_button style=&#8221;style-12&#8243; btn_text=&#8221;Ba\u011f\u0131\u015f Yap&#8221; icon_fontawesome=&#8221;fa fa-angle-right&#8221; text_color=&#8221;#00aeef&#8221; text_hover_color=&#8221;#ffffff&#8221; border_color=&#8221;#00aeef&#8221; border_hover_color=&#8221;#00aeef&#8221; normal_bg_hover_color=&#8221;#00aeef&#8221; btn_align=&#8221;text-center&#8221; animation_effects=&#8221;transition.expandIn&#8221; btn_url=&#8221;url:https%3A%2F%2Fsoscocukkoyu.org%2Fduzenli-bagis-yap%2F|title:D%C3%BCzenli%20Ba%C4%9F%C4%B1%C5%9F%20Yap||&#8221;][\/vc_column][\/vc_row]<\/p>\n","protected":false},"excerpt":{"rendered":"<p>[vc_row full_width=&#8221;stretch_row&#8221; equal_height=&#8221;yes&#8221; rtl_reverse=&#8221;yes&#8221; content_placement=&#8221;middle&#8221; css=&#8221;.vc_custom_1586943493404{margin-top: 50px !important;margin-bottom: 50px !important;}&#8221;][vc_column width=&#8221;2\/3&#8243;][\/vc_column][vc_column width=&#8221;1\/3&#8243;][tp_button style=&#8221;style-12&#8243; btn_text=&#8221;Ba\u011f\u0131\u015f Yap&#8221; icon_fontawesome=&#8221;fa fa-angle-right&#8221; text_color=&#8221;#00aeef&#8221; text_hover_color=&#8221;#ffffff&#8221; border_color=&#8221;#00aeef&#8221; border_hover_color=&#8221;#00aeef&#8221; normal_bg_hover_color=&#8221;#00aeef&#8221; btn_align=&#8221;text-center&#8221; animation_effects=&#8221;transition.expandIn&#8221; btn_url=&#8221;url:https%3A%2F%2Fsoscocukkoyu.org%2Fduzenli-bagis-yap%2F|title:D%C3%BCzenli%20Ba%C4%9F%C4%B1%C5%9F%20Yap||&#8221;][\/vc_column][\/vc_row][vc_row full_width=&#8221;stretch_row&#8221; content_placement=&#8221;middle&#8221;][vc_column width=&#8221;1\/2&#8243;][vc_column_text] \u0130htiya\u00e7lar\u0131 kar\u015f\u0131lanamayan \u00e7ocuklar sa\u011fl\u0131ks\u0131z bir ortamda b\u00fcy\u00fcr. \u00dclkemizde sa\u011fl\u0131ks\u0131z ortamlarda b\u00fcy\u00fcyen \u00e7ocuklar\u0131n say\u0131s\u0131 her ge\u00e7en g\u00fcn art\u0131yor. Risk alt\u0131ndaki \u00e7ocuklara sa\u011fl\u0131kl\u0131 ya\u015fam ko\u015fullar\u0131 sa\u011flayal\u0131m.SOS \u00c7ocukk\u00f6y\u00fc Derne\u011fi\u2019nin tespitlerine [&hellip;]<\/p>\n","protected":false},"author":1,"featured_media":0,"parent":0,"menu_order":0,"comment_status":"closed","ping_status":"closed","template":"","meta":{"h5ap_radio_sources":[],"footnotes":""},"class_list":["post-2647","page","type-page","status-publish","hentry"],"_links":{"self":[{"href":"https:\/\/soscocukkoyu.org\/en\/wp-json\/wp\/v2\/pages\/2647","targetHints":{"allow":["GET"]}}],"collection":[{"href":"https:\/\/soscocukkoyu.org\/en\/wp-json\/wp\/v2\/pages"}],"about":[{"href":"https:\/\/soscocukkoyu.org\/en\/wp-json\/wp\/v2\/types\/page"}],"author":[{"embeddable":true,"href":"https:\/\/soscocukkoyu.org\/en\/wp-json\/wp\/v2\/users\/1"}],"replies":[{"embeddable":true,"href":"https:\/\/soscocukkoyu.org\/en\/wp-json\/wp\/v2\/comments?post=2647"}],"version-history":[{"count":0,"href":"https:\/\/soscocukkoyu.org\/en\/wp-json\/wp\/v2\/pages\/2647\/revisions"}],"wp:attachment":[{"href":"https:\/\/soscocukkoyu.org\/en\/wp-json\/wp\/v2\/media?parent=2647"}],"curies":[{"name":"wp","href":"https:\/\/api.w.org\/{rel}","templated":true}]}}