{"id":2992,"date":"2020-07-17T15:30:48","date_gmt":"2020-07-17T12:30:48","guid":{"rendered":"https:\/\/soscocukkoyu.org\/?page_id=2992"},"modified":"2020-07-17T15:49:01","modified_gmt":"2020-07-17T12:49:01","slug":"hosgeldin-kahramanim","status":"publish","type":"page","link":"https:\/\/soscocukkoyu.org\/en\/hosgeldin-kahramanim\/","title":{"rendered":"Ho\u015fgeldin Kahraman\u0131m"},"content":{"rendered":"<p>[vc_row css=&#8221;.vc_custom_1594988927604{margin-top: 20px !important;}&#8221;][vc_column]\n\n    <div class=\"nd_options_section nd_options_bg_white nd_options_border_radius_15 custom_subtitle \">\n                                        \n        <div class=\"nd_options_section nd_options_box_sizing_border_box nd_options_padding_20 nd_options_text_align_center\">\n            \n            <img decoding=\"async\" alt=\"\" width=\"40\" src=\"\">\n            <div class=\"nd_options_section nd_options_height_5\"><\/div>\n            <h1 class=\"nd_options_font_size_40\">Ba\u011f\u0131\u015f Yap<\/h1>\n            <div class=\"nd_options_section nd_options_height_10\"><\/div>\n            <h4 class=\"nd_options_color_grey nd_options_font_size_12 nd_options_text_transform_uppercase nd_options_letter_spacing_3 nd_options_second_font nd_options_font_weight_lighter\">SMS veya online ba\u011f\u0131\u015f y\u00f6ntemlerimizle bizlere destek olabilirsiniz.<\/h4>\n\n        <\/div>\n\n    <\/div>\n\n  [\/vc_column][\/vc_row][vc_row equal_height=&#8221;yes&#8221; content_placement=&#8221;middle&#8221; css=&#8221;.vc_custom_1594988941702{margin-top: 20px !important;margin-bottom: 100px !important;padding-top: 0px !important;padding-bottom: 0px !important;}&#8221;][vc_column width=&#8221;1\/2&#8243;]\n\n  <!--START FOCUS-->\n  <div class=\"nd_options_section nd_options_background_size_cover custom_subtitle \" style=\"background-image:url(https:\/\/soscocukkoyu.org\/wp-content\/uploads\/2020\/07\/child-hand-1024x682.jpg)\">\n                                            \n      <div class=\"nd_options_section nd_options_bg_greydark_alpha_5\">\n          \n          <div class=\"nd_options_section nd_options_text_align_center\">\n          \n            <div class=\"nd_options_section nd_options_height_100\"><\/div>\n              \n            <a rel=\"\" title=\"SMS ile Ba\u011f\u0131\u015f\" target=\"_self\" class=\"nd_options_color_white\" href=\"https:\/\/soscocukkoyu.org\/sms-ile-bagis\/\">\n              <h1 class=\"nd_options_margin_0_important nd_options_color_white\">\n                SMS \u0130le Ba\u011f\u0131\u015f\n              <\/h1>\n            <\/a>\n            <div class=\"nd_options_section nd_options_height_20\"><\/div>\n            <h3 class=\"nd_options_margin_0_important nd_options_text_transform_uppercase nd_options_color_white\"><\/h3>\n\n            <div class=\"nd_options_section nd_options_height_100\"><\/div> \n\n          <\/div>\n\n      <\/div>\n\n  <\/div>\n  <!--END FOCUS-->\n\n   [\/vc_column][vc_column width=&#8221;1\/2&#8243;]\n\n  <!--START FOCUS-->\n  <div class=\"nd_options_section nd_options_background_size_cover custom_subtitle \" style=\"background-image:url(https:\/\/soscocukkoyu.org\/wp-content\/uploads\/2020\/07\/child-hand-1024x682.jpg)\">\n                                            \n      <div class=\"nd_options_section nd_options_bg_greydark_alpha_5\">\n          \n          <div class=\"nd_options_section nd_options_text_align_center\">\n          \n            <div class=\"nd_options_section nd_options_height_100\"><\/div>\n              \n            <a rel=\"\" title=\"D\u00fczenli Ba\u011f\u0131\u015f Yap\" target=\"_self\" class=\"nd_options_color_white\" href=\"https:\/\/soscocukkoyu.org\/duzenli-bagis-yap\/\">\n              <h1 class=\"nd_options_margin_0_important nd_options_color_white\">\n                Online Ba\u011f\u0131\u015f\n              <\/h1>\n            <\/a>\n            <div class=\"nd_options_section nd_options_height_20\"><\/div>\n            <h3 class=\"nd_options_margin_0_important nd_options_text_transform_uppercase nd_options_color_white\"><\/h3>\n\n            <div class=\"nd_options_section nd_options_height_100\"><\/div> \n\n          <\/div>\n\n      <\/div>\n\n  <\/div>\n  <!--END FOCUS-->\n\n   [\/vc_column][\/vc_row]<\/p>\n","protected":false},"excerpt":{"rendered":"<p>[vc_row css=&#8221;.vc_custom_1594988927604{margin-top: 20px !important;}&#8221;][vc_column][\/vc_column][\/vc_row][vc_row equal_height=&#8221;yes&#8221; content_placement=&#8221;middle&#8221; css=&#8221;.vc_custom_1594988941702{margin-top: 20px !important;margin-bottom: 100px !important;padding-top: 0px !important;padding-bottom: 0px !important;}&#8221;][vc_column width=&#8221;1\/2&#8243;][\/vc_column][vc_column width=&#8221;1\/2&#8243;][\/vc_column][\/vc_row]<\/p>\n","protected":false},"author":1,"featured_media":0,"parent":0,"menu_order":0,"comment_status":"closed","ping_status":"closed","template":"","meta":{"h5ap_radio_sources":[],"footnotes":""},"class_list":["post-2992","page","type-page","status-publish","hentry"],"_links":{"self":[{"href":"https:\/\/soscocukkoyu.org\/en\/wp-json\/wp\/v2\/pages\/2992","targetHints":{"allow":["GET"]}}],"collection":[{"href":"https:\/\/soscocukkoyu.org\/en\/wp-json\/wp\/v2\/pages"}],"about":[{"href":"https:\/\/soscocukkoyu.org\/en\/wp-json\/wp\/v2\/types\/page"}],"author":[{"embeddable":true,"href":"https:\/\/soscocukkoyu.org\/en\/wp-json\/wp\/v2\/users\/1"}],"replies":[{"embeddable":true,"href":"https:\/\/soscocukkoyu.org\/en\/wp-json\/wp\/v2\/comments?post=2992"}],"version-history":[{"count":0,"href":"https:\/\/soscocukkoyu.org\/en\/wp-json\/wp\/v2\/pages\/2992\/revisions"}],"wp:attachment":[{"href":"https:\/\/soscocukkoyu.org\/en\/wp-json\/wp\/v2\/media?parent=2992"}],"curies":[{"name":"wp","href":"https:\/\/api.w.org\/{rel}","templated":true}]}}