{"id":3029,"date":"2020-07-17T15:42:08","date_gmt":"2020-07-17T12:42:08","guid":{"rendered":"https:\/\/soscocukkoyu.org\/?page_id=3029"},"modified":"2022-07-27T12:46:50","modified_gmt":"2022-07-27T09:46:50","slug":"sms-ile-bagis","status":"publish","type":"page","link":"https:\/\/soscocukkoyu.org\/en\/sms-ile-bagis\/","title":{"rendered":"SMS ile Ba\u011f\u0131\u015f"},"content":{"rendered":"<p>[vc_row css=&#8221;.vc_custom_1594988927604{margin-top: 20px !important;}&#8221;][vc_column]\n\n    <div class=\"nd_options_section nd_options_bg_white nd_options_border_radius_15 custom_subtitle \">\n                                        \n        <div class=\"nd_options_section nd_options_box_sizing_border_box nd_options_padding_20 nd_options_text_align_center\">\n            \n            <img decoding=\"async\" alt=\"\" width=\"40\" src=\"\">\n            <div class=\"nd_options_section nd_options_height_5\"><\/div>\n            <h1 class=\"nd_options_font_size_40\">SMS ile Ba\u011f\u0131\u015f Yap<\/h1>\n            <div class=\"nd_options_section nd_options_height_10\"><\/div>\n            <h4 class=\"nd_options_color_grey nd_options_font_size_12 nd_options_text_transform_uppercase nd_options_letter_spacing_3 nd_options_second_font nd_options_font_weight_lighter\">ABONE SOS20 yazarak 4271'e g\u00f6nderin<\/h4>\n\n        <\/div>\n\n    <\/div>\n\n  [\/vc_column][\/vc_row][vc_row css=&#8221;.vc_custom_1594988927604{margin-top: 20px !important;}&#8221;][vc_column][vc_column_text]<\/p>\n<p style=\"font-weight: 400; text-align: center;\"><strong>ABONE SOS20<\/strong> yazarak <strong>4271<\/strong>&#8216;e g\u00f6nderdikten sonra a\u015fa\u011f\u0131daki formu doldurup bize g\u00f6ndererek, yapaca\u011f\u0131n\u0131z ba\u011f\u0131\u015flarla SOS \u00c7ocukk\u00f6y\u00fc Derne\u011fi&#8217;ndeki, \u00e7ocuk ve gen\u00e7lerimizin geli\u015fimlerinden haberdar olabilirsiniz.<\/p>\n<p>[\/vc_column_text][\/vc_column][\/vc_row][vc_row equal_height=&#8221;yes&#8221; content_placement=&#8221;middle&#8221; css=&#8221;.vc_custom_1594988941702{margin-top: 20px !important;margin-bottom: 100px !important;padding-top: 0px !important;padding-bottom: 0px !important;}&#8221;][vc_column][vc_column_text]<\/p>\n<p style=\"text-align: center;\"><div id=\"quform-ed3cc1\" class=\"quform quform-3 quform-theme-minimal quform-support-page-caching\"><form id=\"quform-form-ed3cc1\" class=\"quform-form quform-form-3\" action=\"\/en\/wp-json\/wp\/v2\/pages\/3029#quform-ed3cc1\" method=\"post\" enctype=\"multipart\/form-data\" novalidate=\"novalidate\" data-options=\"{&quot;id&quot;:3,&quot;uniqueId&quot;:&quot;ed3cc1&quot;,&quot;theme&quot;:&quot;minimal&quot;,&quot;ajax&quot;:true,&quot;logic&quot;:{&quot;logic&quot;:[],&quot;dependents&quot;:[],&quot;elementIds&quot;:[],&quot;dependentElementIds&quot;:[],&quot;animate&quot;:true},&quot;currentPageId&quot;:3,&quot;errorsIcon&quot;:&quot;&quot;,&quot;updateFancybox&quot;:true,&quot;hasPages&quot;:false,&quot;pages&quot;:[3],&quot;pageProgressType&quot;:&quot;tabs&quot;,&quot;tooltipsEnabled&quot;:true,&quot;tooltipClasses&quot;:&quot;qtip-quform-dark qtip-shadow&quot;,&quot;tooltipMy&quot;:&quot;left center&quot;,&quot;tooltipAt&quot;:&quot;right center&quot;,&quot;isRtl&quot;:false,&quot;scrollOffset&quot;:-50,&quot;scrollSpeed&quot;:800}\"><button class=\"quform-default-submit\" name=\"quform_submit\" type=\"submit\" value=\"submit\" aria-hidden=\"true\" tabindex=\"-1\"><\/button><div class=\"quform-form-inner quform-form-inner-3\"><input type=\"hidden\" name=\"quform_form_id\" value=\"3\" \/><input type=\"hidden\" name=\"quform_form_uid\" value=\"ed3cc1\" \/><input type=\"hidden\" name=\"quform_count\" value=\"1\" \/><input type=\"hidden\" name=\"form_url\" value=\"https:\/\/soscocukkoyu.org\/en\/wp-json\/wp\/v2\/pages\/3029\" \/><input type=\"hidden\" name=\"referring_url\" value=\"\" \/><input type=\"hidden\" name=\"post_id\" value=\"\" \/><input type=\"hidden\" name=\"post_title\" value=\"\" \/><input type=\"hidden\" name=\"quform_current_page_id\" value=\"3\" \/><input type=\"hidden\" name=\"quform_loaded\" value=\"1776516242|6806c7d9eaa35b2baa63967e96186cc2\" \/><input type=\"hidden\" name=\"quform_csrf_token\" value=\"tMynziwYpOkSL57zXM2v9u2uSPEepgQChXMcjcLL\" \/><div class=\"quform-elements quform-elements-3 quform-cf quform-responsive-elements-phone-landscape\"><div class=\"quform-element quform-element-page quform-page-3 quform-page-3_3 quform-cf quform-group-style-plain quform-first-page quform-last-page quform-current-page\"><div class=\"quform-child-elements\"><div class=\"quform-element quform-element-row quform-element-row-3_16 quform-2-columns quform-element-row-size-fixed quform-responsive-columns-phone-landscape\"><div class=\"quform-element quform-element-column quform-element-3_17\"><div class=\"quform-element quform-element-text quform-element-3_19 quform-cf quform-element-required\"><div class=\"quform-spacer\"><div class=\"quform-label quform-label-3_19\"><label class=\"quform-label-text\" for=\"quform_3_19_ed3cc1\">Ad\u0131n\u0131z Soyad\u0131n\u0131z<span class=\"quform-required\">*<\/span><\/label><\/div><div class=\"quform-inner quform-inner-text quform-inner-3_19\"><div class=\"quform-input quform-input-text quform-input-3_19 quform-cf\"><input type=\"text\" id=\"quform_3_19_ed3cc1\" name=\"quform_3_19\" class=\"quform-field quform-field-text quform-field-3_19\" maxlength=\"50\" \/><\/div><\/div><\/div><\/div><\/div><div class=\"quform-element quform-element-column quform-element-3_18\"><div class=\"quform-element quform-element-text quform-element-3_20 quform-cf quform-element-required\"><div class=\"quform-spacer\"><div class=\"quform-label quform-label-3_20\"><label class=\"quform-label-text\" for=\"quform_3_20_ed3cc1\">Kimlik Numaran\u0131z<span class=\"quform-required\">*<\/span><\/label><\/div><div class=\"quform-inner quform-inner-text quform-inner-3_20\"><div class=\"quform-input quform-input-text quform-input-3_20 quform-cf\"><input type=\"text\" id=\"quform_3_20_ed3cc1\" name=\"quform_3_20\" class=\"quform-field quform-field-text quform-field-3_20\" maxlength=\"15\" \/><\/div><\/div><\/div><\/div><\/div><\/div><div class=\"quform-element quform-element-row quform-element-row-3_21 quform-2-columns quform-element-row-size-fixed quform-responsive-columns-phone-landscape\"><div class=\"quform-element quform-element-column quform-element-3_22\"><div class=\"quform-element quform-element-text quform-element-3_53 quform-cf quform-element-required\"><div class=\"quform-spacer\"><div class=\"quform-label quform-label-3_53\"><label class=\"quform-label-text\" for=\"quform_3_53_ed3cc1\">Cep Telefonu<span class=\"quform-required\">*<\/span><\/label><\/div><div class=\"quform-inner quform-inner-text quform-inner-3_53\"><div class=\"quform-input quform-input-text quform-input-3_53 quform-cf\"><input type=\"text\" id=\"quform_3_53_ed3cc1\" name=\"quform_3_53\" class=\"quform-field quform-field-text quform-field-3_53\" \/><\/div><\/div><\/div><\/div><\/div><div class=\"quform-element quform-element-column quform-element-3_24\"><div class=\"quform-element quform-element-email quform-element-3_64 quform-cf quform-element-optional\"><div class=\"quform-spacer\"><div class=\"quform-label quform-label-3_64\"><label class=\"quform-label-text\" for=\"quform_3_64_ed3cc1\">E-posta Adresi<\/label><\/div><div class=\"quform-inner quform-inner-email quform-inner-3_64\"><div class=\"quform-input quform-input-email quform-input-3_64 quform-cf\"><input type=\"email\" id=\"quform_3_64_ed3cc1\" name=\"quform_3_64\" class=\"quform-field quform-field-email quform-field-3_64\" \/><\/div><\/div><\/div><\/div><\/div><\/div><div class=\"quform-element quform-element-row quform-element-row-3_27 quform-1-columns quform-element-row-size-fixed quform-responsive-columns-phone-landscape\"><div class=\"quform-element quform-element-column quform-element-3_28\"><div class=\"quform-element quform-element-text quform-element-3_59 quform-cf quform-element-required\"><div class=\"quform-spacer\"><div class=\"quform-label quform-label-3_59\"><label class=\"quform-label-text\" for=\"quform_3_59_ed3cc1\">Adresiniz<span class=\"quform-required\">*<\/span><\/label><\/div><div class=\"quform-inner quform-inner-text quform-inner-3_59\"><div class=\"quform-input quform-input-text quform-input-3_59 quform-cf\"><input type=\"text\" id=\"quform_3_59_ed3cc1\" name=\"quform_3_59\" class=\"quform-field quform-field-text quform-field-3_59\" maxlength=\"100\" \/><\/div><\/div><\/div><\/div><\/div><\/div><div class=\"quform-element quform-element-row quform-element-row-3_33 quform-1-columns quform-element-row-size-fixed quform-responsive-columns-phone-landscape\"><div class=\"quform-element quform-element-column quform-element-3_34\"><div class=\"quform-element quform-element-text quform-element-3_385 quform-cf quform-element-optional\"><div class=\"quform-spacer\"><div class=\"quform-label quform-label-3_385\"><label class=\"quform-label-text\" for=\"quform_3_385_ed3cc1\">Mesaj\u0131n\u0131z<\/label><\/div><div class=\"quform-inner quform-inner-text quform-inner-3_385\"><div class=\"quform-input quform-input-text quform-input-3_385 quform-cf\"><input type=\"text\" id=\"quform_3_385_ed3cc1\" name=\"quform_3_385\" class=\"quform-field quform-field-text quform-field-3_385\" maxlength=\"200\" \/><\/div><\/div><\/div><\/div><\/div><\/div><div class=\"quform-element quform-element-row quform-element-row-3_387 quform-1-columns quform-element-row-size-fixed quform-responsive-columns-phone-landscape\"><div class=\"quform-element quform-element-column quform-element-3_388\"><div class=\"quform-element quform-element-captcha quform-element-3_390 quform-cf quform-element-required\"><div class=\"quform-spacer\"><div class=\"quform-label quform-label-3_390\"><label class=\"quform-label-text\" for=\"quform_3_390_ed3cc1\">L\u00fctfen karakterleri yaz\u0131n<span class=\"quform-required\">*<\/span><\/label><\/div><div class=\"quform-inner quform-inner-captcha quform-inner-3_390\"><div class=\"quform-input quform-input-captcha quform-input-3_390 quform-cf\"><input type=\"text\" id=\"quform_3_390_ed3cc1\" name=\"quform_3_390\" class=\"quform-field quform-field-captcha quform-field-3_390\" \/><\/div><div class=\"quform-captcha quform-cf\"><div class=\"quform-captcha-image quform-captcha-image-3_390\"><img loading=\"lazy\" decoding=\"async\" class=\"quform-captcha-image-img\" src=\"data:image\/png;base64,iVBORw0KGgoAAAANSUhEUgAAAOYAAABQCAMAAAA6J\/nhAAAAM1BMVEX\/\/\/8iIiLHx8eQkJCsrKzj4+M9PT1ZWVl0dHRnZ2eJiYkvLy9LS0s2NjY5OTkoKChSUlJqlHzIAAAACXBIWXMAAA7EAAAOxAGVKw4bAAAD2UlEQVR4nO1Z68KjKAzVBEjmsjv7\/k+7CCgJCmq\/dtrdyfllW0xycgU6TQaDwWAwGAwGg8FgMBgMBoPBYBjBRwD4d5vxWvgwZ\/C7LXkpeF7xbkteikrzf522ECISTXi3KS8HfS5NQPe09niFpmfmqPJJGq+i1FSgSNUjE7H7orATBqUjA0RdX1J2C+scmBFoe3xUWKLpFn9FuDhEPSAFVskyN1iIxlVfogyLumFKYqs2xTa+4jikKOONjC40txlaQLs1iqdf\/RseI4pFHTH1A+SQQ6s5KhTf8WWimGm6VppaBG7HtKp6gKWSNjR19bqLWUZ75eFqwyg0oY1XswyKtlifrar79ZKEMZaQjlZ6RUak8RbSizyxWOpwTRGOG93dMldFZsYBAdy5nV2dbpUaRitBUyERwxLcMHkXm8lZpa40p81Zh8tRpOciP+RVV\/r0HrxpoZOkT94l\/XH7nO391s3AnSCsb3UWs8hO+RxOxHd1ZnZ0kvPJpuoIJ+PQ1tlQlFsF4TDXWdChzvN1UKrzrHSYC6ytd7PI8lqpsUHBSV6tNFEV+6Fh62+h83wdZR4xTG7sI9L5hTJnt2i67Tc6ECEWc2nxoVvGPWrdYh4Aoz6f2+zZ2A06RqxyGL6rUg0jUxJN4kH32cmYO89XUV6B1NnHY7exinQOo6rIrX8fQRVyX+fya3n0neer8PUVPnFSHpv1c9A5zLP8DCMCul\/1lvWowXwy+DqyoL4+SluYtfxZ5zApmn5UnF7R7PVkL9RJaqfz\/QB1hKU8GzWwZmz6JoeDNvkKTSyb9wPnLsevuXZhJ8S5kegOSh8gZjpL+WZsQpPDRZBg0k3aQtNt6bvzrthJ4oSUjFuPBm4kugMWO9KT3cFobNYIiV\/70iq3Dk957hMHGZ4wx+POsS\/bg349TZ0MlNHYrG0F6+K+KcJDmUQ7PEX1BklZNK8HDmNxwz28d4HlXqZxux6b9fC48Ew7+YEdMu5lK7RT6dwSuRBA9mV5RH36xYn0Ia5ED8dmNjnoQO8RBM3SHgbLPSwnNoqUcRIV9vTrMH3MpxgsYmz2RO0tSj+W8Uyew+7QpURZvXPp9gNKkG832wvQ1yNQP4Ytuonmj+3rrqubrUEzQp9v+i0sPqSVXWOa8xQo3wL8TGk9vDzTlyvU3Ad9xj8OqUp8c+vGfMdSvRiVyx68snsZvIwu6rL8a8wzhj4EWu5bl+69NPn8Z+fBXdDHYKHr2kQEfHoP\/BDk6P6dWP6i2xvr\/xRiD\/2nNJZ3m\/JKlFHx+\/7XeRMwDtEPbiQGg8FgMBgMBoPBYDAYDH8S\/gUd5RLpp9\/YKwAAAABJRU5ErkJggg==\" alt=\"CAPTCHA image\" data-element-id=\"390\" width=\"115\" height=\"40\" \/><\/div><\/div><p class=\"quform-description quform-description-below\">Bu spam g\u00f6nderimleri \u00f6nlememize yard\u0131mc\u0131 olur.<\/p><\/div><\/div><\/div><\/div><\/div><div class=\"quform-element quform-element-submit quform-element-3_4 quform-cf quform-button-style-bootstrap quform-button-size-medium\"><div class=\"quform-button-submit quform-button-submit-default quform-button-submit-3_4\"><button name=\"quform_submit\" type=\"submit\" class=\"quform-submit\" value=\"submit\"><span class=\"quform-button-text quform-button-submit-text\">Send<\/span><\/button><\/div><div class=\"quform-loading quform-loading-position-left quform-loading-type-spinner-1\"><div class=\"quform-loading-inner\"><div class=\"quform-loading-spinner\"><div class=\"quform-loading-spinner-inner\"><\/div><\/div><\/div><\/div><\/div><div class=\"quform-element quform-element-textarea quform-element-3_607620 quform-sr-only quform-cf\" style=\"clip: rect(1px, 1px, 1px, 1px); clip-path: inset(50%); position: absolute !important; height: 1px; width: 1px; overflow: hidden;\"><div class=\"quform-spacer\"><div class=\"quform-label quform-label-3_607620\"><label class=\"quform-label-text\" for=\"quform_3_607620_ed3cc1\">Email<span class=\"quform-required\">*<\/span><\/label><\/div><div class=\"quform-inner quform-inner-3_607620\"><textarea id=\"quform_3_607620_ed3cc1\" name=\"quform_3_607620\" class=\"quform-field quform-field-textarea quform-field-3_607620\" tabindex=\"-1\" autocomplete=\"new-password\"><\/textarea><\/div><\/div><\/div><\/div><\/div><\/div><\/div><\/form><\/div>\n<p>[\/vc_column_text][\/vc_column][\/vc_row]<\/p>\n","protected":false},"excerpt":{"rendered":"<p>[vc_row css=&#8221;.vc_custom_1594988927604{margin-top: 20px !important;}&#8221;][vc_column][\/vc_column][\/vc_row][vc_row css=&#8221;.vc_custom_1594988927604{margin-top: 20px !important;}&#8221;][vc_column][vc_column_text] ABONE SOS20 yazarak 4271&#8216;e g\u00f6nderdikten sonra a\u015fa\u011f\u0131daki formu doldurup bize g\u00f6ndererek, yapaca\u011f\u0131n\u0131z ba\u011f\u0131\u015flarla SOS \u00c7ocukk\u00f6y\u00fc Derne\u011fi&#8217;ndeki, \u00e7ocuk ve gen\u00e7lerimizin geli\u015fimlerinden haberdar olabilirsiniz. [\/vc_column_text][\/vc_column][\/vc_row][vc_row equal_height=&#8221;yes&#8221; content_placement=&#8221;middle&#8221; css=&#8221;.vc_custom_1594988941702{margin-top: 20px !important;margin-bottom: 100px !important;padding-top: 0px !important;padding-bottom: 0px !important;}&#8221;][vc_column][vc_column_text] [\/vc_column_text][\/vc_column][\/vc_row]<\/p>\n","protected":false},"author":1,"featured_media":0,"parent":0,"menu_order":0,"comment_status":"closed","ping_status":"closed","template":"","meta":{"h5ap_radio_sources":[],"footnotes":""},"class_list":["post-3029","page","type-page","status-publish","hentry"],"_links":{"self":[{"href":"https:\/\/soscocukkoyu.org\/en\/wp-json\/wp\/v2\/pages\/3029","targetHints":{"allow":["GET"]}}],"collection":[{"href":"https:\/\/soscocukkoyu.org\/en\/wp-json\/wp\/v2\/pages"}],"about":[{"href":"https:\/\/soscocukkoyu.org\/en\/wp-json\/wp\/v2\/types\/page"}],"author":[{"embeddable":true,"href":"https:\/\/soscocukkoyu.org\/en\/wp-json\/wp\/v2\/users\/1"}],"replies":[{"embeddable":true,"href":"https:\/\/soscocukkoyu.org\/en\/wp-json\/wp\/v2\/comments?post=3029"}],"version-history":[{"count":2,"href":"https:\/\/soscocukkoyu.org\/en\/wp-json\/wp\/v2\/pages\/3029\/revisions"}],"predecessor-version":[{"id":5241,"href":"https:\/\/soscocukkoyu.org\/en\/wp-json\/wp\/v2\/pages\/3029\/revisions\/5241"}],"wp:attachment":[{"href":"https:\/\/soscocukkoyu.org\/en\/wp-json\/wp\/v2\/media?parent=3029"}],"curies":[{"name":"wp","href":"https:\/\/api.w.org\/{rel}","templated":true}]}}