{"id":3455,"date":"2021-03-23T16:09:55","date_gmt":"2021-03-23T13:09:55","guid":{"rendered":"https:\/\/soscocukkoyu.org\/?page_id=3455"},"modified":"2024-03-18T16:52:31","modified_gmt":"2024-03-18T13:52:31","slug":"kahramanlara-ozel","status":"publish","type":"page","link":"https:\/\/soscocukkoyu.org\/en\/kahramanlara-ozel\/","title":{"rendered":"Kahramanlara \u00d6zel"},"content":{"rendered":"<p>[vc_row full_width=&#8221;stretch_row&#8221; equal_height=&#8221;yes&#8221; content_placement=&#8221;middle&#8221; css=&#8221;.vc_custom_1567084586525{margin-top: 50px !important;}&#8221;][vc_column]\n\n    <div class=\"nd_options_section nd_options_bg_white nd_options_border_radius_15  \">\n                                        \n        <div class=\"nd_options_section nd_options_box_sizing_border_box nd_options_padding_20 nd_options_text_align_center\">\n            \n            <img decoding=\"async\" alt=\"\" width=\"40\" src=\"\">\n            <div class=\"nd_options_section nd_options_height_5\"><\/div>\n            <h1 class=\"nd_options_font_size_40\">Ho\u015fgeldin Kahraman\u0131m!<\/h1>\n            <div class=\"nd_options_section nd_options_height_10\"><\/div>\n            <h4 class=\"nd_options_color_grey nd_options_font_size_12 nd_options_text_transform_uppercase nd_options_letter_spacing_3 nd_options_second_font nd_options_font_weight_lighter\">SOS \u00c7ocukk\u00f6y\u00fc Derne\u011fi destek\u00e7ilerine \u00f6zel sayfam\u0131za ho\u015fgeldiniz!<\/h4>\n\n        <\/div>\n\n    <\/div>\n\n  [vc_column_text]Sayfam\u0131zda ba\u011f\u0131\u015flar\u0131n\u0131zla neler ba\u015fard\u0131\u011f\u0131n\u0131z\u0131, \u00e7ocuklar\u0131m\u0131z\u0131n size \u00f6zel mektuplar\u0131n\u0131 ve ba\u015far\u0131 hikayelerini, g\u00f6n\u00fcll\u00fclerimizin bize katt\u0131\u011f\u0131 de\u011ferleri, el\u00e7ilerimizin SOS \u00c7ocukk\u00f6y\u00fc Derne\u011fi i\u00e7in \u00f6zveri ile haz\u0131rlad\u0131\u011f\u0131 \u00fcr\u00fcnleri, size \u00f6zel avantajlar\u0131n haberlerini ve b\u00fcltenlerimizi yak\u0131ndan takip edebilecek, bizimle daha kolay ileti\u015fim kurabileceksiniz. Merak ettikleriniz i\u00e7in hemen ke\u015ffetmeye ba\u015flay\u0131n![\/vc_column_text][\/vc_column][\/vc_row][vc_row content_placement=&#8221;middle&#8221; css=&#8221;.vc_custom_1617011264041{margin-top: 50px !important;}&#8221;][vc_column width=&#8221;1\/3&#8243;][vc_single_image image=&#8221;3578&#8243; img_size=&#8221;full&#8221; alignment=&#8221;center&#8221; onclick=&#8221;custom_link&#8221; link=&#8221;https:\/\/soscocukkoyu.org\/sevgi-elcileri-atolyesi\/&#8221;][vc_empty_space height=&#8221;25px&#8221;][\/vc_column][vc_column width=&#8221;1\/3&#8243;][vc_single_image image=&#8221;3568&#8243; img_size=&#8221;full&#8221; alignment=&#8221;center&#8221; onclick=&#8221;custom_link&#8221; link=&#8221;https:\/\/soscocukkoyu.org\/gonullu-kulubu\/&#8221;][vc_empty_space height=&#8221;25px&#8221;][\/vc_column][vc_column width=&#8221;1\/3&#8243;][vc_single_image image=&#8221;3570&#8243; img_size=&#8221;full&#8221; alignment=&#8221;center&#8221; onclick=&#8221;custom_link&#8221; link=&#8221;https:\/\/soscocukkoyu.org\/sevgi-kart\/&#8221;][vc_empty_space height=&#8221;25px&#8221;][\/vc_column][\/vc_row][vc_row content_placement=&#8221;middle&#8221; css=&#8221;.vc_custom_1616507940499{margin-bottom: 100px !important;}&#8221;][vc_column width=&#8221;1\/3&#8243;][vc_single_image image=&#8221;3571&#8243; img_size=&#8221;full&#8221; alignment=&#8221;center&#8221; onclick=&#8221;custom_link&#8221; link=&#8221;https:\/\/soscocukkoyu.org\/bulten\/&#8221;][vc_empty_space height=&#8221;25px&#8221;][\/vc_column][vc_column width=&#8221;1\/3&#8243;][vc_single_image image=&#8221;3649&#8243; img_size=&#8221;full&#8221; alignment=&#8221;center&#8221; onclick=&#8221;custom_link&#8221; link=&#8221;https:\/\/soscocukkoyu.org\/mektuplar-ve-mesajlar\/&#8221;][vc_empty_space height=&#8221;25px&#8221;][\/vc_column][vc_column width=&#8221;1\/3&#8243;][vc_single_image image=&#8221;3576&#8243; img_size=&#8221;full&#8221; alignment=&#8221;center&#8221; onclick=&#8221;custom_link&#8221; link=&#8221;https:\/\/soscocukkoyu.org\/size-ulasmak-istiyoruz\/&#8221;][vc_empty_space height=&#8221;25px&#8221;][\/vc_column][\/vc_row]<\/p>\n","protected":false},"excerpt":{"rendered":"<p>[vc_row full_width=&#8221;stretch_row&#8221; equal_height=&#8221;yes&#8221; content_placement=&#8221;middle&#8221; css=&#8221;.vc_custom_1567084586525{margin-top: 50px !important;}&#8221;][vc_column][vc_column_text]Sayfam\u0131zda ba\u011f\u0131\u015flar\u0131n\u0131zla neler ba\u015fard\u0131\u011f\u0131n\u0131z\u0131, \u00e7ocuklar\u0131m\u0131z\u0131n size \u00f6zel mektuplar\u0131n\u0131 ve ba\u015far\u0131 hikayelerini, g\u00f6n\u00fcll\u00fclerimizin bize katt\u0131\u011f\u0131 de\u011ferleri, el\u00e7ilerimizin SOS \u00c7ocukk\u00f6y\u00fc Derne\u011fi i\u00e7in \u00f6zveri ile haz\u0131rlad\u0131\u011f\u0131 \u00fcr\u00fcnleri, size \u00f6zel avantajlar\u0131n haberlerini ve b\u00fcltenlerimizi yak\u0131ndan takip edebilecek, bizimle daha kolay ileti\u015fim kurabileceksiniz. Merak ettikleriniz i\u00e7in hemen ke\u015ffetmeye ba\u015flay\u0131n![\/vc_column_text][\/vc_column][\/vc_row][vc_row content_placement=&#8221;middle&#8221; css=&#8221;.vc_custom_1617011264041{margin-top: 50px !important;}&#8221;][vc_column width=&#8221;1\/3&#8243;][vc_single_image [&hellip;]<\/p>\n","protected":false},"author":29,"featured_media":0,"parent":0,"menu_order":0,"comment_status":"closed","ping_status":"closed","template":"","meta":{"h5ap_radio_sources":[],"footnotes":""},"class_list":["post-3455","page","type-page","status-publish","hentry"],"_links":{"self":[{"href":"https:\/\/soscocukkoyu.org\/en\/wp-json\/wp\/v2\/pages\/3455","targetHints":{"allow":["GET"]}}],"collection":[{"href":"https:\/\/soscocukkoyu.org\/en\/wp-json\/wp\/v2\/pages"}],"about":[{"href":"https:\/\/soscocukkoyu.org\/en\/wp-json\/wp\/v2\/types\/page"}],"author":[{"embeddable":true,"href":"https:\/\/soscocukkoyu.org\/en\/wp-json\/wp\/v2\/users\/29"}],"replies":[{"embeddable":true,"href":"https:\/\/soscocukkoyu.org\/en\/wp-json\/wp\/v2\/comments?post=3455"}],"version-history":[{"count":8,"href":"https:\/\/soscocukkoyu.org\/en\/wp-json\/wp\/v2\/pages\/3455\/revisions"}],"predecessor-version":[{"id":7417,"href":"https:\/\/soscocukkoyu.org\/en\/wp-json\/wp\/v2\/pages\/3455\/revisions\/7417"}],"wp:attachment":[{"href":"https:\/\/soscocukkoyu.org\/en\/wp-json\/wp\/v2\/media?parent=3455"}],"curies":[{"name":"wp","href":"https:\/\/api.w.org\/{rel}","templated":true}]}}