{"id":3542,"date":"2021-03-24T10:13:07","date_gmt":"2021-03-24T07:13:07","guid":{"rendered":"https:\/\/soscocukkoyu.org\/?page_id=3542"},"modified":"2026-02-16T14:44:26","modified_gmt":"2026-02-16T12:44:26","slug":"bulten","status":"publish","type":"page","link":"https:\/\/soscocukkoyu.org\/en\/bulten\/","title":{"rendered":"#iseeyou"},"content":{"rendered":"<p>[vc_row full_width=&#8221;stretch_row&#8221; equal_height=&#8221;yes&#8221; content_placement=&#8221;middle&#8221; css=&#8221;.vc_custom_1567084586525{margin-top: 50px !important;}&#8221;][vc_column][vc_single_image image=&#8221;2623&#8243; img_size=&#8221;full&#8221;]\n\n    <div class=\"nd_options_section nd_options_bg_white nd_options_border_radius_15  \">\n                                        \n        <div class=\"nd_options_section nd_options_box_sizing_border_box nd_options_padding_20 nd_options_text_align_center\">\n            \n            <img decoding=\"async\" alt=\"\" width=\"40\" src=\"\">\n            <div class=\"nd_options_section nd_options_height_5\"><\/div>\n            <h1 class=\"nd_options_font_size_40\">#senig\u00f6r\u00fcyorum<\/h1>\n            <div class=\"nd_options_section nd_options_height_10\"><\/div>\n            <h4 class=\"nd_options_color_grey nd_options_font_size_12 nd_options_text_transform_uppercase nd_options_letter_spacing_3 nd_options_second_font nd_options_font_weight_lighter\"><\/h4>\n\n        <\/div>\n\n    <\/div>\n\n  [vc_column_text]<\/p>\n<p style=\"text-align: justify;\">Bug\u00fcn ve her g\u00fcn \u00e7ocuk haklar\u0131n\u0131 g\u00f6r\u00fcn\u00fcr k\u0131lmak ve \u00e7ocuklar\u0131n ihmal ve istismar\u0131n\u0131n engellenmesi i\u00e7in m\u00fccadele etmeye devam ediyoruz. SOS \u00c7ocukk\u00f6y\u00fc Derne\u011fi 28 y\u0131ld\u0131r aile bak\u0131m\u0131n\u0131 kaybeden \u00e7ocuklara sevgi dolu yuvalar yarat\u0131yor ve risk alt\u0131ndaki \u00e7ocuklar\u0131n daha iyi ko\u015fullarda ya\u015famas\u0131 i\u00e7in \u00e7al\u0131\u015f\u0131yor. Bu y\u0131l \u00c7ocuk Haklar\u0131\u2019n\u0131n 30. y\u0131l\u0131n\u0131 kutluyoruz ve her \u00e7ocuk i\u00e7in her hakk\u0131 istemeye devam ediyoruz.<\/p>\n<p>[\/vc_column_text][\/vc_column][\/vc_row][vc_row content_placement=&#8221;middle&#8221;][vc_column][vc_column_text]<\/p>\n<p style=\"text-align: justify;\">\u00c7ocuklar\u0131n g\u00fcvenli bir ortamda ya\u015fama hakk\u0131 vard\u0131r. Kimse onlara k\u00f6t\u00fc davranmamal\u0131 veya zarar vermemelidir. Fiziksel, duygusal ve cinsel istismara ve ihmale maruz b\u0131rak\u0131lmamalar\u0131 i\u00e7in \u00f6nlemler al\u0131nmal\u0131d\u0131r. <a style=\"color: #00aeef;\">\u00c7OCUKLARIN \u0130HMAL VE \u0130ST\u0130SMARA U\u011eRADI\u011eININ FARKINDAYSANIZ<\/a> veya bu durumu kendiniz ya\u015fam\u0131\u015fsan\u0131z <a style=\"color: #00aeef;\">SESS\u0130Z KALMAYIN!<\/a><\/p>\n<p>[\/vc_column_text][vc_column_text]<\/p>\n<p style=\"text-align: justify;\">\u0130hmal edilmi\u015f, terk edilmi\u015f, istismara u\u011fram\u0131\u015f, aile bak\u0131m\u0131n\u0131 kaybetmi\u015f ve yurdundan kopar\u0131lm\u0131\u015f \u00e7ocuklar her yerde! Peki bizler ya\u015fam i\u00e7indeki ko\u015fu\u015fturmam\u0131zda, <a style=\"color: #00aeef;\">yar\u0131nlar\u0131 emanet edece\u011fimiz bu \u00e7ocuklar\u0131 g\u00f6r\u00fcyor muyuz?<\/a><\/p>\n<p>[\/vc_column_text][vc_column_text]<\/p>\n<p style=\"text-align: justify;\">Daha ayd\u0131nl\u0131k bir gelecek i\u00e7in hi\u00e7bir \u00e7ocuk g\u00f6rmezden gelinmemelidir! Gelece\u011fi de\u011fi\u015ftirebilirsiniz!<\/p>\n<p>[\/vc_column_text][vc_column_text]<\/p>\n<p style=\"text-align: justify;\"><a style=\"color: #00aeef;\">\u00c7ocuklar\u0131n bak\u0131m ve korunma hakk\u0131 i\u00e7in bize kat\u0131l\u0131n! T\u00fcm \u00e7ocuklar\u0131 g\u00f6r\u00fcn\u00fcr k\u0131lal\u0131m.<\/a><\/p>\n<p>[\/vc_column_text][\/vc_column][\/vc_row][vc_row css=&#8221;.vc_custom_1553497851430{margin-bottom: 50px !important;}&#8221;][vc_column][vc_column_text]Herhangi bir \u00e7ocuk haklar\u0131 ihlalinde;<\/p>\n<ul>\n<li>KKTC Panik Butonu uygulamas\u0131n\u0131 indirerek ihbar \u00e7a\u011fr\u0131s\u0131nda bulunabilirsin.<\/li>\n<li>ALO 183 hatt\u0131n\u0131 arayarak ihbarda bulunabilirsin.<\/li>\n<li>ALO 155 Polis hatt\u0131 veya en yak\u0131n polis birimini arayarak \u015fikayet\u00e7i olabilirsin.<\/li>\n<\/ul>\n<p>[\/vc_column_text]\n\n    <div class=\"nd_options_section nd_options_bg_white nd_options_border_radius_15  \">\n                                        \n        <div class=\"nd_options_section nd_options_box_sizing_border_box nd_options_padding_20 nd_options_text_align_center\">\n            \n            <img decoding=\"async\" alt=\"\" width=\"40\" src=\"\">\n            <div class=\"nd_options_section nd_options_height_5\"><\/div>\n            <h1 class=\"nd_options_font_size_40\">Ba\u011f\u0131\u015fta Bulun<\/h1>\n            <div class=\"nd_options_section nd_options_height_10\"><\/div>\n            <h4 class=\"nd_options_color_grey nd_options_font_size_12 nd_options_text_transform_uppercase nd_options_letter_spacing_3 nd_options_second_font nd_options_font_weight_lighter\"><\/h4>\n\n        <\/div>\n\n    <\/div>\n\n  [vc_column_text]<\/p>\n<p style=\"text-align: center;\">Online olarak ba\u011f\u0131\u015f yapmak i\u00e7in <a style=\"color: #00aeef;\" href=\"https:\/\/soscocukkoyu.org\/en\/bagista-bulun\/\">t\u0131klay\u0131n\u0131z.<\/a><\/p>\n<p>[\/vc_column_text][vc_empty_space][vc_single_image image=&#8221;2624&#8243; img_size=&#8221;full&#8221;][\/vc_column][\/vc_row]<\/p>\n","protected":false},"excerpt":{"rendered":"<p>[vc_row full_width=&#8221;stretch_row&#8221; equal_height=&#8221;yes&#8221; content_placement=&#8221;middle&#8221; css=&#8221;.vc_custom_1567084586525{margin-top: 50px !important;}&#8221;][vc_column][vc_single_image image=&#8221;2623&#8243; img_size=&#8221;full&#8221;][vc_column_text] Bug\u00fcn ve her g\u00fcn \u00e7ocuk haklar\u0131n\u0131 g\u00f6r\u00fcn\u00fcr k\u0131lmak ve \u00e7ocuklar\u0131n ihmal ve istismar\u0131n\u0131n engellenmesi i\u00e7in m\u00fccadele etmeye devam ediyoruz. SOS \u00c7ocukk\u00f6y\u00fc Derne\u011fi 28 y\u0131ld\u0131r aile bak\u0131m\u0131n\u0131 kaybeden \u00e7ocuklara sevgi dolu yuvalar yarat\u0131yor ve risk alt\u0131ndaki \u00e7ocuklar\u0131n daha iyi ko\u015fullarda ya\u015famas\u0131 i\u00e7in \u00e7al\u0131\u015f\u0131yor. Bu y\u0131l \u00c7ocuk Haklar\u0131\u2019n\u0131n [&hellip;]<\/p>\n","protected":false},"author":29,"featured_media":0,"parent":0,"menu_order":0,"comment_status":"closed","ping_status":"closed","template":"","meta":{"h5ap_radio_sources":[],"footnotes":""},"class_list":["post-3542","page","type-page","status-publish","hentry"],"_links":{"self":[{"href":"https:\/\/soscocukkoyu.org\/en\/wp-json\/wp\/v2\/pages\/3542","targetHints":{"allow":["GET"]}}],"collection":[{"href":"https:\/\/soscocukkoyu.org\/en\/wp-json\/wp\/v2\/pages"}],"about":[{"href":"https:\/\/soscocukkoyu.org\/en\/wp-json\/wp\/v2\/types\/page"}],"author":[{"embeddable":true,"href":"https:\/\/soscocukkoyu.org\/en\/wp-json\/wp\/v2\/users\/29"}],"replies":[{"embeddable":true,"href":"https:\/\/soscocukkoyu.org\/en\/wp-json\/wp\/v2\/comments?post=3542"}],"version-history":[{"count":38,"href":"https:\/\/soscocukkoyu.org\/en\/wp-json\/wp\/v2\/pages\/3542\/revisions"}],"predecessor-version":[{"id":7604,"href":"https:\/\/soscocukkoyu.org\/en\/wp-json\/wp\/v2\/pages\/3542\/revisions\/7604"}],"wp:attachment":[{"href":"https:\/\/soscocukkoyu.org\/en\/wp-json\/wp\/v2\/media?parent=3542"}],"curies":[{"name":"wp","href":"https:\/\/api.w.org\/{rel}","templated":true}]}}