{"id":3987,"date":"2021-08-30T12:34:02","date_gmt":"2021-08-30T09:34:02","guid":{"rendered":"https:\/\/soscocukkoyu.org\/?page_id=3987"},"modified":"2024-03-13T15:47:31","modified_gmt":"2024-03-13T12:47:31","slug":"mutlu-gun-urunleri","status":"publish","type":"page","link":"https:\/\/soscocukkoyu.org\/en\/mutlu-gun-urunleri\/","title":{"rendered":"Mutlu G\u00fcn \u00dcr\u00fcnleri"},"content":{"rendered":"<p>[vc_row full_width=&#8221;stretch_row&#8221; equal_height=&#8221;yes&#8221; content_placement=&#8221;middle&#8221;][vc_column]\n\n    <div class=\"nd_options_section nd_options_bg_white nd_options_border_radius_15  \">\n                                        \n        <div class=\"nd_options_section nd_options_box_sizing_border_box nd_options_padding_20 nd_options_text_align_center\">\n            \n            <img decoding=\"async\" alt=\"\" width=\"40\" src=\"\">\n            <div class=\"nd_options_section nd_options_height_5\"><\/div>\n            <h1 class=\"nd_options_font_size_40\">E-KARTLAR<\/h1>\n            <div class=\"nd_options_section nd_options_height_10\"><\/div>\n            <h4 class=\"nd_options_color_grey nd_options_font_size_12 nd_options_text_transform_uppercase nd_options_letter_spacing_3 nd_options_second_font nd_options_font_weight_lighter\"><\/h4>\n\n        <\/div>\n\n    <\/div>\n\n  <div class=\"woocommerce columns-4 \"><ul class=\"products columns-4\">\n<li class=\"product type-product post-3149 status-publish first instock product_cat-e-kartlar has-post-thumbnail featured virtual purchasable product-type-simple\">\n\t<a href=\"https:\/\/soscocukkoyu.org\/en\/urun\/yeni-yil-karti\/\" class=\"woocommerce-LoopProduct-link woocommerce-loop-product__link\"><img loading=\"lazy\" decoding=\"async\" width=\"300\" height=\"300\" src=\"https:\/\/soscocukkoyu.org\/wp-content\/uploads\/2020\/11\/SOS-YENI-YIL-E-KART1a-1-300x300.png\" class=\"attachment-woocommerce_thumbnail size-woocommerce_thumbnail\" alt=\"Yeni Y\u0131l Kart\u0131\" srcset=\"https:\/\/soscocukkoyu.org\/wp-content\/uploads\/2020\/11\/SOS-YENI-YIL-E-KART1a-1-300x300.png 300w, https:\/\/soscocukkoyu.org\/wp-content\/uploads\/2020\/11\/SOS-YENI-YIL-E-KART1a-1-150x150.png 150w, https:\/\/soscocukkoyu.org\/wp-content\/uploads\/2020\/11\/SOS-YENI-YIL-E-KART1a-1-100x100.png 100w, https:\/\/soscocukkoyu.org\/wp-content\/uploads\/2020\/11\/SOS-YENI-YIL-E-KART1a-1-400x400.png 400w\" sizes=\"auto, (max-width: 300px) 100vw, 300px\" \/><h2 class=\"woocommerce-loop-product__title\">Yeni Y\u0131l Kart\u0131<\/h2>\n<\/a><a href=\"https:\/\/soscocukkoyu.org\/en\/urun\/yeni-yil-karti\/\" aria-describedby=\"woocommerce_loop_add_to_cart_link_describedby_3149\" data-quantity=\"1\" class=\"button product_type_simple add_to_cart_button\" data-product_id=\"3149\" data-product_sku=\"\" aria-label=\"Add to basket: &ldquo;Yeni Y\u0131l Kart\u0131&rdquo;\" rel=\"nofollow\" data-success_message=\"&ldquo;Yeni Y\u0131l Kart\u0131&rdquo; has been added to your cart\">Read more<\/a>\t<span id=\"woocommerce_loop_add_to_cart_link_describedby_3149\" class=\"screen-reader-text\">\n\t\t\t<\/span>\n<\/li>\n<li class=\"product type-product post-3268 status-publish instock product_cat-e-kartlar has-post-thumbnail virtual purchasable product-type-simple\">\n\t<a href=\"https:\/\/soscocukkoyu.org\/en\/urun\/yeni-yil-karti-ingilizce\/\" class=\"woocommerce-LoopProduct-link woocommerce-loop-product__link\"><img loading=\"lazy\" decoding=\"async\" width=\"300\" height=\"300\" src=\"https:\/\/soscocukkoyu.org\/wp-content\/uploads\/2020\/12\/SOS-YENI-YIL-E-KART-ENG-1b-1-300x300.png\" class=\"attachment-woocommerce_thumbnail size-woocommerce_thumbnail\" alt=\"Yeni Y\u0131l Kart\u0131 (\u0130ngilizce)\" srcset=\"https:\/\/soscocukkoyu.org\/wp-content\/uploads\/2020\/12\/SOS-YENI-YIL-E-KART-ENG-1b-1-300x300.png 300w, https:\/\/soscocukkoyu.org\/wp-content\/uploads\/2020\/12\/SOS-YENI-YIL-E-KART-ENG-1b-1-150x150.png 150w, https:\/\/soscocukkoyu.org\/wp-content\/uploads\/2020\/12\/SOS-YENI-YIL-E-KART-ENG-1b-1-100x100.png 100w, https:\/\/soscocukkoyu.org\/wp-content\/uploads\/2020\/12\/SOS-YENI-YIL-E-KART-ENG-1b-1-400x400.png 400w\" sizes=\"auto, (max-width: 300px) 100vw, 300px\" \/><h2 class=\"woocommerce-loop-product__title\">Yeni Y\u0131l Kart\u0131 (\u0130ngilizce)<\/h2>\n<\/a><a href=\"https:\/\/soscocukkoyu.org\/en\/urun\/yeni-yil-karti-ingilizce\/\" aria-describedby=\"woocommerce_loop_add_to_cart_link_describedby_3268\" data-quantity=\"1\" class=\"button product_type_simple add_to_cart_button\" data-product_id=\"3268\" data-product_sku=\"\" aria-label=\"Add to basket: &ldquo;Yeni Y\u0131l Kart\u0131 (\u0130ngilizce)&rdquo;\" rel=\"nofollow\" data-success_message=\"&ldquo;Yeni Y\u0131l Kart\u0131 (\u0130ngilizce)&rdquo; has been added to your cart\">Read more<\/a>\t<span id=\"woocommerce_loop_add_to_cart_link_describedby_3268\" class=\"screen-reader-text\">\n\t\t\t<\/span>\n<\/li>\n<li class=\"product type-product post-2893 status-publish instock product_cat-e-kartlar has-post-thumbnail virtual purchasable product-type-simple\">\n\t<a href=\"https:\/\/soscocukkoyu.org\/en\/urun\/yil-donumu-karti\/\" class=\"woocommerce-LoopProduct-link woocommerce-loop-product__link\"><img loading=\"lazy\" decoding=\"async\" width=\"300\" height=\"300\" src=\"https:\/\/soscocukkoyu.org\/wp-content\/uploads\/2020\/05\/yil-donumu-ornek-300x300.jpg\" class=\"attachment-woocommerce_thumbnail size-woocommerce_thumbnail\" alt=\"Y\u0131l D\u00f6n\u00fcm\u00fc Kart\u0131\" srcset=\"https:\/\/soscocukkoyu.org\/wp-content\/uploads\/2020\/05\/yil-donumu-ornek-300x300.jpg 300w, https:\/\/soscocukkoyu.org\/wp-content\/uploads\/2020\/05\/yil-donumu-ornek-150x150.jpg 150w, https:\/\/soscocukkoyu.org\/wp-content\/uploads\/2020\/05\/yil-donumu-ornek-100x100.jpg 100w\" sizes=\"auto, (max-width: 300px) 100vw, 300px\" \/><h2 class=\"woocommerce-loop-product__title\">Y\u0131l D\u00f6n\u00fcm\u00fc Kart\u0131<\/h2>\n<\/a><a href=\"https:\/\/soscocukkoyu.org\/en\/urun\/yil-donumu-karti\/\" aria-describedby=\"woocommerce_loop_add_to_cart_link_describedby_2893\" data-quantity=\"1\" class=\"button product_type_simple add_to_cart_button\" data-product_id=\"2893\" data-product_sku=\"\" aria-label=\"Add to basket: &ldquo;Y\u0131l D\u00f6n\u00fcm\u00fc Kart\u0131&rdquo;\" rel=\"nofollow\" data-success_message=\"&ldquo;Y\u0131l D\u00f6n\u00fcm\u00fc Kart\u0131&rdquo; has been added to your cart\">Read more<\/a>\t<span id=\"woocommerce_loop_add_to_cart_link_describedby_2893\" class=\"screen-reader-text\">\n\t\t\t<\/span>\n<\/li>\n<li class=\"product type-product post-4142 status-publish last instock product_cat-e-kartlar has-post-thumbnail virtual purchasable product-type-simple\">\n\t<a href=\"https:\/\/soscocukkoyu.org\/en\/urun\/yeni-is-tebrigi-karti\/\" class=\"woocommerce-LoopProduct-link woocommerce-loop-product__link\"><img loading=\"lazy\" decoding=\"async\" width=\"300\" height=\"300\" src=\"https:\/\/soscocukkoyu.org\/wp-content\/uploads\/2021\/10\/is-tebrigi-ornek-300x300.jpg\" class=\"attachment-woocommerce_thumbnail size-woocommerce_thumbnail\" alt=\"Yeni \u0130\u015f Tebri\u011fi Kart\u0131\" srcset=\"https:\/\/soscocukkoyu.org\/wp-content\/uploads\/2021\/10\/is-tebrigi-ornek-300x300.jpg 300w, https:\/\/soscocukkoyu.org\/wp-content\/uploads\/2021\/10\/is-tebrigi-ornek-150x150.jpg 150w, https:\/\/soscocukkoyu.org\/wp-content\/uploads\/2021\/10\/is-tebrigi-ornek-100x100.jpg 100w\" sizes=\"auto, (max-width: 300px) 100vw, 300px\" \/><h2 class=\"woocommerce-loop-product__title\">Yeni \u0130\u015f Tebri\u011fi Kart\u0131<\/h2>\n<\/a><a href=\"https:\/\/soscocukkoyu.org\/en\/urun\/yeni-is-tebrigi-karti\/\" aria-describedby=\"woocommerce_loop_add_to_cart_link_describedby_4142\" data-quantity=\"1\" class=\"button product_type_simple add_to_cart_button\" data-product_id=\"4142\" data-product_sku=\"\" aria-label=\"Add to basket: &ldquo;Yeni \u0130\u015f Tebri\u011fi Kart\u0131&rdquo;\" rel=\"nofollow\" data-success_message=\"&ldquo;Yeni \u0130\u015f Tebri\u011fi Kart\u0131&rdquo; has been added to your cart\">Read more<\/a>\t<span id=\"woocommerce_loop_add_to_cart_link_describedby_4142\" class=\"screen-reader-text\">\n\t\t\t<\/span>\n<\/li>\n<li class=\"product type-product post-3333 status-publish first instock product_cat-e-kartlar has-post-thumbnail virtual purchasable product-type-simple\">\n\t<a href=\"https:\/\/soscocukkoyu.org\/en\/urun\/sevgililer-gunu-karti\/\" class=\"woocommerce-LoopProduct-link woocommerce-loop-product__link\"><img loading=\"lazy\" decoding=\"async\" width=\"300\" height=\"300\" src=\"https:\/\/soscocukkoyu.org\/wp-content\/uploads\/2021\/01\/Sevgililer-gunu-yeni-kart-web-sitesi-300x300.jpg\" class=\"attachment-woocommerce_thumbnail size-woocommerce_thumbnail\" alt=\"Sevgililer G\u00fcn\u00fc Kart\u0131\" srcset=\"https:\/\/soscocukkoyu.org\/wp-content\/uploads\/2021\/01\/Sevgililer-gunu-yeni-kart-web-sitesi-300x300.jpg 300w, https:\/\/soscocukkoyu.org\/wp-content\/uploads\/2021\/01\/Sevgililer-gunu-yeni-kart-web-sitesi-150x150.jpg 150w, https:\/\/soscocukkoyu.org\/wp-content\/uploads\/2021\/01\/Sevgililer-gunu-yeni-kart-web-sitesi-100x100.jpg 100w, https:\/\/soscocukkoyu.org\/wp-content\/uploads\/2021\/01\/Sevgililer-gunu-yeni-kart-web-sitesi-400x400.jpg 400w\" sizes=\"auto, (max-width: 300px) 100vw, 300px\" \/><h2 class=\"woocommerce-loop-product__title\">Sevgililer G\u00fcn\u00fc Kart\u0131<\/h2>\n<\/a><a href=\"https:\/\/soscocukkoyu.org\/en\/urun\/sevgililer-gunu-karti\/\" aria-describedby=\"woocommerce_loop_add_to_cart_link_describedby_3333\" data-quantity=\"1\" class=\"button product_type_simple add_to_cart_button\" data-product_id=\"3333\" data-product_sku=\"\" aria-label=\"Add to basket: &ldquo;Sevgililer G\u00fcn\u00fc Kart\u0131&rdquo;\" rel=\"nofollow\" data-success_message=\"&ldquo;Sevgililer G\u00fcn\u00fc Kart\u0131&rdquo; has been added to your cart\">Read more<\/a>\t<span id=\"woocommerce_loop_add_to_cart_link_describedby_3333\" class=\"screen-reader-text\">\n\t\t\t<\/span>\n<\/li>\n<li class=\"product type-product post-3158 status-publish instock product_cat-e-kartlar has-post-thumbnail virtual purchasable product-type-simple\">\n\t<a href=\"https:\/\/soscocukkoyu.org\/en\/urun\/ogretmenler-gunu-karti\/\" class=\"woocommerce-LoopProduct-link woocommerce-loop-product__link\"><img loading=\"lazy\" decoding=\"async\" width=\"300\" height=\"300\" src=\"https:\/\/soscocukkoyu.org\/wp-content\/uploads\/2020\/11\/ogretmenler-gunu-ornek-300x300.jpg\" class=\"attachment-woocommerce_thumbnail size-woocommerce_thumbnail\" alt=\"\u00d6\u011fretmenler G\u00fcn\u00fc Kart\u0131\" srcset=\"https:\/\/soscocukkoyu.org\/wp-content\/uploads\/2020\/11\/ogretmenler-gunu-ornek-300x300.jpg 300w, https:\/\/soscocukkoyu.org\/wp-content\/uploads\/2020\/11\/ogretmenler-gunu-ornek-150x150.jpg 150w, https:\/\/soscocukkoyu.org\/wp-content\/uploads\/2020\/11\/ogretmenler-gunu-ornek-100x100.jpg 100w\" sizes=\"auto, (max-width: 300px) 100vw, 300px\" \/><h2 class=\"woocommerce-loop-product__title\">\u00d6\u011fretmenler G\u00fcn\u00fc Kart\u0131<\/h2>\n<\/a><a href=\"https:\/\/soscocukkoyu.org\/en\/urun\/ogretmenler-gunu-karti\/\" aria-describedby=\"woocommerce_loop_add_to_cart_link_describedby_3158\" data-quantity=\"1\" class=\"button product_type_simple add_to_cart_button\" data-product_id=\"3158\" data-product_sku=\"\" aria-label=\"Add to basket: &ldquo;\u00d6\u011fretmenler G\u00fcn\u00fc Kart\u0131&rdquo;\" rel=\"nofollow\" data-success_message=\"&ldquo;\u00d6\u011fretmenler G\u00fcn\u00fc Kart\u0131&rdquo; has been added to your cart\">Read more<\/a>\t<span id=\"woocommerce_loop_add_to_cart_link_describedby_3158\" class=\"screen-reader-text\">\n\t\t\t<\/span>\n<\/li>\n<li class=\"product type-product post-7951 status-publish instock product_cat-e-kartlar has-post-thumbnail virtual sold-individually purchasable product-type-simple\">\n\t<a href=\"https:\/\/soscocukkoyu.org\/en\/urun\/kurumsal-destekci-karti\/\" class=\"woocommerce-LoopProduct-link woocommerce-loop-product__link\"><img loading=\"lazy\" decoding=\"async\" width=\"300\" height=\"300\" src=\"https:\/\/soscocukkoyu.org\/wp-content\/uploads\/2024\/11\/SOS-KURUMSAL-DESTEKCI-E-KART-1-300x300.png\" class=\"attachment-woocommerce_thumbnail size-woocommerce_thumbnail\" alt=\"Do\u011fum G\u00fcn\u00fc Kart\u0131\" srcset=\"https:\/\/soscocukkoyu.org\/wp-content\/uploads\/2024\/11\/SOS-KURUMSAL-DESTEKCI-E-KART-1-300x300.png 300w, https:\/\/soscocukkoyu.org\/wp-content\/uploads\/2024\/11\/SOS-KURUMSAL-DESTEKCI-E-KART-1-150x150.png 150w, https:\/\/soscocukkoyu.org\/wp-content\/uploads\/2024\/11\/SOS-KURUMSAL-DESTEKCI-E-KART-1-100x100.png 100w, https:\/\/soscocukkoyu.org\/wp-content\/uploads\/2024\/11\/SOS-KURUMSAL-DESTEKCI-E-KART-1-400x400.png 400w\" sizes=\"auto, (max-width: 300px) 100vw, 300px\" \/><h2 class=\"woocommerce-loop-product__title\">Do\u011fum G\u00fcn\u00fc Kart\u0131<\/h2>\n<\/a><a href=\"https:\/\/soscocukkoyu.org\/en\/urun\/kurumsal-destekci-karti\/\" aria-describedby=\"woocommerce_loop_add_to_cart_link_describedby_7951\" data-quantity=\"1\" class=\"button product_type_simple add_to_cart_button\" data-product_id=\"7951\" data-product_sku=\"\" aria-label=\"Add to basket: &ldquo;Do\u011fum G\u00fcn\u00fc Kart\u0131&rdquo;\" rel=\"nofollow\" data-success_message=\"&ldquo;Do\u011fum G\u00fcn\u00fc Kart\u0131&rdquo; has been added to your cart\">Read more<\/a>\t<span id=\"woocommerce_loop_add_to_cart_link_describedby_7951\" class=\"screen-reader-text\">\n\t\t\t<\/span>\n<\/li>\n<li class=\"product type-product post-2902 status-publish last instock product_cat-e-kartlar has-post-thumbnail virtual purchasable product-type-simple\">\n\t<a href=\"https:\/\/soscocukkoyu.org\/en\/urun\/icimden-geldi-karti\/\" class=\"woocommerce-LoopProduct-link woocommerce-loop-product__link\"><img loading=\"lazy\" decoding=\"async\" width=\"300\" height=\"300\" src=\"https:\/\/soscocukkoyu.org\/wp-content\/uploads\/2020\/05\/icimden-geldi-ornek-300x300.jpg\" class=\"attachment-woocommerce_thumbnail size-woocommerce_thumbnail\" alt=\"\u0130\u00e7imden Geldi Kart\u0131\" srcset=\"https:\/\/soscocukkoyu.org\/wp-content\/uploads\/2020\/05\/icimden-geldi-ornek-300x300.jpg 300w, https:\/\/soscocukkoyu.org\/wp-content\/uploads\/2020\/05\/icimden-geldi-ornek-150x150.jpg 150w, https:\/\/soscocukkoyu.org\/wp-content\/uploads\/2020\/05\/icimden-geldi-ornek-100x100.jpg 100w\" sizes=\"auto, (max-width: 300px) 100vw, 300px\" \/><h2 class=\"woocommerce-loop-product__title\">\u0130\u00e7imden Geldi Kart\u0131<\/h2>\n<\/a><a href=\"https:\/\/soscocukkoyu.org\/en\/urun\/icimden-geldi-karti\/\" aria-describedby=\"woocommerce_loop_add_to_cart_link_describedby_2902\" data-quantity=\"1\" class=\"button product_type_simple add_to_cart_button\" data-product_id=\"2902\" data-product_sku=\"\" aria-label=\"Add to basket: &ldquo;\u0130\u00e7imden Geldi Kart\u0131&rdquo;\" rel=\"nofollow\" data-success_message=\"&ldquo;\u0130\u00e7imden Geldi Kart\u0131&rdquo; has been added to your cart\">Read more<\/a>\t<span id=\"woocommerce_loop_add_to_cart_link_describedby_2902\" class=\"screen-reader-text\">\n\t\t\t<\/span>\n<\/li>\n<li class=\"product type-product post-2975 status-publish first instock product_cat-e-kartlar has-post-thumbnail virtual purchasable product-type-simple\">\n\t<a href=\"https:\/\/soscocukkoyu.org\/en\/urun\/hosgeldin-bebek-karti\/\" class=\"woocommerce-LoopProduct-link woocommerce-loop-product__link\"><img loading=\"lazy\" decoding=\"async\" width=\"300\" height=\"300\" src=\"https:\/\/soscocukkoyu.org\/wp-content\/uploads\/2020\/06\/hosgeldin-bebek-ornek-300x300.jpg\" class=\"attachment-woocommerce_thumbnail size-woocommerce_thumbnail\" alt=\"Ho\u015fgeldin Bebek Kart\u0131\" srcset=\"https:\/\/soscocukkoyu.org\/wp-content\/uploads\/2020\/06\/hosgeldin-bebek-ornek-300x300.jpg 300w, https:\/\/soscocukkoyu.org\/wp-content\/uploads\/2020\/06\/hosgeldin-bebek-ornek-150x150.jpg 150w, https:\/\/soscocukkoyu.org\/wp-content\/uploads\/2020\/06\/hosgeldin-bebek-ornek-100x100.jpg 100w\" sizes=\"auto, (max-width: 300px) 100vw, 300px\" \/><h2 class=\"woocommerce-loop-product__title\">Ho\u015fgeldin Bebek Kart\u0131<\/h2>\n<\/a><a href=\"https:\/\/soscocukkoyu.org\/en\/urun\/hosgeldin-bebek-karti\/\" aria-describedby=\"woocommerce_loop_add_to_cart_link_describedby_2975\" data-quantity=\"1\" class=\"button product_type_simple add_to_cart_button\" data-product_id=\"2975\" data-product_sku=\"\" aria-label=\"Add to basket: &ldquo;Ho\u015fgeldin Bebek Kart\u0131&rdquo;\" rel=\"nofollow\" data-success_message=\"&ldquo;Ho\u015fgeldin Bebek Kart\u0131&rdquo; has been added to your cart\">Read more<\/a>\t<span id=\"woocommerce_loop_add_to_cart_link_describedby_2975\" class=\"screen-reader-text\">\n\t\t\t<\/span>\n<\/li>\n<li class=\"product type-product post-4140 status-publish instock product_cat-e-kartlar has-post-thumbnail virtual purchasable product-type-simple\">\n\t<a href=\"https:\/\/soscocukkoyu.org\/en\/urun\/gecmis-olsun-karti\/\" class=\"woocommerce-LoopProduct-link woocommerce-loop-product__link\"><img loading=\"lazy\" decoding=\"async\" width=\"300\" height=\"300\" src=\"https:\/\/soscocukkoyu.org\/wp-content\/uploads\/2021\/10\/gecmis-olsun-ornek-300x300.jpg\" class=\"attachment-woocommerce_thumbnail size-woocommerce_thumbnail\" alt=\"Ge\u00e7mi\u015f Olsun Kart\u0131\" srcset=\"https:\/\/soscocukkoyu.org\/wp-content\/uploads\/2021\/10\/gecmis-olsun-ornek-300x300.jpg 300w, https:\/\/soscocukkoyu.org\/wp-content\/uploads\/2021\/10\/gecmis-olsun-ornek-150x150.jpg 150w, https:\/\/soscocukkoyu.org\/wp-content\/uploads\/2021\/10\/gecmis-olsun-ornek-100x100.jpg 100w\" sizes=\"auto, (max-width: 300px) 100vw, 300px\" \/><h2 class=\"woocommerce-loop-product__title\">Ge\u00e7mi\u015f Olsun Kart\u0131<\/h2>\n<\/a><a href=\"https:\/\/soscocukkoyu.org\/en\/urun\/gecmis-olsun-karti\/\" aria-describedby=\"woocommerce_loop_add_to_cart_link_describedby_4140\" data-quantity=\"1\" class=\"button product_type_simple add_to_cart_button\" data-product_id=\"4140\" data-product_sku=\"\" aria-label=\"Add to basket: &ldquo;Ge\u00e7mi\u015f Olsun Kart\u0131&rdquo;\" rel=\"nofollow\" data-success_message=\"&ldquo;Ge\u00e7mi\u015f Olsun Kart\u0131&rdquo; has been added to your cart\">Read more<\/a>\t<span id=\"woocommerce_loop_add_to_cart_link_describedby_4140\" class=\"screen-reader-text\">\n\t\t\t<\/span>\n<\/li>\n<li class=\"product type-product post-2890 status-publish instock product_cat-e-kartlar has-post-thumbnail virtual sold-individually purchasable product-type-simple\">\n\t<a href=\"https:\/\/soscocukkoyu.org\/en\/urun\/dogum-gunu-karti\/\" class=\"woocommerce-LoopProduct-link woocommerce-loop-product__link\"><img loading=\"lazy\" decoding=\"async\" width=\"300\" height=\"300\" src=\"https:\/\/soscocukkoyu.org\/wp-content\/uploads\/2020\/05\/dogum-gunu-ornek-300x300.jpg\" class=\"attachment-woocommerce_thumbnail size-woocommerce_thumbnail\" alt=\"Do\u011fum G\u00fcn\u00fc Kart\u0131\" srcset=\"https:\/\/soscocukkoyu.org\/wp-content\/uploads\/2020\/05\/dogum-gunu-ornek-300x300.jpg 300w, https:\/\/soscocukkoyu.org\/wp-content\/uploads\/2020\/05\/dogum-gunu-ornek-150x150.jpg 150w, https:\/\/soscocukkoyu.org\/wp-content\/uploads\/2020\/05\/dogum-gunu-ornek-100x100.jpg 100w\" sizes=\"auto, (max-width: 300px) 100vw, 300px\" \/><h2 class=\"woocommerce-loop-product__title\">Do\u011fum G\u00fcn\u00fc Kart\u0131<\/h2>\n<\/a><a href=\"https:\/\/soscocukkoyu.org\/en\/urun\/dogum-gunu-karti\/\" aria-describedby=\"woocommerce_loop_add_to_cart_link_describedby_2890\" data-quantity=\"1\" class=\"button product_type_simple add_to_cart_button\" data-product_id=\"2890\" data-product_sku=\"\" aria-label=\"Add to basket: &ldquo;Do\u011fum G\u00fcn\u00fc Kart\u0131&rdquo;\" rel=\"nofollow\" data-success_message=\"&ldquo;Do\u011fum G\u00fcn\u00fc Kart\u0131&rdquo; has been added to your cart\">Read more<\/a>\t<span id=\"woocommerce_loop_add_to_cart_link_describedby_2890\" class=\"screen-reader-text\">\n\t\t\t<\/span>\n<\/li>\n<li class=\"product type-product post-2901 status-publish last instock product_cat-e-kartlar has-post-thumbnail virtual purchasable product-type-simple\">\n\t<a href=\"https:\/\/soscocukkoyu.org\/en\/urun\/babalar-gunu-karti\/\" class=\"woocommerce-LoopProduct-link woocommerce-loop-product__link\"><img loading=\"lazy\" decoding=\"async\" width=\"300\" height=\"300\" src=\"https:\/\/soscocukkoyu.org\/wp-content\/uploads\/2020\/05\/babalar-gunu-ornek-300x300.jpg\" class=\"attachment-woocommerce_thumbnail size-woocommerce_thumbnail\" alt=\"Babalar G\u00fcn\u00fc Kart\u0131\" srcset=\"https:\/\/soscocukkoyu.org\/wp-content\/uploads\/2020\/05\/babalar-gunu-ornek-300x300.jpg 300w, https:\/\/soscocukkoyu.org\/wp-content\/uploads\/2020\/05\/babalar-gunu-ornek-150x150.jpg 150w, https:\/\/soscocukkoyu.org\/wp-content\/uploads\/2020\/05\/babalar-gunu-ornek-100x100.jpg 100w\" sizes=\"auto, (max-width: 300px) 100vw, 300px\" \/><h2 class=\"woocommerce-loop-product__title\">Babalar G\u00fcn\u00fc Kart\u0131<\/h2>\n<\/a><a href=\"https:\/\/soscocukkoyu.org\/en\/urun\/babalar-gunu-karti\/\" aria-describedby=\"woocommerce_loop_add_to_cart_link_describedby_2901\" data-quantity=\"1\" class=\"button product_type_simple add_to_cart_button\" data-product_id=\"2901\" data-product_sku=\"\" aria-label=\"Add to basket: &ldquo;Babalar G\u00fcn\u00fc Kart\u0131&rdquo;\" rel=\"nofollow\" data-success_message=\"&ldquo;Babalar G\u00fcn\u00fc Kart\u0131&rdquo; has been added to your cart\">Read more<\/a>\t<span id=\"woocommerce_loop_add_to_cart_link_describedby_2901\" class=\"screen-reader-text\">\n\t\t\t<\/span>\n<\/li>\n<\/ul>\n<\/div>[\/vc_column][\/vc_row][vc_row full_width=&#8221;stretch_row&#8221; equal_height=&#8221;yes&#8221; content_placement=&#8221;middle&#8221;][vc_column][vc_empty_space height=&#8221;25px&#8221;][\/vc_column][\/vc_row]<\/p>\n","protected":false},"excerpt":{"rendered":"<p>[vc_row full_width=&#8221;stretch_row&#8221; equal_height=&#8221;yes&#8221; content_placement=&#8221;middle&#8221;][vc_column][\/vc_column][\/vc_row][vc_row full_width=&#8221;stretch_row&#8221; equal_height=&#8221;yes&#8221; content_placement=&#8221;middle&#8221;][vc_column][vc_empty_space height=&#8221;25px&#8221;][\/vc_column][\/vc_row]<\/p>\n","protected":false},"author":29,"featured_media":0,"parent":0,"menu_order":0,"comment_status":"closed","ping_status":"closed","template":"","meta":{"h5ap_radio_sources":[],"footnotes":""},"class_list":["post-3987","page","type-page","status-publish","hentry"],"_links":{"self":[{"href":"https:\/\/soscocukkoyu.org\/en\/wp-json\/wp\/v2\/pages\/3987","targetHints":{"allow":["GET"]}}],"collection":[{"href":"https:\/\/soscocukkoyu.org\/en\/wp-json\/wp\/v2\/pages"}],"about":[{"href":"https:\/\/soscocukkoyu.org\/en\/wp-json\/wp\/v2\/types\/page"}],"author":[{"embeddable":true,"href":"https:\/\/soscocukkoyu.org\/en\/wp-json\/wp\/v2\/users\/29"}],"replies":[{"embeddable":true,"href":"https:\/\/soscocukkoyu.org\/en\/wp-json\/wp\/v2\/comments?post=3987"}],"version-history":[{"count":24,"href":"https:\/\/soscocukkoyu.org\/en\/wp-json\/wp\/v2\/pages\/3987\/revisions"}],"predecessor-version":[{"id":7388,"href":"https:\/\/soscocukkoyu.org\/en\/wp-json\/wp\/v2\/pages\/3987\/revisions\/7388"}],"wp:attachment":[{"href":"https:\/\/soscocukkoyu.org\/en\/wp-json\/wp\/v2\/media?parent=3987"}],"curies":[{"name":"wp","href":"https:\/\/api.w.org\/{rel}","templated":true}]}}