{"id":4062,"date":"2021-09-08T09:56:54","date_gmt":"2021-09-08T06:56:54","guid":{"rendered":"https:\/\/soscocukkoyu.org\/?page_id=4062"},"modified":"2021-09-08T09:56:54","modified_gmt":"2021-09-08T06:56:54","slug":"yeni-dogan-urunleri","status":"publish","type":"page","link":"https:\/\/soscocukkoyu.org\/en\/yeni-dogan-urunleri\/","title":{"rendered":"Yeni Do\u011fan \u00dcr\u00fcnleri"},"content":{"rendered":"<p>[vc_row full_width=&#8221;stretch_row&#8221; equal_height=&#8221;yes&#8221; content_placement=&#8221;middle&#8221;][vc_column]\n\n    <div class=\"nd_options_section nd_options_bg_white nd_options_border_radius_15  \">\n                                        \n        <div class=\"nd_options_section nd_options_box_sizing_border_box nd_options_padding_20 nd_options_text_align_center\">\n            \n            <img decoding=\"async\" alt=\"\" width=\"40\" src=\"\">\n            <div class=\"nd_options_section nd_options_height_5\"><\/div>\n            <h1 class=\"nd_options_font_size_40\">YEN\u0130 DO\u011eAN \u00dcR\u00dcNLER\u0130<\/h1>\n            <div class=\"nd_options_section nd_options_height_10\"><\/div>\n            <h4 class=\"nd_options_color_grey nd_options_font_size_12 nd_options_text_transform_uppercase nd_options_letter_spacing_3 nd_options_second_font nd_options_font_weight_lighter\"><\/h4>\n\n        <\/div>\n\n    <\/div>\n\n  [vc_column_text]D\u00fcnyaya g\u00f6zlerini umutla a\u00e7an \u00e7ocuklar\u0131n\u0131z\u0131n mutlulu\u011funu SOS D\u00fckkan\u2019\u0131n yeni do\u011fan \u00fcr\u00fcnleriyle payla\u015f\u0131n, \u00e7ocuklara umut olun! Sipari\u015f i\u00e7in 0392 225 70 17 veya\u00a0<a href=\"mailto:info@soscocukkoyu.org\" target=\"_blank\" rel=\"noopener noreferrer\">info@soscocukkoyu.org<\/a>\u00a0adresinden bizlere ula\u015fabilirsiniz.[\/vc_column_text][vc_empty_space height=&#8221;25px&#8221;][vc_row_inner][vc_column_inner width=&#8221;1\/2&#8243;][vc_single_image image=&#8221;4063&#8243; img_size=&#8221;full&#8221; alignment=&#8221;center&#8221; onclick=&#8221;link_image&#8221;][vc_empty_space height=&#8221;25px&#8221;][vc_column_text]<\/p>\n<p style=\"text-align: center;\">Ho\u015f Geldin Bebek Kart\u0131<\/p>\n<p>[\/vc_column_text][\/vc_column_inner][vc_column_inner width=&#8221;1\/2&#8243;][vc_single_image image=&#8221;4065&#8243; img_size=&#8221;full&#8221; alignment=&#8221;center&#8221; onclick=&#8221;link_image&#8221;][vc_empty_space height=&#8221;25px&#8221;][vc_column_text]<\/p>\n<p style=\"text-align: center;\">Amigurumi Anahtarl\u0131k<\/p>\n<p>[\/vc_column_text][\/vc_column_inner][\/vc_row_inner][\/vc_column][\/vc_row][vc_row full_width=&#8221;stretch_row&#8221; equal_height=&#8221;yes&#8221; content_placement=&#8221;middle&#8221;][vc_column][vc_empty_space height=&#8221;50px&#8221;][\/vc_column][\/vc_row]<\/p>\n","protected":false},"excerpt":{"rendered":"<p>[vc_row full_width=&#8221;stretch_row&#8221; equal_height=&#8221;yes&#8221; content_placement=&#8221;middle&#8221;][vc_column][vc_column_text]D\u00fcnyaya g\u00f6zlerini umutla a\u00e7an \u00e7ocuklar\u0131n\u0131z\u0131n mutlulu\u011funu SOS D\u00fckkan\u2019\u0131n yeni do\u011fan \u00fcr\u00fcnleriyle payla\u015f\u0131n, \u00e7ocuklara umut olun! Sipari\u015f i\u00e7in 0392 225 70 17 veya\u00a0info@soscocukkoyu.org\u00a0adresinden bizlere ula\u015fabilirsiniz.[\/vc_column_text][vc_empty_space height=&#8221;25px&#8221;][vc_row_inner][vc_column_inner width=&#8221;1\/2&#8243;][vc_single_image image=&#8221;4063&#8243; img_size=&#8221;full&#8221; alignment=&#8221;center&#8221; onclick=&#8221;link_image&#8221;][vc_empty_space height=&#8221;25px&#8221;][vc_column_text] Ho\u015f Geldin Bebek Kart\u0131 [\/vc_column_text][\/vc_column_inner][vc_column_inner width=&#8221;1\/2&#8243;][vc_single_image image=&#8221;4065&#8243; img_size=&#8221;full&#8221; alignment=&#8221;center&#8221; onclick=&#8221;link_image&#8221;][vc_empty_space height=&#8221;25px&#8221;][vc_column_text] Amigurumi Anahtarl\u0131k [\/vc_column_text][\/vc_column_inner][\/vc_row_inner][\/vc_column][\/vc_row][vc_row full_width=&#8221;stretch_row&#8221; equal_height=&#8221;yes&#8221; content_placement=&#8221;middle&#8221;][vc_column][vc_empty_space height=&#8221;50px&#8221;][\/vc_column][\/vc_row]<\/p>\n","protected":false},"author":29,"featured_media":0,"parent":0,"menu_order":0,"comment_status":"closed","ping_status":"closed","template":"","meta":{"h5ap_radio_sources":[],"footnotes":""},"class_list":["post-4062","page","type-page","status-publish","hentry"],"_links":{"self":[{"href":"https:\/\/soscocukkoyu.org\/en\/wp-json\/wp\/v2\/pages\/4062","targetHints":{"allow":["GET"]}}],"collection":[{"href":"https:\/\/soscocukkoyu.org\/en\/wp-json\/wp\/v2\/pages"}],"about":[{"href":"https:\/\/soscocukkoyu.org\/en\/wp-json\/wp\/v2\/types\/page"}],"author":[{"embeddable":true,"href":"https:\/\/soscocukkoyu.org\/en\/wp-json\/wp\/v2\/users\/29"}],"replies":[{"embeddable":true,"href":"https:\/\/soscocukkoyu.org\/en\/wp-json\/wp\/v2\/comments?post=4062"}],"version-history":[{"count":4,"href":"https:\/\/soscocukkoyu.org\/en\/wp-json\/wp\/v2\/pages\/4062\/revisions"}],"predecessor-version":[{"id":4068,"href":"https:\/\/soscocukkoyu.org\/en\/wp-json\/wp\/v2\/pages\/4062\/revisions\/4068"}],"wp:attachment":[{"href":"https:\/\/soscocukkoyu.org\/en\/wp-json\/wp\/v2\/media?parent=4062"}],"curies":[{"name":"wp","href":"https:\/\/api.w.org\/{rel}","templated":true}]}}