{"id":4282,"date":"2021-12-13T12:39:51","date_gmt":"2021-12-13T09:39:51","guid":{"rendered":"https:\/\/soscocukkoyu.org\/?page_id=4282"},"modified":"2021-12-14T14:11:44","modified_gmt":"2021-12-14T11:11:44","slug":"anket","status":"publish","type":"page","link":"https:\/\/soscocukkoyu.org\/en\/anket\/","title":{"rendered":"Anket"},"content":{"rendered":"<p>[vc_row][vc_column][vc_column_text]<\/p>\n<p>De\u011ferli Destek\u00e7imiz,<br \/>\nSizinle daha sa\u011fl\u0131kl\u0131 ileti\u015fim kurmay\u0131 \u00f6nemsiyoruz. Bu nedenle a\u015fa\u011f\u0131daki k\u0131sa anketimizi yan\u0131tlaman\u0131z bizi mutlu edecektir.<\/p>\n<p>[\/vc_column_text][\/vc_column][\/vc_row][vc_row css=&#8221;.vc_custom_1639479245002{margin-bottom: 25px !important;}&#8221;][vc_column][vc_column_text]<div class=\"forminator-ui forminator-custom-form forminator-custom-form-4285 forminator-design--flat  forminator_ajax\" data-forminator-render=\"0\" data-form=\"forminator-module-4285\" data-uid=\"69f38ca1ca3a0\"><br\/><\/div><form\n\t\t\t\tid=\"forminator-module-4285\"\n\t\t\t\tclass=\"forminator-ui forminator-custom-form forminator-custom-form-4285 forminator-design--flat  forminator_ajax\"\n\t\t\t\tmethod=\"post\"\n\t\t\t\tdata-forminator-render=\"0\"\n\t\t\t\tdata-form-id=\"4285\"\n\t\t\t\t data-color-option=\"default\" data-design=\"flat\" data-grid=\"open\" style=\"display: none;\"\n\t\t\t\tdata-uid=\"69f38ca1ca3a0\"\n\t\t\t><div role=\"alert\" aria-live=\"polite\" class=\"forminator-response-message forminator-error\" aria-hidden=\"true\"><\/div><div class=\"forminator-row\"><div id=\"checkbox-1\" class=\"forminator-field-checkbox forminator-col forminator-col-12 \"><div role=\"group\" class=\"forminator-field required\" aria-labelledby=\"forminator-checkbox-group-forminator-field-checkbox-1-69f38ca1ca3a0-label\"><span id=\"forminator-checkbox-group-forminator-field-checkbox-1-69f38ca1ca3a0-label\" class=\"forminator-label\">A\u015fa\u011f\u0131daki ba\u011f\u0131\u015f kanallar\u0131m\u0131zdan hangilerini biliyorsunuz? <span class=\"forminator-required\">*<\/span><\/span><label id=\"forminator-field-checkbox-1-1-69f38ca1ca3a0-label\" for=\"forminator-field-checkbox-1-1-69f38ca1ca3a0\" class=\"forminator-checkbox forminator-checkbox-inline\" title=\"SMS\"><input type=\"checkbox\" name=\"checkbox-1[]\" value=\"SMS\" id=\"forminator-field-checkbox-1-1-69f38ca1ca3a0\" aria-labelledby=\"forminator-field-checkbox-1-1-69f38ca1ca3a0-label\" data-calculation=\"0\"   aria-describedby=\"forminator-field-checkbox-1-69f38ca1ca3a0-description\"\/><span class=\"forminator-checkbox-box\" aria-hidden=\"true\"><\/span><span class=\"forminator-checkbox-label\">SMS<\/span><\/label><label id=\"forminator-field-checkbox-1-2-69f38ca1ca3a0-label\" for=\"forminator-field-checkbox-1-2-69f38ca1ca3a0\" class=\"forminator-checkbox forminator-checkbox-inline\" title=\"Online\"><input type=\"checkbox\" name=\"checkbox-1[]\" value=\"Online\" id=\"forminator-field-checkbox-1-2-69f38ca1ca3a0\" aria-labelledby=\"forminator-field-checkbox-1-2-69f38ca1ca3a0-label\" data-calculation=\"0\"   aria-describedby=\"forminator-field-checkbox-1-69f38ca1ca3a0-description\"\/><span class=\"forminator-checkbox-box\" aria-hidden=\"true\"><\/span><span class=\"forminator-checkbox-label\">Online<\/span><\/label><label id=\"forminator-field-checkbox-1-3-69f38ca1ca3a0-label\" for=\"forminator-field-checkbox-1-3-69f38ca1ca3a0\" class=\"forminator-checkbox forminator-checkbox-inline\" title=\"Maa\u015ftan Katk\u0131\"><input type=\"checkbox\" name=\"checkbox-1[]\" value=\"Maa\u015ftan-Katk\u0131\" id=\"forminator-field-checkbox-1-3-69f38ca1ca3a0\" aria-labelledby=\"forminator-field-checkbox-1-3-69f38ca1ca3a0-label\" data-calculation=\"0\"   aria-describedby=\"forminator-field-checkbox-1-69f38ca1ca3a0-description\"\/><span class=\"forminator-checkbox-box\" aria-hidden=\"true\"><\/span><span class=\"forminator-checkbox-label\">Maa\u015ftan Katk\u0131<\/span><\/label><label id=\"forminator-field-checkbox-1-4-69f38ca1ca3a0-label\" for=\"forminator-field-checkbox-1-4-69f38ca1ca3a0\" class=\"forminator-checkbox forminator-checkbox-inline\" title=\"Banka\"><input type=\"checkbox\" name=\"checkbox-1[]\" value=\"Banka\" id=\"forminator-field-checkbox-1-4-69f38ca1ca3a0\" aria-labelledby=\"forminator-field-checkbox-1-4-69f38ca1ca3a0-label\" data-calculation=\"0\"   aria-describedby=\"forminator-field-checkbox-1-69f38ca1ca3a0-description\"\/><span class=\"forminator-checkbox-box\" aria-hidden=\"true\"><\/span><span class=\"forminator-checkbox-label\">Banka<\/span><\/label><label id=\"forminator-field-checkbox-1-5-69f38ca1ca3a0-label\" for=\"forminator-field-checkbox-1-5-69f38ca1ca3a0\" class=\"forminator-checkbox forminator-checkbox-inline\" title=\"Pay Point\"><input type=\"checkbox\" name=\"checkbox-1[]\" value=\"Pay-Point\" id=\"forminator-field-checkbox-1-5-69f38ca1ca3a0\" aria-labelledby=\"forminator-field-checkbox-1-5-69f38ca1ca3a0-label\" data-calculation=\"0\"   aria-describedby=\"forminator-field-checkbox-1-69f38ca1ca3a0-description\"\/><span class=\"forminator-checkbox-box\" aria-hidden=\"true\"><\/span><span class=\"forminator-checkbox-label\">Pay Point<\/span><\/label><label id=\"forminator-field-checkbox-1-6-69f38ca1ca3a0-label\" for=\"forminator-field-checkbox-1-6-69f38ca1ca3a0\" class=\"forminator-checkbox forminator-checkbox-inline\" title=\"Hepi\"><input type=\"checkbox\" name=\"checkbox-1[]\" value=\"Hepi\" id=\"forminator-field-checkbox-1-6-69f38ca1ca3a0\" aria-labelledby=\"forminator-field-checkbox-1-6-69f38ca1ca3a0-label\" data-calculation=\"0\"   aria-describedby=\"forminator-field-checkbox-1-69f38ca1ca3a0-description\"\/><span class=\"forminator-checkbox-box\" aria-hidden=\"true\"><\/span><span class=\"forminator-checkbox-label\">Hepi<\/span><\/label><label id=\"forminator-field-checkbox-1-7-69f38ca1ca3a0-label\" for=\"forminator-field-checkbox-1-7-69f38ca1ca3a0\" class=\"forminator-checkbox forminator-checkbox-inline\" title=\"birtikiyilik.org\"><input type=\"checkbox\" name=\"checkbox-1[]\" value=\"birtikiyilik.org\" id=\"forminator-field-checkbox-1-7-69f38ca1ca3a0\" aria-labelledby=\"forminator-field-checkbox-1-7-69f38ca1ca3a0-label\" data-calculation=\"0\"   aria-describedby=\"forminator-field-checkbox-1-69f38ca1ca3a0-description\"\/><span class=\"forminator-checkbox-box\" aria-hidden=\"true\"><\/span><span class=\"forminator-checkbox-label\">birtikiyilik.org<\/span><\/label><label id=\"forminator-field-checkbox-1-8-69f38ca1ca3a0-label\" for=\"forminator-field-checkbox-1-8-69f38ca1ca3a0\" class=\"forminator-checkbox forminator-checkbox-inline\" title=\"Elden\"><input type=\"checkbox\" name=\"checkbox-1[]\" value=\"Elden\" id=\"forminator-field-checkbox-1-8-69f38ca1ca3a0\" aria-labelledby=\"forminator-field-checkbox-1-8-69f38ca1ca3a0-label\" data-calculation=\"0\"   aria-describedby=\"forminator-field-checkbox-1-69f38ca1ca3a0-description\"\/><span class=\"forminator-checkbox-box\" aria-hidden=\"true\"><\/span><span class=\"forminator-checkbox-label\">Elden<\/span><\/label><span id=\"forminator-field-checkbox-1-69f38ca1ca3a0-description\" class=\"forminator-description\">Birden \u00e7ok se\u00e7im yapabilirsiniz.<\/span><\/div><\/div><\/div><div class=\"forminator-row\"><div id=\"select-2\" class=\"forminator-field-select forminator-col forminator-col-12 \"><div class=\"forminator-field\"><label for=\"forminator-form-4285__field--select-2_69f38ca1ca3a0\" id=\"forminator-form-4285__field--select-2_69f38ca1ca3a0-label\" class=\"forminator-label\">SOS D\u00fckkan \u00fcr\u00fcnlerinden haberdar m\u0131s\u0131n\u0131z? <span class=\"forminator-required\">*<\/span><\/label><select  id=\"forminator-form-4285__field--select-2_69f38ca1ca3a0\" class=\"forminator-select--field forminator-select2 forminator-select2-multiple\" data-required=\"1\" name=\"select-2\" data-default-value=\"\" data-placeholder=\"L\u00fctfen se\u00e7iniz\" data-search=\"false\" data-search-placeholder=\"L\u00fctfen se\u00e7iniz\" data-checkbox=\"false\" data-allow-clear=\"false\" aria-labelledby=\"forminator-form-4285__field--select-2_69f38ca1ca3a0-label\"><option value=\"\"  >L\u00fctfen se\u00e7iniz<\/option><option value=\"Evet\"  data-calculation=\"0\">Evet<\/option><option value=\"Hay\u0131r\"  data-calculation=\"0\">Hay\u0131r<\/option><\/select><\/div><\/div><\/div><div class=\"forminator-row\"><div id=\"text-1\" class=\"forminator-field-text forminator-col forminator-col-12 \"><div class=\"forminator-field\"><label for=\"forminator-field-text-1_69f38ca1ca3a0\" id=\"forminator-field-text-1_69f38ca1ca3a0-label\" class=\"forminator-label\">SOS D\u00fckkan \u00fcr\u00fcnlerinden nas\u0131l haberdar oldunuz? <span class=\"forminator-required\">*<\/span><\/label><input type=\"text\" name=\"text-1\" value=\"\" placeholder=\"\" id=\"forminator-field-text-1_69f38ca1ca3a0\" class=\"forminator-input forminator-name--field\" data-required=\"1\" \/><\/div><\/div><\/div><div class=\"forminator-row\"><div id=\"checkbox-2\" class=\"forminator-field-checkbox forminator-col forminator-col-12 \"><div role=\"group\" class=\"forminator-field required\" aria-labelledby=\"forminator-checkbox-group-forminator-field-checkbox-2-69f38ca1ca3a0-label\"><span id=\"forminator-checkbox-group-forminator-field-checkbox-2-69f38ca1ca3a0-label\" class=\"forminator-label\">Ba\u011f\u0131\u015f\u00e7\u0131m\u0131z olarak g\u00f6nderdi\u011fimiz iletilerden hangilerini al\u0131yorsunuz? <span class=\"forminator-required\">*<\/span><\/span><label id=\"forminator-field-checkbox-2-1-69f38ca1ca3a0-label\" for=\"forminator-field-checkbox-2-1-69f38ca1ca3a0\" class=\"forminator-checkbox forminator-checkbox-inline\" title=\"Mektup\"><input type=\"checkbox\" name=\"checkbox-2[]\" value=\"Mektup\" id=\"forminator-field-checkbox-2-1-69f38ca1ca3a0\" aria-labelledby=\"forminator-field-checkbox-2-1-69f38ca1ca3a0-label\" data-calculation=\"0\"   aria-describedby=\"forminator-field-checkbox-2-69f38ca1ca3a0-description\"\/><span class=\"forminator-checkbox-box\" aria-hidden=\"true\"><\/span><span class=\"forminator-checkbox-label\">Mektup<\/span><\/label><label id=\"forminator-field-checkbox-2-2-69f38ca1ca3a0-label\" for=\"forminator-field-checkbox-2-2-69f38ca1ca3a0\" class=\"forminator-checkbox forminator-checkbox-inline\" title=\"E-posta\"><input type=\"checkbox\" name=\"checkbox-2[]\" value=\"E-posta\" id=\"forminator-field-checkbox-2-2-69f38ca1ca3a0\" aria-labelledby=\"forminator-field-checkbox-2-2-69f38ca1ca3a0-label\" data-calculation=\"0\"   aria-describedby=\"forminator-field-checkbox-2-69f38ca1ca3a0-description\"\/><span class=\"forminator-checkbox-box\" aria-hidden=\"true\"><\/span><span class=\"forminator-checkbox-label\">E-posta<\/span><\/label><label id=\"forminator-field-checkbox-2-3-69f38ca1ca3a0-label\" for=\"forminator-field-checkbox-2-3-69f38ca1ca3a0\" class=\"forminator-checkbox forminator-checkbox-inline\" title=\"SMS\"><input type=\"checkbox\" name=\"checkbox-2[]\" value=\"SMS\" id=\"forminator-field-checkbox-2-3-69f38ca1ca3a0\" aria-labelledby=\"forminator-field-checkbox-2-3-69f38ca1ca3a0-label\" data-calculation=\"0\"   aria-describedby=\"forminator-field-checkbox-2-69f38ca1ca3a0-description\"\/><span class=\"forminator-checkbox-box\" aria-hidden=\"true\"><\/span><span class=\"forminator-checkbox-label\">SMS<\/span><\/label><span id=\"forminator-field-checkbox-2-69f38ca1ca3a0-description\" class=\"forminator-description\">Birden \u00e7ok se\u00e7im yapabilirsiniz.<\/span><\/div><\/div><\/div><div class=\"forminator-row\"><div id=\"checkbox-3\" class=\"forminator-field-checkbox forminator-col forminator-col-12 \"><div role=\"group\" class=\"forminator-field required\" aria-labelledby=\"forminator-checkbox-group-forminator-field-checkbox-3-69f38ca1ca3a0-label\"><span id=\"forminator-checkbox-group-forminator-field-checkbox-3-69f38ca1ca3a0-label\" class=\"forminator-label\">\u0130letilerimizden hangilerini almay\u0131 tercih edersiniz? <span class=\"forminator-required\">*<\/span><\/span><label id=\"forminator-field-checkbox-3-1-69f38ca1ca3a0-label\" for=\"forminator-field-checkbox-3-1-69f38ca1ca3a0\" class=\"forminator-checkbox forminator-checkbox-inline\" title=\"Mektup\"><input type=\"checkbox\" name=\"checkbox-3[]\" value=\"Mektup\" id=\"forminator-field-checkbox-3-1-69f38ca1ca3a0\" aria-labelledby=\"forminator-field-checkbox-3-1-69f38ca1ca3a0-label\" data-calculation=\"0\"   aria-describedby=\"forminator-field-checkbox-3-69f38ca1ca3a0-description\"\/><span class=\"forminator-checkbox-box\" aria-hidden=\"true\"><\/span><span class=\"forminator-checkbox-label\">Mektup<\/span><\/label><label id=\"forminator-field-checkbox-3-2-69f38ca1ca3a0-label\" for=\"forminator-field-checkbox-3-2-69f38ca1ca3a0\" class=\"forminator-checkbox forminator-checkbox-inline\" title=\"E-posta\"><input type=\"checkbox\" name=\"checkbox-3[]\" value=\"E-posta\" id=\"forminator-field-checkbox-3-2-69f38ca1ca3a0\" aria-labelledby=\"forminator-field-checkbox-3-2-69f38ca1ca3a0-label\" data-calculation=\"0\"   aria-describedby=\"forminator-field-checkbox-3-69f38ca1ca3a0-description\"\/><span class=\"forminator-checkbox-box\" aria-hidden=\"true\"><\/span><span class=\"forminator-checkbox-label\">E-posta<\/span><\/label><label id=\"forminator-field-checkbox-3-3-69f38ca1ca3a0-label\" for=\"forminator-field-checkbox-3-3-69f38ca1ca3a0\" class=\"forminator-checkbox forminator-checkbox-inline\" title=\"SMS\"><input type=\"checkbox\" name=\"checkbox-3[]\" value=\"SMS\" id=\"forminator-field-checkbox-3-3-69f38ca1ca3a0\" aria-labelledby=\"forminator-field-checkbox-3-3-69f38ca1ca3a0-label\" data-calculation=\"0\"   aria-describedby=\"forminator-field-checkbox-3-69f38ca1ca3a0-description\"\/><span class=\"forminator-checkbox-box\" aria-hidden=\"true\"><\/span><span class=\"forminator-checkbox-label\">SMS<\/span><\/label><span id=\"forminator-field-checkbox-3-69f38ca1ca3a0-description\" class=\"forminator-description\">Birden \u00e7ok se\u00e7im yapabilirsiniz.<\/span><\/div><\/div><\/div><div class=\"forminator-row\"><div id=\"checkbox-4\" class=\"forminator-field-checkbox forminator-col forminator-col-12 \"><div role=\"group\" class=\"forminator-field required\" aria-labelledby=\"forminator-checkbox-group-forminator-field-checkbox-4-69f38ca1ca3a0-label\"><span id=\"forminator-checkbox-group-forminator-field-checkbox-4-69f38ca1ca3a0-label\" class=\"forminator-label\">Sosyal medya hesaplar\u0131m\u0131z\u0131n hangilerini takip ediyorsunuz? <span class=\"forminator-required\">*<\/span><\/span><label id=\"forminator-field-checkbox-4-1-69f38ca1ca3a0-label\" for=\"forminator-field-checkbox-4-1-69f38ca1ca3a0\" class=\"forminator-checkbox\" title=\"Facebook (https:\/\/www.facebook.com\/CocukSOS\/)\"><input type=\"checkbox\" name=\"checkbox-4[]\" value=\"Facebook\" id=\"forminator-field-checkbox-4-1-69f38ca1ca3a0\" aria-labelledby=\"forminator-field-checkbox-4-1-69f38ca1ca3a0-label\" data-calculation=\"0\"   aria-describedby=\"forminator-field-checkbox-4-69f38ca1ca3a0-description\"\/><span class=\"forminator-checkbox-box\" aria-hidden=\"true\"><\/span><span class=\"forminator-checkbox-label\">Facebook (https:\/\/www.facebook.com\/CocukSOS\/)<\/span><\/label><label id=\"forminator-field-checkbox-4-2-69f38ca1ca3a0-label\" for=\"forminator-field-checkbox-4-2-69f38ca1ca3a0\" class=\"forminator-checkbox\" title=\"Twitter (https:\/\/www.twitter.com\/cocuksos\/)\"><input type=\"checkbox\" name=\"checkbox-4[]\" value=\"Twitter\" id=\"forminator-field-checkbox-4-2-69f38ca1ca3a0\" aria-labelledby=\"forminator-field-checkbox-4-2-69f38ca1ca3a0-label\" data-calculation=\"0\"   aria-describedby=\"forminator-field-checkbox-4-69f38ca1ca3a0-description\"\/><span class=\"forminator-checkbox-box\" aria-hidden=\"true\"><\/span><span class=\"forminator-checkbox-label\">Twitter (https:\/\/www.twitter.com\/cocuksos\/)<\/span><\/label><label id=\"forminator-field-checkbox-4-3-69f38ca1ca3a0-label\" for=\"forminator-field-checkbox-4-3-69f38ca1ca3a0\" class=\"forminator-checkbox\" title=\"Instagram (https:\/\/www.instagram.com\/soscocukkoyu\/)\"><input type=\"checkbox\" name=\"checkbox-4[]\" value=\"Instagram\" id=\"forminator-field-checkbox-4-3-69f38ca1ca3a0\" aria-labelledby=\"forminator-field-checkbox-4-3-69f38ca1ca3a0-label\" data-calculation=\"0\"   aria-describedby=\"forminator-field-checkbox-4-69f38ca1ca3a0-description\"\/><span class=\"forminator-checkbox-box\" aria-hidden=\"true\"><\/span><span class=\"forminator-checkbox-label\">Instagram (https:\/\/www.instagram.com\/soscocukkoyu\/)<\/span><\/label><span id=\"forminator-field-checkbox-4-69f38ca1ca3a0-description\" class=\"forminator-description\">Birden \u00e7ok se\u00e7im yapabilirsiniz.<\/span><\/div><\/div><\/div><div class=\"forminator-row\"><div id=\"select-6\" class=\"forminator-field-select forminator-col forminator-col-12 \"><div class=\"forminator-field\"><label for=\"forminator-form-4285__field--select-6_69f38ca1ca3a0\" id=\"forminator-form-4285__field--select-6_69f38ca1ca3a0-label\" class=\"forminator-label\">SOS Kre\u015f ve Anaokulu&#039;nun SOS b\u00fcnyesindeki \u00e7ocuklar\u0131n yan\u0131 s\u0131ra toplumdan gelen \u00e7ocuklara da okul \u00f6ncesi e\u011fitim hizmeti verdi\u011fini biliyor musunuz? <span class=\"forminator-required\">*<\/span><\/label><select  id=\"forminator-form-4285__field--select-6_69f38ca1ca3a0\" class=\"forminator-select--field forminator-select2 forminator-select2-multiple\" data-required=\"1\" name=\"select-6\" data-default-value=\"\" data-placeholder=\"L\u00fctfen se\u00e7iniz\" data-search=\"false\" data-search-placeholder=\"L\u00fctfen se\u00e7iniz\" data-checkbox=\"false\" data-allow-clear=\"false\" aria-labelledby=\"forminator-form-4285__field--select-6_69f38ca1ca3a0-label\"><option value=\"\"  >L\u00fctfen se\u00e7iniz<\/option><option value=\"Evet\"  data-calculation=\"0\">Evet<\/option><option value=\"Hay\u0131r\"  data-calculation=\"0\">Hay\u0131r<\/option><\/select><\/div><\/div><\/div><div class=\"forminator-row\"><div id=\"select-7\" class=\"forminator-field-select forminator-col forminator-col-12 \"><div class=\"forminator-field\"><label for=\"forminator-form-4285__field--select-7_69f38ca1ca3a0\" id=\"forminator-form-4285__field--select-7_69f38ca1ca3a0-label\" class=\"forminator-label\">SOS&#039;in Girne Gen\u00e7lik Geli\u015fim Merkezi (G\u0130GEM) ad\u0131nda bir toplum merkezi oldu\u011funu biliyor musunuz? <span class=\"forminator-required\">*<\/span><\/label><select  id=\"forminator-form-4285__field--select-7_69f38ca1ca3a0\" class=\"forminator-select--field forminator-select2 forminator-select2-multiple\" data-required=\"1\" name=\"select-7\" data-default-value=\"\" data-placeholder=\"L\u00fctfen se\u00e7iniz\" data-search=\"false\" data-search-placeholder=\"L\u00fctfen se\u00e7iniz\" data-checkbox=\"false\" data-allow-clear=\"false\" aria-labelledby=\"forminator-form-4285__field--select-7_69f38ca1ca3a0-label\"><option value=\"\"  >L\u00fctfen se\u00e7iniz<\/option><option value=\"Evet\"  data-calculation=\"0\">Evet<\/option><option value=\"Hay\u0131r\"  data-calculation=\"0\">Hay\u0131r<\/option><\/select><\/div><\/div><\/div><div class=\"forminator-row\"><div id=\"select-8\" class=\"forminator-field-select forminator-col forminator-col-12 \"><div class=\"forminator-field\"><label for=\"forminator-form-4285__field--select-8_69f38ca1ca3a0\" id=\"forminator-form-4285__field--select-8_69f38ca1ca3a0-label\" class=\"forminator-label\">\u00d6nleyici bir \u00e7al\u0131\u015fma olarak SOS&#039;in Aile G\u00fc\u00e7lendirme Program\u0131 oldu\u011funu biliyor musunuz? <span class=\"forminator-required\">*<\/span><\/label><select  id=\"forminator-form-4285__field--select-8_69f38ca1ca3a0\" class=\"forminator-select--field forminator-select2 forminator-select2-multiple\" data-required=\"1\" name=\"select-8\" data-default-value=\"\" data-placeholder=\"L\u00fctfen se\u00e7iniz\" data-search=\"false\" data-search-placeholder=\"L\u00fctfen se\u00e7iniz\" data-checkbox=\"false\" data-allow-clear=\"false\" aria-labelledby=\"forminator-form-4285__field--select-8_69f38ca1ca3a0-label\"><option value=\"\"  >L\u00fctfen se\u00e7iniz<\/option><option value=\"Evet\"  data-calculation=\"0\">Evet<\/option><option value=\"Hay\u0131r\"  data-calculation=\"0\">Hay\u0131r<\/option><\/select><\/div><\/div><\/div><div class=\"forminator-row\"><div id=\"select-9\" class=\"forminator-field-select forminator-col forminator-col-12 \"><div class=\"forminator-field\"><label for=\"forminator-form-4285__field--select-9_69f38ca1ca3a0\" id=\"forminator-form-4285__field--select-9_69f38ca1ca3a0-label\" class=\"forminator-label\">Derne\u011fimizin \u00e7ocuk haklar\u0131 savunuculu\u011fu \u00e7al\u0131\u015fmalar\u0131 oldu\u011funu biliyor musunuz? <span class=\"forminator-required\">*<\/span><\/label><select  id=\"forminator-form-4285__field--select-9_69f38ca1ca3a0\" class=\"forminator-select--field forminator-select2 forminator-select2-multiple\" data-required=\"1\" name=\"select-9\" data-default-value=\"\" data-placeholder=\"L\u00fctfen se\u00e7iniz\" data-search=\"false\" data-search-placeholder=\"L\u00fctfen se\u00e7iniz\" data-checkbox=\"false\" data-allow-clear=\"false\" aria-labelledby=\"forminator-form-4285__field--select-9_69f38ca1ca3a0-label\"><option value=\"\"  >L\u00fctfen se\u00e7iniz<\/option><option value=\"Evet\"  data-calculation=\"0\">Evet<\/option><option value=\"Hay\u0131r\"  data-calculation=\"0\">Hay\u0131r<\/option><\/select><\/div><\/div><\/div><div class=\"forminator-row\"><div id=\"captcha-1\" class=\"forminator-field-captcha forminator-col forminator-col-12 \"><div class=\"forminator-captcha-left forminator-g-recaptcha\" data-theme=\"light\"  data-sitekey=\"6LfTQJwdAAAAAItWBvgTuJIjdx0oke5HNpLNzA1p\" data-size=\"normal\"><\/div> <\/div><\/div><input type=\"hidden\" name=\"referer_url\" value=\"\" \/><div class=\"forminator-row forminator-row-last\"><div class=\"forminator-col\"><div class=\"forminator-field\"><button class=\"forminator-button forminator-button-submit\">Kaydet ve G&ouml;nder<\/button><\/div><\/div><\/div><input type=\"hidden\" id=\"forminator_nonce\" name=\"forminator_nonce\" value=\"a7521ffa00\" \/><input type=\"hidden\" name=\"_wp_http_referer\" value=\"\/en\/wp-json\/wp\/v2\/pages\/4282\" \/><input type=\"hidden\" name=\"form_id\" value=\"4285\"><input type=\"hidden\" name=\"page_id\" value=\"4282\"><input type=\"hidden\" name=\"form_type\" value=\"default\"><input type=\"hidden\" name=\"current_url\" value=\"https:\/\/soscocukkoyu.org\/en\/anket\/\"><input type=\"hidden\" name=\"render_id\" value=\"0\"><input type=\"hidden\" name=\"action\" value=\"forminator_submit_form_custom-forms\"><label for=\"input_11\" class=\"forminator-hidden\" aria-hidden=\"true\">Please do not fill in this field. <input id=\"input_11\" type=\"text\" name=\"input_11\" value=\"\" autocomplete=\"off\"><\/label><\/form><\/p>\n<p>[\/vc_column_text][\/vc_column][\/vc_row]<\/p>\n","protected":false},"excerpt":{"rendered":"<p>[vc_row][vc_column][vc_column_text] De\u011ferli Destek\u00e7imiz, Sizinle daha sa\u011fl\u0131kl\u0131 ileti\u015fim kurmay\u0131 \u00f6nemsiyoruz. Bu nedenle a\u015fa\u011f\u0131daki k\u0131sa anketimizi yan\u0131tlaman\u0131z bizi mutlu edecektir. [\/vc_column_text][\/vc_column][\/vc_row][vc_row css=&#8221;.vc_custom_1639479245002{margin-bottom: 25px !important;}&#8221;][vc_column][vc_column_text] [\/vc_column_text][\/vc_column][\/vc_row]<\/p>\n","protected":false},"author":29,"featured_media":0,"parent":0,"menu_order":0,"comment_status":"closed","ping_status":"closed","template":"","meta":{"h5ap_radio_sources":[],"footnotes":""},"class_list":["post-4282","page","type-page","status-publish","hentry"],"_links":{"self":[{"href":"https:\/\/soscocukkoyu.org\/en\/wp-json\/wp\/v2\/pages\/4282","targetHints":{"allow":["GET"]}}],"collection":[{"href":"https:\/\/soscocukkoyu.org\/en\/wp-json\/wp\/v2\/pages"}],"about":[{"href":"https:\/\/soscocukkoyu.org\/en\/wp-json\/wp\/v2\/types\/page"}],"author":[{"embeddable":true,"href":"https:\/\/soscocukkoyu.org\/en\/wp-json\/wp\/v2\/users\/29"}],"replies":[{"embeddable":true,"href":"https:\/\/soscocukkoyu.org\/en\/wp-json\/wp\/v2\/comments?post=4282"}],"version-history":[{"count":4,"href":"https:\/\/soscocukkoyu.org\/en\/wp-json\/wp\/v2\/pages\/4282\/revisions"}],"predecessor-version":[{"id":4309,"href":"https:\/\/soscocukkoyu.org\/en\/wp-json\/wp\/v2\/pages\/4282\/revisions\/4309"}],"wp:attachment":[{"href":"https:\/\/soscocukkoyu.org\/en\/wp-json\/wp\/v2\/media?parent=4282"}],"curies":[{"name":"wp","href":"https:\/\/api.w.org\/{rel}","templated":true}]}}