{"id":441,"date":"2017-04-18T14:52:59","date_gmt":"2017-04-18T14:52:59","guid":{"rendered":"http:\/\/www.nicdarkthemes.com\/themes\/charity\/wp\/demo\/charity-foundation\/?page_id=441"},"modified":"2026-01-28T15:51:37","modified_gmt":"2026-01-28T12:51:37","slug":"sos-cocukkoyu-dernegi","status":"publish","type":"page","link":"https:\/\/soscocukkoyu.org\/en\/sos-cocukkoyu-dernegi\/","title":{"rendered":"TRNC SOS Children&#8217;s Villages Association"},"content":{"rendered":"<p>[vc_row full_width=&#8221;stretch_row_content_no_spaces&#8221; css=&#8221;.vc_custom_1728464441285{background-position: center !important;background-repeat: no-repeat !important;background-size: cover !important;}&#8221;][vc_column css=&#8221;.vc_custom_1728464370710{margin-top: 0px !important;border-top-width: 0px !important;padding-top: 150px !important;padding-bottom: 150px !important;background-image: url(https:\/\/soscocukkoyu.org\/wp-content\/uploads\/2019\/03\/header-bg.png?id=1253) !important;background-position: center !important;background-repeat: no-repeat !important;background-size: cover !important;}&#8221;][vc_custom_heading source=&#8221;post_title&#8221; font_container=&#8221;tag:h2|font_size:36px|text_align:center|color:%23ffffff&#8221; use_theme_fonts=&#8221;yes&#8221; el_class=&#8221;titlebaslik&#8221;][\/vc_column][\/vc_row][vc_row full_width=&#8221;stretch_row_content&#8221; content_placement=&#8221;middle&#8221; el_class=&#8221;nd_options_vc_parallax_filter_2_2&#8243; css=&#8221;.vc_custom_1554469508506{margin-top: 50px !important;}&#8221;][vc_column width=&#8221;1\/2&#8243; css=&#8221;.vc_custom_1484647121270{padding-top: 0px !important;}&#8221;][vc_column_text]<\/p>\n<p style=\"text-align: left;\">TRNC SOS Children&#8217;s Villages Association was established in 1991 to provide family-based care for children who have lost their family care and to raise them as self-confident, independent individuals in the long term with progressive support programs. Our association, which started its activities in 1993, was accepted as a member of International SOS Children&#8217;s Villages in 1994. SOS Children&#8217;s Village TRNC has the same status as all SOS Children&#8217;s Villages in the world. Our Association carries out its activities in cooperation with the Social Services Department of the Ministry of Labor and Social Security.<\/p>\n<p>[\/vc_column_text][\/vc_column][vc_column width=&#8221;1\/2&#8243;]\n    <div style=\"text-align:center\" class=\"nd_options_section\">\n      <img decoding=\"async\" alt=\"\" style=\"width:100%\" class=\" nd_options_margin_0 nd_options_padding_0 \" src=\"https:\/\/soscocukkoyu.org\/wp-content\/uploads\/2019\/03\/sos-koyu.jpg\">\n    <\/div>\n   [\/vc_column][\/vc_row][vc_row full_width=&#8221;stretch_row&#8221; content_placement=&#8221;middle&#8221; el_class=&#8221;nd_options_vc_parallax_filter_2_2&#8243; css=&#8221;.vc_custom_1552471624216{margin-top: 50px !important;}&#8221;][vc_column css=&#8221;.vc_custom_1484647121270{padding-top: 0px !important;}&#8221;][vc_raw_html]JTVCdG0tdGltZWxpbmUlMjBsYXlvdXQlM0QlMjIyJTIyJTIwdmlzaWJsZS1pdGVtcyUzRCUyMjElMjIlMjBkYXRlLWZvcm1hdCUzRCUyMjclMjIlMjB0YWclM0QlMjJlbiUyMiUyMGFuY2hvcnMlM0QlMjJmYWxzZSUyMiUyMG9yZGVyJTNEJTIyQVNDJTIyJTVE[\/vc_raw_html][\/vc_column][\/vc_row][vc_row full_width=&#8221;stretch_row&#8221; content_placement=&#8221;middle&#8221; el_class=&#8221;nd_options_vc_parallax_filter_2_2&#8243; css=&#8221;.vc_custom_1552473729218{margin-bottom: 50px !important;}&#8221; el_id=&#8221;yonetimkurulu&#8221;][vc_column css=&#8221;.vc_custom_1484647121270{padding-top: 0px !important;}&#8221;]\n\n    <div class=\"nd_options_section nd_options_bg_white nd_options_border_radius_15  \">\n                                        \n        <div class=\"nd_options_section nd_options_box_sizing_border_box nd_options_padding_20 nd_options_text_align_center\">\n            \n            <img decoding=\"async\" alt=\"\" width=\"40\" src=\"\">\n            <div class=\"nd_options_section nd_options_height_5\"><\/div>\n            <h1 class=\"nd_options_font_size_40\">BOARD OF DIRECTORS<\/h1>\n            <div class=\"nd_options_section nd_options_height_10\"><\/div>\n            <h4 class=\"nd_options_color_grey nd_options_font_size_12 nd_options_text_transform_uppercase nd_options_letter_spacing_3 nd_options_second_font nd_options_font_weight_lighter\"><\/h4>\n\n        <\/div>\n\n    <\/div>\n\n  [\/vc_column][\/vc_row][vc_section][vc_row full_width=&#8221;stretch_row_content&#8221; equal_height=&#8221;yes&#8221; content_placement=&#8221;middle&#8221; css=&#8221;.vc_custom_1596533987686{margin-bottom: 100px !important;}&#8221; el_id=&#8221;boardofdirectors&#8221;][vc_column width=&#8221;1\/2&#8243;]\n    <div style=\"text-align:center\" class=\"nd_options_section\">\n      <img decoding=\"async\" alt=\"\" style=\"width:100%\" class=\" nd_options_margin_0 nd_options_padding_0 \" src=\"https:\/\/soscocukkoyu.org\/wp-content\/uploads\/2019\/03\/sos-koyu.jpg\">\n    <\/div>\n   [\/vc_column][vc_column width=&#8221;1\/2&#8243;][vc_empty_space height=&#8221;20px&#8221;][vc_row_inner][vc_column_inner width=&#8221;1\/3&#8243;][vc_column_text]<\/p>\n<p style=\"text-align: center; color: #000;\"><strong>Av. Bu\u011fra Akter<\/strong><\/p>\n<p class=\"nd_options_color_grey nd_options_font_size_12 nd_options_text_transform_uppercase nd_options_letter_spacing_3 nd_options_second_font nd_options_font_weight_lighter\" style=\"text-align: center;\">Chairman of the Board<\/p>\n<p>[\/vc_column_text][vc_empty_space height=&#8221;30px&#8221;][\/vc_column_inner][vc_column_inner width=&#8221;1\/3&#8243;][vc_column_text]<\/p>\n<p style=\"text-align: center; color: #000;\"><strong>Av. Dervi\u015fe \u00c7erkez G\u00fcryel<\/strong><\/p>\n<p class=\"nd_options_color_grey nd_options_font_size_12 nd_options_text_transform_uppercase nd_options_letter_spacing_3 nd_options_second_font nd_options_font_weight_lighter\" style=\"text-align: center;\">Vice President<\/p>\n<p>[\/vc_column_text][vc_empty_space height=&#8221;30px&#8221;][\/vc_column_inner][vc_column_inner width=&#8221;1\/3&#8243;][vc_column_text]<\/p>\n<p style=\"text-align: center; color: #000;\"><strong>Amber Can Ciddi<\/strong><\/p>\n<p class=\"nd_options_color_grey nd_options_font_size_12 nd_options_text_transform_uppercase nd_options_letter_spacing_3 nd_options_second_font nd_options_font_weight_lighter\" style=\"text-align: center;\">General Treasurer<\/p>\n<p>[\/vc_column_text][vc_empty_space height=&#8221;30px&#8221;][\/vc_column_inner][\/vc_row_inner][vc_row_inner][vc_column_inner width=&#8221;1\/3&#8243;][vc_column_text]<\/p>\n<p style=\"text-align: center; color: #000;\"><strong>Fevzi \u00d6zersay<\/strong><\/p>\n<p class=\"nd_options_color_grey nd_options_font_size_12 nd_options_text_transform_uppercase nd_options_letter_spacing_3 nd_options_second_font nd_options_font_weight_lighter\" style=\"text-align: center;\">Secretary General<\/p>\n<p>[\/vc_column_text][vc_empty_space height=&#8221;30px&#8221;][\/vc_column_inner][vc_column_inner width=&#8221;1\/3&#8243;][vc_column_text]<\/p>\n<p style=\"text-align: center; color: #000;\"><strong>Hasan Arman<\/strong><\/p>\n<p class=\"nd_options_color_grey nd_options_font_size_12 nd_options_text_transform_uppercase nd_options_letter_spacing_3 nd_options_second_font nd_options_font_weight_lighter\" style=\"text-align: center;\">Active Member<\/p>\n<p>[\/vc_column_text][vc_empty_space height=&#8221;30px&#8221;][\/vc_column_inner][vc_column_inner width=&#8221;1\/3&#8243;][vc_column_text]<\/p>\n<p style=\"text-align: center; color: #000;\"><strong>Refika \u0130nce Bareke<\/strong><\/p>\n<p class=\"nd_options_color_grey nd_options_font_size_12 nd_options_text_transform_uppercase nd_options_letter_spacing_3 nd_options_second_font nd_options_font_weight_lighter\" style=\"text-align: center;\">Active Member<\/p>\n<p>[\/vc_column_text][vc_empty_space height=&#8221;30px&#8221;][\/vc_column_inner][\/vc_row_inner][vc_row_inner][vc_column_inner width=&#8221;1\/2&#8243;][vc_column_text]<\/p>\n<p style=\"text-align: center; color: #000;\"><strong>Alev Ecevit<\/strong><\/p>\n<p class=\"nd_options_color_grey nd_options_font_size_12 nd_options_text_transform_uppercase nd_options_letter_spacing_3 nd_options_second_font nd_options_font_weight_lighter\" style=\"text-align: center;\">Ministry of Labour and Social Security Representative<\/p>\n<p>[\/vc_column_text][vc_empty_space][\/vc_column_inner][vc_column_inner width=&#8221;1\/2&#8243;][vc_column_text]<\/p>\n<p style=\"text-align: center; color: #000;\"><strong>S\u00fcreyya Geylan G\u00fcrdal<\/strong><\/p>\n<p class=\"nd_options_color_grey nd_options_font_size_12 nd_options_text_transform_uppercase nd_options_letter_spacing_3 nd_options_second_font nd_options_font_weight_lighter\" style=\"text-align: center;\">MEB Representative<\/p>\n<p>[\/vc_column_text][vc_empty_space height=&#8221;30px&#8221;][\/vc_column_inner][\/vc_row_inner][vc_row_inner][vc_column_inner width=&#8221;1\/2&#8243;][vc_column_text]<\/p>\n<p style=\"text-align: center; color: #000;\"><strong>G\u00fcliz Kaner<\/strong><\/p>\n<p class=\"nd_options_color_grey nd_options_font_size_12 nd_options_text_transform_uppercase nd_options_letter_spacing_3 nd_options_second_font nd_options_font_weight_lighter\" style=\"text-align: center;\">Alternate Member<\/p>\n<p>[\/vc_column_text][vc_empty_space height=&#8221;30px&#8221;][\/vc_column_inner][vc_column_inner width=&#8221;1\/2&#8243;][vc_column_text]<\/p>\n<p style=\"text-align: center; color: #000;\"><strong>Ye\u015fim Turgut<\/strong><\/p>\n<p class=\"nd_options_color_grey nd_options_font_size_12 nd_options_text_transform_uppercase nd_options_letter_spacing_3 nd_options_second_font nd_options_font_weight_lighter\" style=\"text-align: center;\">Alternate Member<\/p>\n<p>[\/vc_column_text][vc_empty_space height=&#8221;30px&#8221;][\/vc_column_inner][\/vc_row_inner][\/vc_column][\/vc_row][\/vc_section]<\/p>\n","protected":false},"excerpt":{"rendered":"<p>[vc_row full_width=&#8221;stretch_row_content_no_spaces&#8221; css=&#8221;.vc_custom_1728464441285{background-position: center !important;background-repeat: no-repeat !important;background-size: cover !important;}&#8221;][vc_column css=&#8221;.vc_custom_1728464370710{margin-top: 0px !important;border-top-width: 0px !important;padding-top: 150px !important;padding-bottom: 150px !important;background-image: url(https:\/\/soscocukkoyu.org\/wp-content\/uploads\/2019\/03\/header-bg.png?id=1253) !important;background-position: center !important;background-repeat: no-repeat !important;background-size: cover !important;}&#8221;][vc_custom_heading source=&#8221;post_title&#8221; font_container=&#8221;tag:h2|font_size:36px|text_align:center|color:%23ffffff&#8221; use_theme_fonts=&#8221;yes&#8221; el_class=&#8221;titlebaslik&#8221;][\/vc_column][\/vc_row][vc_row full_width=&#8221;stretch_row_content&#8221; content_placement=&#8221;middle&#8221; el_class=&#8221;nd_options_vc_parallax_filter_2_2&#8243; css=&#8221;.vc_custom_1554469508506{margin-top: 50px !important;}&#8221;][vc_column width=&#8221;1\/2&#8243; css=&#8221;.vc_custom_1484647121270{padding-top: 0px !important;}&#8221;][vc_column_text] TRNC SOS Children&#8217;s Villages Association was established in 1991 to provide family-based care for children [&hellip;]<\/p>\n","protected":false},"author":1,"featured_media":0,"parent":0,"menu_order":0,"comment_status":"closed","ping_status":"closed","template":"","meta":{"h5ap_radio_sources":[],"footnotes":""},"class_list":["post-441","page","type-page","status-publish","hentry"],"_links":{"self":[{"href":"https:\/\/soscocukkoyu.org\/en\/wp-json\/wp\/v2\/pages\/441","targetHints":{"allow":["GET"]}}],"collection":[{"href":"https:\/\/soscocukkoyu.org\/en\/wp-json\/wp\/v2\/pages"}],"about":[{"href":"https:\/\/soscocukkoyu.org\/en\/wp-json\/wp\/v2\/types\/page"}],"author":[{"embeddable":true,"href":"https:\/\/soscocukkoyu.org\/en\/wp-json\/wp\/v2\/users\/1"}],"replies":[{"embeddable":true,"href":"https:\/\/soscocukkoyu.org\/en\/wp-json\/wp\/v2\/comments?post=441"}],"version-history":[{"count":21,"href":"https:\/\/soscocukkoyu.org\/en\/wp-json\/wp\/v2\/pages\/441\/revisions"}],"predecessor-version":[{"id":8833,"href":"https:\/\/soscocukkoyu.org\/en\/wp-json\/wp\/v2\/pages\/441\/revisions\/8833"}],"wp:attachment":[{"href":"https:\/\/soscocukkoyu.org\/en\/wp-json\/wp\/v2\/media?parent=441"}],"curies":[{"name":"wp","href":"https:\/\/api.w.org\/{rel}","templated":true}]}}