{"id":4455,"date":"2022-01-25T09:27:44","date_gmt":"2022-01-25T06:27:44","guid":{"rendered":"https:\/\/soscocukkoyu.org\/?page_id=4455"},"modified":"2022-01-25T09:34:12","modified_gmt":"2022-01-25T06:34:12","slug":"maastan-katki-bagis-formu","status":"publish","type":"page","link":"https:\/\/soscocukkoyu.org\/en\/maastan-katki-bagis-formu\/","title":{"rendered":"Maa\u015ftan Katk\u0131 Ba\u011f\u0131\u015f Formu"},"content":{"rendered":"<p>[vc_row css=&#8221;.vc_custom_1643092451837{margin-top: 50px !important;margin-bottom: 50px !important;}&#8221;][vc_column][vc_column_text]<\/p>\n<p style=\"text-align: center;\"><div class=\"forminator-ui forminator-custom-form forminator-custom-form-4454 forminator-design--flat  forminator_ajax\" data-forminator-render=\"0\" data-form=\"forminator-module-4454\" data-uid=\"69e51610bd7f0\"><br\/><\/div><form\n\t\t\t\tid=\"forminator-module-4454\"\n\t\t\t\tclass=\"forminator-ui forminator-custom-form forminator-custom-form-4454 forminator-design--flat  forminator_ajax\"\n\t\t\t\tmethod=\"post\"\n\t\t\t\tdata-forminator-render=\"0\"\n\t\t\t\tdata-form-id=\"4454\"\n\t\t\t\t data-color-option=\"default\" data-design=\"flat\" data-grid=\"open\" style=\"display: none;\"\n\t\t\t\tdata-uid=\"69e51610bd7f0\"\n\t\t\t><div role=\"alert\" aria-live=\"polite\" class=\"forminator-response-message forminator-error\" aria-hidden=\"true\"><\/div><div class=\"forminator-row\"><div id=\"name-1\" class=\"forminator-field-name forminator-col forminator-col-12 \"><div class=\"forminator-row forminator-no-margin\" data-multiple=\"true\"><div class=\"forminator-col forminator-col-md-6\"><div class=\"forminator-field\"><label for=\"forminator-field-first-name-1_69e51610bd7f0\" id=\"forminator-field-first-name-1_69e51610bd7f0-label\" class=\"forminator-label\">\u0130sim <span class=\"forminator-required\">*<\/span><\/label><input type=\"text\" name=\"name-1-first-name\" placeholder=\"\" id=\"forminator-field-first-name-1_69e51610bd7f0\" class=\"forminator-input\" aria-required=\"true\" data-multi=\"1\" autocomplete=\"given-name\" value=\"\" \/><\/div><\/div><div class=\"forminator-col forminator-col-md-6\"><div class=\"forminator-field\"><label for=\"forminator-field-last-name-1_69e51610bd7f0\" id=\"forminator-field-last-name-1_69e51610bd7f0-label\" class=\"forminator-label\">Soyisim <span class=\"forminator-required\">*<\/span><\/label><input type=\"text\" name=\"name-1-last-name\" placeholder=\"\" id=\"forminator-field-last-name-1_69e51610bd7f0\" class=\"forminator-input\" aria-required=\"true\" data-multi=\"1\" autocomplete=\"family-name\" value=\"\" \/><\/div><\/div><\/div><\/div><\/div><div class=\"forminator-row\"><div id=\"text-1\" class=\"forminator-field-text forminator-col forminator-col-6 \"><div class=\"forminator-field\"><label for=\"forminator-field-text-1_69e51610bd7f0\" id=\"forminator-field-text-1_69e51610bd7f0-label\" class=\"forminator-label\">Kimlik No <span class=\"forminator-required\">*<\/span><\/label><input type=\"text\" name=\"text-1\" value=\"\" placeholder=\"\" id=\"forminator-field-text-1_69e51610bd7f0\" class=\"forminator-input forminator-name--field\" data-required=\"1\" maxlength=\"11\" \/><span id=\"forminator-field-text-1_69e51610bd7f0-description\" class=\"forminator-description\"><span data-limit=\"11\" data-type=\"characters\">0 \/ 11<\/span><\/span><\/div><\/div><div id=\"date-1\" class=\"forminator-field-date forminator-col forminator-col-6 \"><div class=\"forminator-field\"><label for=\"forminator-field-date-1-picker_69e51610bd7f0\" id=\"forminator-field-date-1-picker_69e51610bd7f0-label\" class=\"forminator-label\">Do\u011fum Tarihi <span class=\"forminator-required\">*<\/span><\/label><div class=\"forminator-input-with-icon\"><span class=\"forminator-icon-calendar\" aria-hidden=\"true\"><\/span><input autocomplete=\"off\" type=\"text\" size=\"1\" name=\"date-1\" value=\"\" placeholder=\"Tarih Se\u00e7iniz\" id=\"forminator-field-date-1-picker_69e51610bd7f0\" class=\"forminator-input forminator-datepicker\" data-required=\"1\" data-format=\"dd\/mm\/yy\" data-restrict-type=\"\" data-restrict=\"\" data-start-year=\"1926\" data-end-year=\"2026\" data-past-dates=\"enable\" data-start-of-week=\"1\" data-start-date=\"\" data-end-date=\"2026-04-19\" data-start-field=\"\" data-end-field=\"\" data-start-offset=\"\" data-end-offset=\"\" data-disable-date=\"\" data-disable-range=\"\" \/><\/div><\/div><\/div><\/div><div class=\"forminator-row\"><div id=\"phone-1\" class=\"forminator-field-phone forminator-col forminator-col-6 \"><div class=\"forminator-field\"><label for=\"forminator-field-phone-1_69e51610bd7f0\" id=\"forminator-field-phone-1_69e51610bd7f0-label\" class=\"forminator-label\">Telefon <span class=\"forminator-required\">*<\/span><\/label><input type=\"text\" name=\"phone-1\" value=\"\" placeholder=\"\" id=\"forminator-field-phone-1_69e51610bd7f0\" class=\"forminator-input forminator-field--phone\" data-required=\"1\" aria-required=\"true\" autocomplete=\"off\" data-national_mode=\"enabled\" data-country=\"TR\" data-validation=\"standard\" \/><\/div><\/div><div id=\"email-1\" class=\"forminator-field-email forminator-col forminator-col-6 \"><div class=\"forminator-field\"><label for=\"forminator-field-email-1_69e51610bd7f0\" id=\"forminator-field-email-1_69e51610bd7f0-label\" class=\"forminator-label\">E-posta Adresi <span class=\"forminator-required\">*<\/span><\/label><input type=\"email\" name=\"email-1\" value=\"\" placeholder=\"\" id=\"forminator-field-email-1_69e51610bd7f0\" class=\"forminator-input forminator-email--field\" data-required=\"1\" aria-required=\"true\" autocomplete=\"email\" \/><\/div><\/div><\/div><div class=\"forminator-row\"><div id=\"text-2\" class=\"forminator-field-text forminator-col forminator-col-12 \"><div class=\"forminator-field\"><label for=\"forminator-field-text-2_69e51610bd7f0\" id=\"forminator-field-text-2_69e51610bd7f0-label\" class=\"forminator-label\">Adres <span class=\"forminator-required\">*<\/span><\/label><input type=\"text\" name=\"text-2\" value=\"\" placeholder=\"\" id=\"forminator-field-text-2_69e51610bd7f0\" class=\"forminator-input forminator-name--field\" data-required=\"1\" maxlength=\"250\" aria-describedby=\"forminator-field-text-2_69e51610bd7f0-description\" \/><span id=\"forminator-field-text-2_69e51610bd7f0-description\" class=\"forminator-description\">L\u00fctfen tam adresinizi giriniz.<span data-limit=\"250\" data-type=\"characters\">0 \/ 250<\/span><\/span><\/div><\/div><\/div><div class=\"forminator-row\"><div id=\"text-3\" class=\"forminator-field-text forminator-col forminator-col-12 \"><div class=\"forminator-field\"><label for=\"forminator-field-text-3_69e51610bd7f0\" id=\"forminator-field-text-3_69e51610bd7f0-label\" class=\"forminator-label\">\u00c7al\u0131\u015ft\u0131\u011f\u0131n\u0131z \u0130\u015f Yerinin Ad\u0131 <span class=\"forminator-required\">*<\/span><\/label><input type=\"text\" name=\"text-3\" value=\"\" placeholder=\"\" id=\"forminator-field-text-3_69e51610bd7f0\" class=\"forminator-input forminator-name--field\" data-required=\"1\" maxlength=\"200\" \/><span id=\"forminator-field-text-3_69e51610bd7f0-description\" class=\"forminator-description\"><span data-limit=\"200\" data-type=\"characters\">0 \/ 200<\/span><\/span><\/div><\/div><\/div><div class=\"forminator-row\"><div id=\"radio-1\" class=\"forminator-field-radio forminator-col forminator-col-12 \"><div role=\"radiogroup\" class=\"forminator-field\" aria-labelledby=\"forminator-radiogroup-radio-1-69e51610bd7f0-label\"><span id=\"forminator-radiogroup-radio-1-69e51610bd7f0-label\" class=\"forminator-label\">\u00c7al\u0131\u015fma Durumu <span class=\"forminator-required\">*<\/span><\/span><label id=\"forminator-field-radio-1-label-1\" for=\"forminator-field-radio-1-1-69e51610bd7f0\" class=\"forminator-radio\" title=\"Halen \u00e7al\u0131\u015f\u0131yorum\"><input type=\"radio\" name=\"radio-1\" value=\"\u00c7al\u0131\u015f\u0131yor\" id=\"forminator-field-radio-1-1-69e51610bd7f0\" aria-labelledby=\"forminator-field-radio-1-label-1\" data-calculation=\"0\"  \/><span class=\"forminator-radio-bullet\" aria-hidden=\"true\"><\/span><span class=\"forminator-radio-label\">Halen \u00e7al\u0131\u015f\u0131yorum<\/span><\/label><label id=\"forminator-field-radio-1-label-2\" for=\"forminator-field-radio-1-2-69e51610bd7f0\" class=\"forminator-radio\" title=\"Emekliyim\"><input type=\"radio\" name=\"radio-1\" value=\"Emekli\" id=\"forminator-field-radio-1-2-69e51610bd7f0\" aria-labelledby=\"forminator-field-radio-1-label-2\" data-calculation=\"0\"  \/><span class=\"forminator-radio-bullet\" aria-hidden=\"true\"><\/span><span class=\"forminator-radio-label\">Emekliyim<\/span><\/label><\/div><\/div><\/div><div class=\"forminator-row\"><div id=\"select-1\" class=\"forminator-field-select forminator-col forminator-col-12 \"><div class=\"forminator-field\"><label for=\"forminator-form-4454__field--select-1_69e51610bd7f0\" id=\"forminator-form-4454__field--select-1_69e51610bd7f0-label\" class=\"forminator-label\">Ba\u011f\u0131\u015f Miktar\u0131 <span class=\"forminator-required\">*<\/span><\/label><select  id=\"forminator-form-4454__field--select-1_69e51610bd7f0\" class=\"forminator-select--field forminator-select2 forminator-select2-multiple\" data-required=\"1\" name=\"select-1\" data-default-value=\"30\" data-placeholder=\"Ba\u011f\u0131\u015f Miktar\u0131\" data-search=\"false\" data-search-placeholder=\"Ba\u011f\u0131\u015f Miktar\u0131\" data-checkbox=\"false\" data-allow-clear=\"false\" aria-labelledby=\"forminator-form-4454__field--select-1_69e51610bd7f0-label\"><option value=\"\"  >Ba\u011f\u0131\u015f Miktar\u0131<\/option><option value=\"30\" selected=\"selected\" data-calculation=\"0\">30<\/option><\/select><\/div><\/div><\/div><div class=\"forminator-row\"><div id=\"consent-1\" class=\"forminator-field-consent forminator-col forminator-col-12 \"><div class=\"forminator-field\"><label for=\"forminator-field-consent-1_69e51610bd7f0\" id=\"forminator-field-consent-1_69e51610bd7f0-label\" class=\"forminator-label\">Onay <span class=\"forminator-required\">*<\/span><\/label><div class=\"forminator-checkbox__wrapper\"><label id=\"forminator-field-consent-1_69e51610bd7f0__label\" class=\"forminator-checkbox forminator-consent\" aria-labelledby=\"forminator-field-consent-1_69e51610bd7f0-label\"><input type=\"checkbox\" name=\"consent-1\" id=\"forminator-field-consent-1_69e51610bd7f0\" value=\"checked\" aria-labelledby=\"forminator-field-consent-1_69e51610bd7f0-label\" aria-describedby=\"forminator-field-consent-1_69e51610bd7f0__description\" data-required=\"true\" aria-required=\"true\" \/><span class=\"forminator-checkbox-box\" aria-hidden=\"true\"><\/span><\/label><div id=\"forminator-field-consent-1_69e51610bd7f0__description\" class=\"forminator-checkbox__label forminator-consent__label\"><p>\u00d6nceden bildirerek istedi\u011fim an vazge\u00e7mek kayd\u0131yla her ay belirtilen ba\u011f\u0131\u015f y\u00f6ntemi arac\u0131l\u0131\u011f\u0131 ile SOS \u00c7ocukk\u00f6y\u00fc Derne\u011fi\u2019ne ba\u011f\u0131\u015f yap\u0131lmas\u0131n\u0131 kabul ediyorum.<\/p><\/div><\/div><\/div><\/div><\/div><div class=\"forminator-row\"><div id=\"consent-2\" class=\"forminator-field-consent forminator-col forminator-col-12 \"><div class=\"forminator-field\"><label for=\"forminator-field-consent-2_69e51610bd7f0\" id=\"forminator-field-consent-2_69e51610bd7f0-label\" class=\"forminator-label\">Onay <span class=\"forminator-required\">*<\/span><\/label><div class=\"forminator-checkbox__wrapper\"><label id=\"forminator-field-consent-2_69e51610bd7f0__label\" class=\"forminator-checkbox forminator-consent\" aria-labelledby=\"forminator-field-consent-2_69e51610bd7f0-label\"><input type=\"checkbox\" name=\"consent-2\" id=\"forminator-field-consent-2_69e51610bd7f0\" value=\"checked\" aria-labelledby=\"forminator-field-consent-2_69e51610bd7f0-label\" aria-describedby=\"forminator-field-consent-2_69e51610bd7f0__description\" data-required=\"true\" aria-required=\"true\" \/><span class=\"forminator-checkbox-box\" aria-hidden=\"true\"><\/span><\/label><div id=\"forminator-field-consent-2_69e51610bd7f0__description\" class=\"forminator-checkbox__label forminator-consent__label\"><p>Ki\u015fisel verilerin korunmas\u0131 kanununa ba\u011f\u0131l\u0131 olarak yap\u0131lan bu \u00e7al\u0131\u015fmada verdi\u011fim ileti\u015fim bilgilerinden bana ula\u015fabilece\u011finizi onayl\u0131yorum.<\/p><\/div><\/div><\/div><\/div><\/div><input type=\"hidden\" name=\"referer_url\" value=\"\" \/><div class=\"forminator-row forminator-row-last\"><div class=\"forminator-col\"><div class=\"forminator-field\"><button class=\"forminator-button forminator-button-submit\">G&ouml;nder<\/button><\/div><\/div><\/div><input type=\"hidden\" id=\"forminator_nonce\" name=\"forminator_nonce\" value=\"91dfbb63ee\" \/><input type=\"hidden\" name=\"_wp_http_referer\" value=\"\/en\/wp-json\/wp\/v2\/pages\/4455\" \/><input type=\"hidden\" name=\"form_id\" value=\"4454\"><input type=\"hidden\" name=\"page_id\" value=\"4455\"><input type=\"hidden\" name=\"form_type\" value=\"default\"><input type=\"hidden\" name=\"current_url\" value=\"https:\/\/soscocukkoyu.org\/en\/maastan-katki-bagis-formu\/\"><input type=\"hidden\" name=\"render_id\" value=\"0\"><input type=\"hidden\" name=\"action\" value=\"forminator_submit_form_custom-forms\"><\/form><\/p>\n<p>[\/vc_column_text][\/vc_column][\/vc_row]<\/p>\n","protected":false},"excerpt":{"rendered":"<p>[vc_row css=&#8221;.vc_custom_1643092451837{margin-top: 50px !important;margin-bottom: 50px !important;}&#8221;][vc_column][vc_column_text] [\/vc_column_text][\/vc_column][\/vc_row]<\/p>\n","protected":false},"author":29,"featured_media":0,"parent":0,"menu_order":0,"comment_status":"closed","ping_status":"closed","template":"","meta":{"h5ap_radio_sources":[],"footnotes":""},"class_list":["post-4455","page","type-page","status-publish","hentry"],"_links":{"self":[{"href":"https:\/\/soscocukkoyu.org\/en\/wp-json\/wp\/v2\/pages\/4455","targetHints":{"allow":["GET"]}}],"collection":[{"href":"https:\/\/soscocukkoyu.org\/en\/wp-json\/wp\/v2\/pages"}],"about":[{"href":"https:\/\/soscocukkoyu.org\/en\/wp-json\/wp\/v2\/types\/page"}],"author":[{"embeddable":true,"href":"https:\/\/soscocukkoyu.org\/en\/wp-json\/wp\/v2\/users\/29"}],"replies":[{"embeddable":true,"href":"https:\/\/soscocukkoyu.org\/en\/wp-json\/wp\/v2\/comments?post=4455"}],"version-history":[{"count":3,"href":"https:\/\/soscocukkoyu.org\/en\/wp-json\/wp\/v2\/pages\/4455\/revisions"}],"predecessor-version":[{"id":4458,"href":"https:\/\/soscocukkoyu.org\/en\/wp-json\/wp\/v2\/pages\/4455\/revisions\/4458"}],"wp:attachment":[{"href":"https:\/\/soscocukkoyu.org\/en\/wp-json\/wp\/v2\/media?parent=4455"}],"curies":[{"name":"wp","href":"https:\/\/api.w.org\/{rel}","templated":true}]}}