{"id":4548,"date":"2022-02-28T11:28:09","date_gmt":"2022-02-28T08:28:09","guid":{"rendered":"https:\/\/soscocukkoyu.org\/en\/?page_id=4548"},"modified":"2023-02-28T12:09:56","modified_gmt":"2023-02-28T09:09:56","slug":"sifir-ayrimcilik-0","status":"publish","type":"page","link":"https:\/\/soscocukkoyu.org\/en\/sifir-ayrimcilik-0\/","title":{"rendered":"Zero Discrimination"},"content":{"rendered":"<p>[vc_row][vc_column][vc_row_inner][vc_column_inner][vc_column_text]Discriminatory laws and gender-based violence have a disproportionate impact on the lives of women and girls around the world. We call you to notice discrimination. You can follow our activities on our social media accounts in order to make our voice heard on the basis of human rights. Share your post with <a href=\"https:\/\/www.facebook.com\/hashtag\/zerodiscrimination?__eep__=6&#038;__cft__%5b0%5d=AZVjqz9HjRPemRc9Gyv3LxlpQym4xQwWLQeCeexe-rtA0nK8Z_kmBeDKVECyOY8tVvJWLXqQmO-HBo5P9UQmfc5RigGZTdGoarqXoxCyjNwfqMj171LIj12e_CiE90-u8ZE&#038;__tn__=*NK-R\">#zerodiscrimination<\/a> hashtag to support this movement and raise awareness. Notice the discrimination![\/vc_column_text][vc_single_image image=&#8221;4564&#8243; img_size=&#8221;full&#8221;][\/vc_column_inner][\/vc_row_inner][vc_column_text]Individuals or groups should treated fair, equal and without judgment. Nobody should feel discriminated because of their social class, age, nationality, race, religion, language, gender, politico-philosophical view, ethnic minority or disability. To support this movement every 1st of March accepted as &#8220;Zero Discrimination Day&#8221; in 2014 by the United Nations.[\/vc_column_text][\/vc_column][\/vc_row][vc_row][vc_column][vc_row_inner content_placement=&#8221;middle&#8221;][vc_column_inner width=&#8221;1\/2&#8243;][vc_single_image image=&#8221;4566&#8243; img_size=&#8221;full&#8221;][\/vc_column_inner][vc_column_inner width=&#8221;1\/2&#8243;][vc_column_text]Children&#8217;s exposure to gender discrimination begins with the discrimination of biological gender from birth. Sexist roles, especially for girls, follow them like shadows throughout their lives and ultimately causes women to be exposed to gender inequality. Discriminating against children and individuals is a fundamental violation of rights. Governments, society and NGOs need to raising awareness of the gender equality for to be able to change this situation where the whole society is negatively affected.<\/p>\n<p>&nbsp;<\/p>\n<p><strong>Ula\u015f Gen\u00e7alp<\/strong><br \/>\n<strong>SOS Children\u2019s Village<\/strong>[\/vc_column_text][\/vc_column_inner][\/vc_row_inner][vc_row_inner content_placement=&#8221;middle&#8221;][vc_column_inner width=&#8221;1\/2&#8243;][vc_single_image image=&#8221;4566&#8243; img_size=&#8221;full&#8221;][\/vc_column_inner][vc_column_inner width=&#8221;1\/2&#8243;][vc_column_text]According to the data of the United Nations High Commissioner for Refugees, 50% of the refugees in the world are women and girls. In addition to the ongoing conflicts and serious human rights violations in different parts of the world, the recent economic difficulties due to the corona epidemic, increasing unemployment rates and problems in accessing support mechanisms increase the vulnerabilities of many women and girls; paves the way for exploitation. Women and girls, who had to flee their countries due to war and persecution in our country, should be treated equally in society, have access to basic human rights, lead a dignified life and be able to adapt to the society they live in.<\/p>\n<p>&nbsp;<\/p>\n<p><strong>Deniz Alt\u0131ok<\/strong><br \/>\n<strong>Refugee Rights Association<\/strong>[\/vc_column_text][\/vc_column_inner][\/vc_row_inner][vc_row_inner content_placement=&#8221;middle&#8221;][vc_column_inner width=&#8221;1\/2&#8243;][vc_single_image image=&#8221;4566&#8243; img_size=&#8221;full&#8221;][\/vc_column_inner][vc_column_inner width=&#8221;1\/2&#8243;][vc_column_text]\u201cThe lives of lesbian, bisexual, trans girls and women are worth living and being let live.\u201d Unfortunately, the of lands we live on are full of stories of lesbian, bisexual and trans women whose education was disrupted by homophobic, biphobic or transphobic violence perpetrated by their peers and teachers, and those that are unable to continue their education because they are imposed to wear uniforms in line with the sex they are assigned at birth but not their gender identity or because they lose support of their families on the basis of being romantically attracted to the same sex. On the other hand, providing education to children, starting from preschool period on sexual orientation, gender identity and expression, and sex characteristics will help the next generations to act less oppressive and ostracizing.<\/p>\n<p>Queer Cyprus Solidarity Line: +90 542 858 58 47<\/p>\n<p>&nbsp;<\/p>\n<p><strong>Faika Deniz Pa\u015fa<\/strong><br \/>\n<strong>Queer Cyprus<\/strong>[\/vc_column_text][\/vc_column_inner][\/vc_row_inner][vc_row_inner content_placement=&#8221;middle&#8221;][vc_column_inner width=&#8221;1\/2&#8243;][vc_single_image image=&#8221;4566&#8243; img_size=&#8221;full&#8221;][\/vc_column_inner][vc_column_inner width=&#8221;1\/2&#8243;][vc_column_text]\u201cFor every 10 human trafficking victims identified worldwide, 5 are women and 2 are girls.\u201d Today, the number of people exposed to slavery and similar practices is greater than ever before in world history. Practices in this direction fall under the crime of human trafficking, and 5 out of 10 victims of human trafficking identified worldwide are women and 2 are girls. The poverty that women and girls face as well as discrimination in accessing education and the job market pushes them into a vulnerable situation. Human traffickers use these vulnerabilities, forcing women especially into prostitution through various methods and gaining profits from women&#8217;s bodies. We must combat human trafficking effectively for the liberation of all women and girls whose lives have been restricted.<\/p>\n<p>&nbsp;<\/p>\n<p><strong>Fezile Osum<\/strong><br \/>\n<strong>Human Rights Platform<\/strong>[\/vc_column_text][\/vc_column_inner][\/vc_row_inner][vc_row_inner content_placement=&#8221;middle&#8221;][vc_column_inner width=&#8221;1\/2&#8243;][vc_single_image image=&#8221;4566&#8243; img_size=&#8221;full&#8221;][\/vc_column_inner][vc_column_inner width=&#8221;1\/2&#8243;][vc_column_text]Unite for gender equality! Many girls are deprived of their right to education because of the patriarchal structure and gender discrimination. In our country, girls are employed in many jobs as workers and are deprived of their right to education.<\/p>\n<p>&nbsp;<\/p>\n<p><strong>Laden Asilzade<\/strong><br \/>\n<strong>Universal Children&#8217;s Rights Association<\/strong>[\/vc_column_text][\/vc_column_inner][\/vc_row_inner][vc_row_inner content_placement=&#8221;middle&#8221;][vc_column_inner width=&#8221;1\/2&#8243;][vc_single_image image=&#8221;4566&#8243; img_size=&#8221;full&#8221;][\/vc_column_inner][vc_column_inner width=&#8221;1\/2&#8243;][vc_column_text]In the pandemic process, which has been effective for two years, pre-existing discrimination against women and girls has become even more evident. During this time,\u00a0 unemployment and impoverishment of women, exploitation of domestic labour, inequalities in access to education and domestic violence and neglect-abuse cases have increased significantly. The inequality that is created by stereotypical gender roles should be addressed and eliminated first, and then to eliminate the existing discriminations. Women should be empowered both socially and economically. It is a must to provide this empowerment both within the society and institutionally.<\/p>\n<p>&nbsp;<\/p>\n<p><strong>Av. Asl\u0131 Murat<\/strong><br \/>\n<strong>Cyprus Turkish Bar Association<\/strong>[\/vc_column_text][\/vc_column_inner][\/vc_row_inner][vc_row_inner content_placement=&#8221;middle&#8221;][vc_column_inner width=&#8221;1\/2&#8243;][vc_single_image image=&#8221;4566&#8243; img_size=&#8221;full&#8221;][\/vc_column_inner][vc_column_inner width=&#8221;1\/2&#8243;][vc_column_text]Lack of Social Security is Hurting Women and Girls Disproportionately<\/p>\n<p>While traditional gender roles and norms legitimise discrimination and rights violations against women and girls, socio-economic problems and lack of a social security system that can effectively address these problems deepen this discrimination and violations. The intersection of gender roles with differences in citizenship, immigration status, ethnic identity, sexual orientation, and special needs further exacerbates the disadvantages faced by women and girls.<\/p>\n<p>For violence against women or domestic violence: 183<\/p>\n<p>&nbsp;<\/p>\n<p><strong>Dr. \u00d6m\u00fcr Y\u0131lmaz<\/strong><br \/>\n<strong>United Against Violence Project<\/strong>[\/vc_column_text][\/vc_column_inner][\/vc_row_inner][\/vc_column][\/vc_row]<\/p>\n","protected":false},"excerpt":{"rendered":"<p>[vc_row][vc_column][vc_row_inner][vc_column_inner][vc_column_text]Discriminatory laws and gender-based violence have a disproportionate impact on the lives of women and girls around the world. We call you to notice discrimination. You can follow our activities on our social media accounts in order to make our voice heard on the basis of human rights. Share your post with #zerodiscrimination hashtag to [&hellip;]<\/p>\n","protected":false},"author":29,"featured_media":0,"parent":0,"menu_order":0,"comment_status":"closed","ping_status":"closed","template":"","meta":{"h5ap_radio_sources":[],"footnotes":""},"class_list":["post-4548","page","type-page","status-publish","hentry"],"_links":{"self":[{"href":"https:\/\/soscocukkoyu.org\/en\/wp-json\/wp\/v2\/pages\/4548","targetHints":{"allow":["GET"]}}],"collection":[{"href":"https:\/\/soscocukkoyu.org\/en\/wp-json\/wp\/v2\/pages"}],"about":[{"href":"https:\/\/soscocukkoyu.org\/en\/wp-json\/wp\/v2\/types\/page"}],"author":[{"embeddable":true,"href":"https:\/\/soscocukkoyu.org\/en\/wp-json\/wp\/v2\/users\/29"}],"replies":[{"embeddable":true,"href":"https:\/\/soscocukkoyu.org\/en\/wp-json\/wp\/v2\/comments?post=4548"}],"version-history":[{"count":10,"href":"https:\/\/soscocukkoyu.org\/en\/wp-json\/wp\/v2\/pages\/4548\/revisions"}],"predecessor-version":[{"id":4550,"href":"https:\/\/soscocukkoyu.org\/en\/wp-json\/wp\/v2\/pages\/4548\/revisions\/4550"}],"wp:attachment":[{"href":"https:\/\/soscocukkoyu.org\/en\/wp-json\/wp\/v2\/media?parent=4548"}],"curies":[{"name":"wp","href":"https:\/\/api.w.org\/{rel}","templated":true}]}}