{"id":5049,"date":"2022-07-01T08:17:24","date_gmt":"2022-07-01T05:17:24","guid":{"rendered":"https:\/\/soscocukkoyu.org\/?page_id=5049"},"modified":"2022-07-18T16:30:58","modified_gmt":"2022-07-18T13:30:58","slug":"iyilik-sepeti","status":"publish","type":"page","link":"https:\/\/soscocukkoyu.org\/en\/iyilik-sepeti\/","title":{"rendered":"\u0130yilik Sepeti"},"content":{"rendered":"<p>[vc_row][vc_column][vc_column_text]<\/p>\n<p style=\"text-align: center;\">\u0130yilik sepetiyle aile g\u00fc\u00e7lendirme program\u0131m\u0131za destek verebilir, \u00e7ocuklar\u0131n sa\u011fl\u0131kl\u0131 g\u0131dalardan faydalanabilmesini, temiz ve g\u00fcvenli bir ortamda ya\u015fam s\u00fcrebilmesini sa\u011flayabilirsiniz. Sepete ekleyece\u011finiz her paket kucak dolusu sevgiye d\u00f6n\u00fc\u015fs\u00fcn.<\/p>\n<p>[\/vc_column_text][vc_column_text]<\/p>\n<p style=\"text-align: center;\">[iyilik-sepeti-form]<\/p>\n<p>[\/vc_column_text][\/vc_column][\/vc_row]<\/p>\n","protected":false},"excerpt":{"rendered":"<p>[vc_row][vc_column][vc_column_text] \u0130yilik sepetiyle aile g\u00fc\u00e7lendirme program\u0131m\u0131za destek verebilir, \u00e7ocuklar\u0131n sa\u011fl\u0131kl\u0131 g\u0131dalardan faydalanabilmesini, temiz ve g\u00fcvenli bir ortamda ya\u015fam s\u00fcrebilmesini sa\u011flayabilirsiniz. Sepete ekleyece\u011finiz her paket kucak dolusu sevgiye d\u00f6n\u00fc\u015fs\u00fcn. [\/vc_column_text][vc_column_text] [iyilik-sepeti-form] [\/vc_column_text][\/vc_column][\/vc_row]<\/p>\n","protected":false},"author":29,"featured_media":0,"parent":0,"menu_order":0,"comment_status":"closed","ping_status":"closed","template":"","meta":{"h5ap_radio_sources":[],"footnotes":""},"class_list":["post-5049","page","type-page","status-publish","hentry"],"_links":{"self":[{"href":"https:\/\/soscocukkoyu.org\/en\/wp-json\/wp\/v2\/pages\/5049","targetHints":{"allow":["GET"]}}],"collection":[{"href":"https:\/\/soscocukkoyu.org\/en\/wp-json\/wp\/v2\/pages"}],"about":[{"href":"https:\/\/soscocukkoyu.org\/en\/wp-json\/wp\/v2\/types\/page"}],"author":[{"embeddable":true,"href":"https:\/\/soscocukkoyu.org\/en\/wp-json\/wp\/v2\/users\/29"}],"replies":[{"embeddable":true,"href":"https:\/\/soscocukkoyu.org\/en\/wp-json\/wp\/v2\/comments?post=5049"}],"version-history":[{"count":4,"href":"https:\/\/soscocukkoyu.org\/en\/wp-json\/wp\/v2\/pages\/5049\/revisions"}],"predecessor-version":[{"id":5085,"href":"https:\/\/soscocukkoyu.org\/en\/wp-json\/wp\/v2\/pages\/5049\/revisions\/5085"}],"wp:attachment":[{"href":"https:\/\/soscocukkoyu.org\/en\/wp-json\/wp\/v2\/media?parent=5049"}],"curies":[{"name":"wp","href":"https:\/\/api.w.org\/{rel}","templated":true}]}}