{"id":6267,"date":"2023-05-24T15:57:29","date_gmt":"2023-05-24T12:57:29","guid":{"rendered":"https:\/\/soscocukkoyu.org\/?page_id=6267"},"modified":"2025-03-28T11:01:41","modified_gmt":"2025-03-28T08:01:41","slug":"sos-noktalari","status":"publish","type":"page","link":"https:\/\/soscocukkoyu.org\/en\/sos-noktalari\/","title":{"rendered":"SOS POINTS"},"content":{"rendered":"<p>[vc_row][vc_column][vc_single_image image=&#8221;6281&#8243; img_size=&#8221;large&#8221; alignment=&#8221;center&#8221;][vc_column_text]Siz de\u011ferli destek\u00e7ilerimize art\u0131k daha da yak\u0131n\u0131z&#8230; Ba\u011f\u0131\u015flar\u0131n\u0131z\u0131 ula\u015ft\u0131rmak, elden ba\u011f\u0131\u015f yapabilmek veya daha detayl\u0131 bilgiyi yak\u0131ndan alabilmek i\u00e7in \u015fimdi Ma\u011fusa, Lefke ve G\u00fczelyurt&#8217;ta da SOS NOKTALARI var.[\/vc_column_text][\/vc_column][\/vc_row][vc_row full_width=&#8221;stretch_row&#8221;][vc_column width=&#8221;1\/3&#8243;][vc_custom_heading text=&#8221;Refiker Ev Tekstil \u2013 Secret Office&#8221; font_container=&#8221;tag:h2|text_align:center&#8221;][vc_empty_space][vc_single_image image=&#8221;7354&#8243; img_size=&#8221;medium&#8221; alignment=&#8221;center&#8221; onclick=&#8221;img_link_large&#8221;][\/vc_column][vc_column width=&#8221;1\/3&#8243;][vc_custom_heading text=&#8221;Fay Party House&#8221; font_container=&#8221;tag:h2|text_align:center&#8221;][vc_empty_space][vc_single_image image=&#8221;7355&#8243; img_size=&#8221;medium&#8221; alignment=&#8221;center&#8221; onclick=&#8221;img_link_large&#8221;][\/vc_column][vc_column width=&#8221;1\/3&#8243;][vc_custom_heading text=&#8221;Sand\u00fcvi\u00e7\u00e7i Cafe&#8221; font_container=&#8221;tag:h2|text_align:center&#8221;][vc_empty_space][vc_single_image image=&#8221;7356&#8243; img_size=&#8221;medium&#8221; alignment=&#8221;center&#8221; onclick=&#8221;img_link_large&#8221;][\/vc_column][\/vc_row][vc_row][vc_column width=&#8221;1\/3&#8243;][vc_column_text]Yetkili Ki\u015fi: D\u00fcndar Refiker<br \/>\nTel: 0533 823 03 00<br \/>\nAdres: Ecevit Caddesi, G\u00fczelyurt<br \/>\nInstagram: secretoffice_store<br \/>\nFacebook: secret office<br \/>\nE-Posta:\u00a0<a href=\"mailto:refikerdundar@hotmail.com\" target=\"_blank\" rel=\"noopener\">refikerdundar@hotmail.com<\/a>[\/vc_column_text][\/vc_column][vc_column width=&#8221;1\/3&#8243;][vc_column_text]Yetkili Ki\u015fi: Fisun G\u00fcla\u015flar<br \/>\nTel: 0533 868 65 43<br \/>\nAdres: \u015eht. Nejdet Levent Sokak. No:18\/1 Gemikona\u011f\u0131<br \/>\nInstagram: faypartyhouse<br \/>\nFacebook: Fay Partyhouse<br \/>\nE-Posta:\u00a0<a href=\"mailto:fisun_2000@windowslive.com\" target=\"_blank\" rel=\"noopener\">fisun_2000@windowslive.com<\/a>[\/vc_column_text][\/vc_column][vc_column width=&#8221;1\/3&#8243;][vc_column_text]<\/p>\n<p style=\"font-weight: 400;\">Yetkili Ki\u015fi: Berke Da\u011fl\u0131<\/p>\n<p style=\"font-weight: 400;\">Tel: 0548 844 76 08<\/p>\n<p style=\"font-weight: 400;\">Adres: Liman Yolu Sokak, Surlar \u0130\u00e7i Gazima\u011fusa<\/p>\n<p>[\/vc_column_text][\/vc_column][\/vc_row][vc_row full_width=&#8221;stretch_row&#8221; gap=&#8221;20&#8243;][vc_column][vc_row_inner content_placement=&#8221;middle&#8221;][vc_column_inner width=&#8221;1\/2&#8243; css=&#8221;.vc_custom_1709214587120{border-radius: 10px !important;}&#8221;][vc_raw_html]JTNDaWZyYW1lJTIwc3JjJTNEJTIyaHR0cHMlM0ElMkYlMkZ3d3cuZ29vZ2xlLmNvbSUyRm1hcHMlMkZkJTJGdSUyRjElMkZlbWJlZCUzRm1pZCUzRDFIc0lzcFNRWlphaUJuUi1URVQ3UWZQNTdHdUY2UnpnJTI2ZWhiYyUzRDJFMzEyRiUyMiUyMHdpZHRoJTNEJTIyNTgwJTIyJTIwaGVpZ2h0JTNEJTIyNjIwJTIyJTIwJTNFJTNDJTJGaWZyYW1lJTNF[\/vc_raw_html][\/vc_column_inner][vc_column_inner width=&#8221;1\/2&#8243;][vc_custom_heading text=&#8221;SOS Noktas\u0131 Ba\u015fvuru Formu&#8221;][vc_raw_html]JTVCZm9ybWluYXRvcl9mb3JtJTIwaWQlM0QlMjI3MjM3JTIyJTVE[\/vc_raw_html][\/vc_column_inner][\/vc_row_inner][vc_row_inner][vc_column_inner width=&#8221;1\/3&#8243;][\/vc_column_inner][vc_column_inner width=&#8221;1\/3&#8243;][\/vc_column_inner][vc_column_inner width=&#8221;1\/3&#8243;][\/vc_column_inner][\/vc_row_inner][\/vc_column][\/vc_row]<\/p>\n","protected":false},"excerpt":{"rendered":"<p>[vc_row][vc_column][vc_single_image image=&#8221;6281&#8243; img_size=&#8221;large&#8221; alignment=&#8221;center&#8221;][vc_column_text]Siz de\u011ferli destek\u00e7ilerimize art\u0131k daha da yak\u0131n\u0131z&#8230; Ba\u011f\u0131\u015flar\u0131n\u0131z\u0131 ula\u015ft\u0131rmak, elden ba\u011f\u0131\u015f yapabilmek veya daha detayl\u0131 bilgiyi yak\u0131ndan alabilmek i\u00e7in \u015fimdi Ma\u011fusa, Lefke ve G\u00fczelyurt&#8217;ta da SOS NOKTALARI var.[\/vc_column_text][\/vc_column][\/vc_row][vc_row full_width=&#8221;stretch_row&#8221;][vc_column width=&#8221;1\/3&#8243;][vc_custom_heading text=&#8221;Refiker Ev Tekstil \u2013 Secret Office&#8221; font_container=&#8221;tag:h2|text_align:center&#8221;][vc_empty_space][vc_single_image image=&#8221;7354&#8243; img_size=&#8221;medium&#8221; alignment=&#8221;center&#8221; onclick=&#8221;img_link_large&#8221;][\/vc_column][vc_column width=&#8221;1\/3&#8243;][vc_custom_heading text=&#8221;Fay Party House&#8221; font_container=&#8221;tag:h2|text_align:center&#8221;][vc_empty_space][vc_single_image image=&#8221;7355&#8243; img_size=&#8221;medium&#8221; alignment=&#8221;center&#8221; onclick=&#8221;img_link_large&#8221;][\/vc_column][vc_column width=&#8221;1\/3&#8243;][vc_custom_heading text=&#8221;Sand\u00fcvi\u00e7\u00e7i [&hellip;]<\/p>\n","protected":false},"author":29,"featured_media":0,"parent":0,"menu_order":0,"comment_status":"closed","ping_status":"closed","template":"","meta":{"h5ap_radio_sources":[],"footnotes":""},"class_list":["post-6267","page","type-page","status-publish","hentry"],"_links":{"self":[{"href":"https:\/\/soscocukkoyu.org\/en\/wp-json\/wp\/v2\/pages\/6267","targetHints":{"allow":["GET"]}}],"collection":[{"href":"https:\/\/soscocukkoyu.org\/en\/wp-json\/wp\/v2\/pages"}],"about":[{"href":"https:\/\/soscocukkoyu.org\/en\/wp-json\/wp\/v2\/types\/page"}],"author":[{"embeddable":true,"href":"https:\/\/soscocukkoyu.org\/en\/wp-json\/wp\/v2\/users\/29"}],"replies":[{"embeddable":true,"href":"https:\/\/soscocukkoyu.org\/en\/wp-json\/wp\/v2\/comments?post=6267"}],"version-history":[{"count":24,"href":"https:\/\/soscocukkoyu.org\/en\/wp-json\/wp\/v2\/pages\/6267\/revisions"}],"predecessor-version":[{"id":8223,"href":"https:\/\/soscocukkoyu.org\/en\/wp-json\/wp\/v2\/pages\/6267\/revisions\/8223"}],"wp:attachment":[{"href":"https:\/\/soscocukkoyu.org\/en\/wp-json\/wp\/v2\/media?parent=6267"}],"curies":[{"name":"wp","href":"https:\/\/api.w.org\/{rel}","templated":true}]}}