{"id":6425,"date":"2023-07-06T12:09:56","date_gmt":"2023-07-06T09:09:56","guid":{"rendered":"https:\/\/soscocukkoyu.org\/?page_id=6425"},"modified":"2023-07-06T12:09:56","modified_gmt":"2023-07-06T09:09:56","slug":"ozel-urunler","status":"publish","type":"page","link":"https:\/\/soscocukkoyu.org\/en\/ozel-urunler\/","title":{"rendered":"\u00d6zel \u00dcr\u00fcnler"},"content":{"rendered":"<p>[vc_row full_width=&#8221;stretch_row&#8221; equal_height=&#8221;yes&#8221; content_placement=&#8221;middle&#8221;][vc_column]\n\n    <div class=\"nd_options_section nd_options_bg_white nd_options_border_radius_15  \">\n                                        \n        <div class=\"nd_options_section nd_options_box_sizing_border_box nd_options_padding_20 nd_options_text_align_center\">\n            \n            <img decoding=\"async\" alt=\"\" width=\"40\" src=\"\">\n            <div class=\"nd_options_section nd_options_height_5\"><\/div>\n            <h1 class=\"nd_options_font_size_40\">KAAN T\u00dcCCAR \u00d6ZEL \u00dcR\u00dcNLER\u0130<\/h1>\n            <div class=\"nd_options_section nd_options_height_10\"><\/div>\n            <h4 class=\"nd_options_color_grey nd_options_font_size_12 nd_options_text_transform_uppercase nd_options_letter_spacing_3 nd_options_second_font nd_options_font_weight_lighter\"><\/h4>\n\n        <\/div>\n\n    <\/div>\n\n  [vc_column_text]<\/p>\n<p style=\"text-align: center;\">Kaan T\u00fcccar, a\u00e7t\u0131\u011f\u0131 bireysel sergide yer alan baz\u0131 eserlerini, imzal\u0131 bir \u015fekilde SOS D\u00fckkan\u2019da sat\u0131\u015f\u0131 yap\u0131lmak \u00fczere SOS \u00c7ocukk\u00f6y\u00fc Derne\u011fi\u2019ne umudu daha da \u00e7o\u011faltmak i\u00e7in takdim etti.<\/p>\n<p>[\/vc_column_text][vc_empty_space height=&#8221;25px&#8221;]<div class=\"woocommerce columns-4 \"><ul class=\"products columns-4\">\n<li class=\"product type-product post-6422 status-publish first instock has-post-thumbnail shipping-taxable purchasable product-type-simple\">\n\t<a href=\"https:\/\/soscocukkoyu.org\/en\/urun\/bins\/\" class=\"woocommerce-LoopProduct-link woocommerce-loop-product__link\"><img loading=\"lazy\" decoding=\"async\" width=\"300\" height=\"300\" src=\"https:\/\/soscocukkoyu.org\/wp-content\/uploads\/2023\/07\/bins-min.jpg\" class=\"attachment-woocommerce_thumbnail size-woocommerce_thumbnail\" alt=\"Bins\" \/><h2 class=\"woocommerce-loop-product__title\">Bins<\/h2>\n\t<span class=\"price\"><span class=\"woocommerce-Price-amount amount\"><bdi>650.00&nbsp;<span class=\"woocommerce-Price-currencySymbol\">&#8378;<\/span><\/bdi><\/span><\/span>\n<\/a><a href=\"\/en\/wp-json\/wp\/v2\/pages\/6425?add-to-cart=6422\" aria-describedby=\"woocommerce_loop_add_to_cart_link_describedby_6422\" data-quantity=\"1\" class=\"button product_type_simple add_to_cart_button ajax_add_to_cart\" data-product_id=\"6422\" data-product_sku=\"\" aria-label=\"Add to basket: &ldquo;Bins&rdquo;\" rel=\"nofollow\" data-success_message=\"&ldquo;Bins&rdquo; has been added to your cart\" role=\"button\">Add to basket<\/a>\t<span id=\"woocommerce_loop_add_to_cart_link_describedby_6422\" class=\"screen-reader-text\">\n\t\t\t<\/span>\n<\/li>\n<li class=\"product type-product post-6419 status-publish instock has-post-thumbnail shipping-taxable purchasable product-type-simple\">\n\t<a href=\"https:\/\/soscocukkoyu.org\/en\/urun\/cocuk-2\/\" class=\"woocommerce-LoopProduct-link woocommerce-loop-product__link\"><img loading=\"lazy\" decoding=\"async\" width=\"300\" height=\"300\" src=\"https:\/\/soscocukkoyu.org\/wp-content\/uploads\/2023\/07\/Cccklllllr-min.jpg\" class=\"attachment-woocommerce_thumbnail size-woocommerce_thumbnail\" alt=\"\u00c7ocuk 2\" \/><h2 class=\"woocommerce-loop-product__title\">\u00c7ocuk 2<\/h2>\n\t<span class=\"price\"><span class=\"woocommerce-Price-amount amount\"><bdi>650.00&nbsp;<span class=\"woocommerce-Price-currencySymbol\">&#8378;<\/span><\/bdi><\/span><\/span>\n<\/a><a href=\"\/en\/wp-json\/wp\/v2\/pages\/6425?add-to-cart=6419\" aria-describedby=\"woocommerce_loop_add_to_cart_link_describedby_6419\" data-quantity=\"1\" class=\"button product_type_simple add_to_cart_button ajax_add_to_cart\" data-product_id=\"6419\" data-product_sku=\"\" aria-label=\"Add to basket: &ldquo;\u00c7ocuk 2&rdquo;\" rel=\"nofollow\" data-success_message=\"&ldquo;\u00c7ocuk 2&rdquo; has been added to your cart\" role=\"button\">Add to basket<\/a>\t<span id=\"woocommerce_loop_add_to_cart_link_describedby_6419\" class=\"screen-reader-text\">\n\t\t\t<\/span>\n<\/li>\n<li class=\"product type-product post-6420 status-publish instock has-post-thumbnail shipping-taxable purchasable product-type-simple\">\n\t<a href=\"https:\/\/soscocukkoyu.org\/en\/urun\/binsns\/\" class=\"woocommerce-LoopProduct-link woocommerce-loop-product__link\"><img loading=\"lazy\" decoding=\"async\" width=\"300\" height=\"300\" src=\"https:\/\/soscocukkoyu.org\/wp-content\/uploads\/2023\/07\/Binsns-min.jpg\" class=\"attachment-woocommerce_thumbnail size-woocommerce_thumbnail\" alt=\"Binsns\" \/><h2 class=\"woocommerce-loop-product__title\">Binsns<\/h2>\n\t<span class=\"price\"><span class=\"woocommerce-Price-amount amount\"><bdi>650.00&nbsp;<span class=\"woocommerce-Price-currencySymbol\">&#8378;<\/span><\/bdi><\/span><\/span>\n<\/a><a href=\"\/en\/wp-json\/wp\/v2\/pages\/6425?add-to-cart=6420\" aria-describedby=\"woocommerce_loop_add_to_cart_link_describedby_6420\" data-quantity=\"1\" class=\"button product_type_simple add_to_cart_button ajax_add_to_cart\" data-product_id=\"6420\" data-product_sku=\"\" aria-label=\"Add to basket: &ldquo;Binsns&rdquo;\" rel=\"nofollow\" data-success_message=\"&ldquo;Binsns&rdquo; has been added to your cart\" role=\"button\">Add to basket<\/a>\t<span id=\"woocommerce_loop_add_to_cart_link_describedby_6420\" class=\"screen-reader-text\">\n\t\t\t<\/span>\n<\/li>\n<li class=\"product type-product post-6418 status-publish last instock product_cat-genel has-post-thumbnail shipping-taxable purchasable product-type-simple\">\n\t<a href=\"https:\/\/soscocukkoyu.org\/en\/urun\/cocuklar\/\" class=\"woocommerce-LoopProduct-link woocommerce-loop-product__link\"><img loading=\"lazy\" decoding=\"async\" width=\"300\" height=\"300\" src=\"https:\/\/soscocukkoyu.org\/wp-content\/uploads\/2023\/07\/Cocklar-min-scaled.jpg\" class=\"attachment-woocommerce_thumbnail size-woocommerce_thumbnail\" alt=\"\u00c7ocuklar\" \/><h2 class=\"woocommerce-loop-product__title\">\u00c7ocuklar<\/h2>\n\t<span class=\"price\"><span class=\"woocommerce-Price-amount amount\"><bdi>650.00&nbsp;<span class=\"woocommerce-Price-currencySymbol\">&#8378;<\/span><\/bdi><\/span><\/span>\n<\/a><a href=\"\/en\/wp-json\/wp\/v2\/pages\/6425?add-to-cart=6418\" aria-describedby=\"woocommerce_loop_add_to_cart_link_describedby_6418\" data-quantity=\"1\" class=\"button product_type_simple add_to_cart_button ajax_add_to_cart\" data-product_id=\"6418\" data-product_sku=\"\" aria-label=\"Add to basket: &ldquo;\u00c7ocuklar&rdquo;\" rel=\"nofollow\" data-success_message=\"&ldquo;\u00c7ocuklar&rdquo; has been added to your cart\" role=\"button\">Add to basket<\/a>\t<span id=\"woocommerce_loop_add_to_cart_link_describedby_6418\" class=\"screen-reader-text\">\n\t\t\t<\/span>\n<\/li>\n<li class=\"product type-product post-6417 status-publish first instock has-post-thumbnail shipping-taxable purchasable product-type-simple\">\n\t<a href=\"https:\/\/soscocukkoyu.org\/en\/urun\/cocuk\/\" class=\"woocommerce-LoopProduct-link woocommerce-loop-product__link\"><img loading=\"lazy\" decoding=\"async\" width=\"300\" height=\"300\" src=\"https:\/\/soscocukkoyu.org\/wp-content\/uploads\/2023\/07\/Cocku-min-300x300.jpg\" class=\"attachment-woocommerce_thumbnail size-woocommerce_thumbnail\" alt=\"\u00c7ocuk\" srcset=\"https:\/\/soscocukkoyu.org\/wp-content\/uploads\/2023\/07\/Cocku-min-300x300.jpg 300w, https:\/\/soscocukkoyu.org\/wp-content\/uploads\/2023\/07\/Cocku-min-1024x1024.jpg 1024w, https:\/\/soscocukkoyu.org\/wp-content\/uploads\/2023\/07\/Cocku-min-150x150.jpg 150w, https:\/\/soscocukkoyu.org\/wp-content\/uploads\/2023\/07\/Cocku-min-768x768.jpg 768w, https:\/\/soscocukkoyu.org\/wp-content\/uploads\/2023\/07\/Cocku-min-1536x1536.jpg 1536w, https:\/\/soscocukkoyu.org\/wp-content\/uploads\/2023\/07\/Cocku-min-2048x2048.jpg 2048w, https:\/\/soscocukkoyu.org\/wp-content\/uploads\/2023\/07\/Cocku-min-600x600.jpg 600w, https:\/\/soscocukkoyu.org\/wp-content\/uploads\/2023\/07\/Cocku-min-100x100.jpg 100w, https:\/\/soscocukkoyu.org\/wp-content\/uploads\/2023\/07\/Cocku-min-400x400.jpg 400w\" sizes=\"auto, (max-width: 300px) 100vw, 300px\" \/><h2 class=\"woocommerce-loop-product__title\">\u00c7ocuk<\/h2>\n\t<span class=\"price\"><span class=\"woocommerce-Price-amount amount\"><bdi>650.00&nbsp;<span class=\"woocommerce-Price-currencySymbol\">&#8378;<\/span><\/bdi><\/span><\/span>\n<\/a><a href=\"\/en\/wp-json\/wp\/v2\/pages\/6425?add-to-cart=6417\" aria-describedby=\"woocommerce_loop_add_to_cart_link_describedby_6417\" data-quantity=\"1\" class=\"button product_type_simple add_to_cart_button ajax_add_to_cart\" data-product_id=\"6417\" data-product_sku=\"\" aria-label=\"Add to basket: &ldquo;\u00c7ocuk&rdquo;\" rel=\"nofollow\" data-success_message=\"&ldquo;\u00c7ocuk&rdquo; has been added to your cart\" role=\"button\">Add to basket<\/a>\t<span id=\"woocommerce_loop_add_to_cart_link_describedby_6417\" class=\"screen-reader-text\">\n\t\t\t<\/span>\n<\/li>\n<li class=\"product type-product post-6415 status-publish instock has-post-thumbnail shipping-taxable purchasable product-type-simple\">\n\t<a href=\"https:\/\/soscocukkoyu.org\/en\/urun\/kids\/\" class=\"woocommerce-LoopProduct-link woocommerce-loop-product__link\"><img loading=\"lazy\" decoding=\"async\" width=\"300\" height=\"300\" src=\"https:\/\/soscocukkoyu.org\/wp-content\/uploads\/2023\/07\/Kids-min.jpg\" class=\"attachment-woocommerce_thumbnail size-woocommerce_thumbnail\" alt=\"Kids\" \/><h2 class=\"woocommerce-loop-product__title\">Kids<\/h2>\n\t<span class=\"price\"><span class=\"woocommerce-Price-amount amount\"><bdi>650.00&nbsp;<span class=\"woocommerce-Price-currencySymbol\">&#8378;<\/span><\/bdi><\/span><\/span>\n<\/a><a href=\"\/en\/wp-json\/wp\/v2\/pages\/6425?add-to-cart=6415\" aria-describedby=\"woocommerce_loop_add_to_cart_link_describedby_6415\" data-quantity=\"1\" class=\"button product_type_simple add_to_cart_button ajax_add_to_cart\" data-product_id=\"6415\" data-product_sku=\"\" aria-label=\"Add to basket: &ldquo;Kids&rdquo;\" rel=\"nofollow\" data-success_message=\"&ldquo;Kids&rdquo; has been added to your cart\" role=\"button\">Add to basket<\/a>\t<span id=\"woocommerce_loop_add_to_cart_link_describedby_6415\" class=\"screen-reader-text\">\n\t\t\t<\/span>\n<\/li>\n<li class=\"product type-product post-6414 status-publish instock has-post-thumbnail shipping-taxable purchasable product-type-simple\">\n\t<a href=\"https:\/\/soscocukkoyu.org\/en\/urun\/lambr\/\" class=\"woocommerce-LoopProduct-link woocommerce-loop-product__link\"><img loading=\"lazy\" decoding=\"async\" width=\"300\" height=\"300\" src=\"https:\/\/soscocukkoyu.org\/wp-content\/uploads\/2023\/07\/lambr-min.jpg\" class=\"attachment-woocommerce_thumbnail size-woocommerce_thumbnail\" alt=\"Lambr\" \/><h2 class=\"woocommerce-loop-product__title\">Lambr<\/h2>\n\t<span class=\"price\"><span class=\"woocommerce-Price-amount amount\"><bdi>650.00&nbsp;<span class=\"woocommerce-Price-currencySymbol\">&#8378;<\/span><\/bdi><\/span><\/span>\n<\/a><a href=\"\/en\/wp-json\/wp\/v2\/pages\/6425?add-to-cart=6414\" aria-describedby=\"woocommerce_loop_add_to_cart_link_describedby_6414\" data-quantity=\"1\" class=\"button product_type_simple add_to_cart_button ajax_add_to_cart\" data-product_id=\"6414\" data-product_sku=\"\" aria-label=\"Add to basket: &ldquo;Lambr&rdquo;\" rel=\"nofollow\" data-success_message=\"&ldquo;Lambr&rdquo; has been added to your cart\" role=\"button\">Add to basket<\/a>\t<span id=\"woocommerce_loop_add_to_cart_link_describedby_6414\" class=\"screen-reader-text\">\n\t\t\t<\/span>\n<\/li>\n<li class=\"product type-product post-6402 status-publish last instock has-post-thumbnail shipping-taxable purchasable product-type-simple\">\n\t<a href=\"https:\/\/soscocukkoyu.org\/en\/urun\/old-woman\/\" class=\"woocommerce-LoopProduct-link woocommerce-loop-product__link\"><img loading=\"lazy\" decoding=\"async\" width=\"300\" height=\"300\" src=\"https:\/\/soscocukkoyu.org\/wp-content\/uploads\/2023\/07\/Old-Woman-2-min.jpg\" class=\"attachment-woocommerce_thumbnail size-woocommerce_thumbnail\" alt=\"Old Woman\" \/><h2 class=\"woocommerce-loop-product__title\">Old Woman<\/h2>\n\t<span class=\"price\"><span class=\"woocommerce-Price-amount amount\"><bdi>650.00&nbsp;<span class=\"woocommerce-Price-currencySymbol\">&#8378;<\/span><\/bdi><\/span><\/span>\n<\/a><a href=\"\/en\/wp-json\/wp\/v2\/pages\/6425?add-to-cart=6402\" aria-describedby=\"woocommerce_loop_add_to_cart_link_describedby_6402\" data-quantity=\"1\" class=\"button product_type_simple add_to_cart_button ajax_add_to_cart\" data-product_id=\"6402\" data-product_sku=\"\" aria-label=\"Add to basket: &ldquo;Old Woman&rdquo;\" rel=\"nofollow\" data-success_message=\"&ldquo;Old Woman&rdquo; has been added to your cart\" role=\"button\">Add to basket<\/a>\t<span id=\"woocommerce_loop_add_to_cart_link_describedby_6402\" class=\"screen-reader-text\">\n\t\t\t<\/span>\n<\/li>\n<li class=\"product type-product post-6400 status-publish first instock has-post-thumbnail shipping-taxable purchasable product-type-simple\">\n\t<a href=\"https:\/\/soscocukkoyu.org\/en\/urun\/woman-and-child\/\" class=\"woocommerce-LoopProduct-link woocommerce-loop-product__link\"><img loading=\"lazy\" decoding=\"async\" width=\"300\" height=\"300\" src=\"https:\/\/soscocukkoyu.org\/wp-content\/uploads\/2023\/07\/Woman-and-child.jpg\" class=\"attachment-woocommerce_thumbnail size-woocommerce_thumbnail\" alt=\"Woman and child\" \/><h2 class=\"woocommerce-loop-product__title\">Woman and child<\/h2>\n\t<span class=\"price\"><span class=\"woocommerce-Price-amount amount\"><bdi>650.00&nbsp;<span class=\"woocommerce-Price-currencySymbol\">&#8378;<\/span><\/bdi><\/span><\/span>\n<\/a><a href=\"\/en\/wp-json\/wp\/v2\/pages\/6425?add-to-cart=6400\" aria-describedby=\"woocommerce_loop_add_to_cart_link_describedby_6400\" data-quantity=\"1\" class=\"button product_type_simple add_to_cart_button ajax_add_to_cart\" data-product_id=\"6400\" data-product_sku=\"\" aria-label=\"Add to basket: &ldquo;Woman and child&rdquo;\" rel=\"nofollow\" data-success_message=\"&ldquo;Woman and child&rdquo; has been added to your cart\" role=\"button\">Add to basket<\/a>\t<span id=\"woocommerce_loop_add_to_cart_link_describedby_6400\" class=\"screen-reader-text\">\n\t\t\t<\/span>\n<\/li>\n<\/ul>\n<\/div>[\/vc_column][\/vc_row][vc_row full_width=&#8221;stretch_row&#8221; equal_height=&#8221;yes&#8221; content_placement=&#8221;middle&#8221;][vc_column][vc_empty_space height=&#8221;25px&#8221;][\/vc_column][\/vc_row]<\/p>\n","protected":false},"excerpt":{"rendered":"<p>[vc_row full_width=&#8221;stretch_row&#8221; equal_height=&#8221;yes&#8221; content_placement=&#8221;middle&#8221;][vc_column][vc_column_text] Kaan T\u00fcccar, a\u00e7t\u0131\u011f\u0131 bireysel sergide yer alan baz\u0131 eserlerini, imzal\u0131 bir \u015fekilde SOS D\u00fckkan\u2019da sat\u0131\u015f\u0131 yap\u0131lmak \u00fczere SOS \u00c7ocukk\u00f6y\u00fc Derne\u011fi\u2019ne umudu daha da \u00e7o\u011faltmak i\u00e7in takdim etti. [\/vc_column_text][vc_empty_space height=&#8221;25px&#8221;][\/vc_column][\/vc_row][vc_row full_width=&#8221;stretch_row&#8221; equal_height=&#8221;yes&#8221; content_placement=&#8221;middle&#8221;][vc_column][vc_empty_space height=&#8221;25px&#8221;][\/vc_column][\/vc_row]<\/p>\n","protected":false},"author":29,"featured_media":0,"parent":0,"menu_order":0,"comment_status":"closed","ping_status":"closed","template":"","meta":{"h5ap_radio_sources":[],"footnotes":""},"class_list":["post-6425","page","type-page","status-publish","hentry"],"_links":{"self":[{"href":"https:\/\/soscocukkoyu.org\/en\/wp-json\/wp\/v2\/pages\/6425","targetHints":{"allow":["GET"]}}],"collection":[{"href":"https:\/\/soscocukkoyu.org\/en\/wp-json\/wp\/v2\/pages"}],"about":[{"href":"https:\/\/soscocukkoyu.org\/en\/wp-json\/wp\/v2\/types\/page"}],"author":[{"embeddable":true,"href":"https:\/\/soscocukkoyu.org\/en\/wp-json\/wp\/v2\/users\/29"}],"replies":[{"embeddable":true,"href":"https:\/\/soscocukkoyu.org\/en\/wp-json\/wp\/v2\/comments?post=6425"}],"version-history":[{"count":3,"href":"https:\/\/soscocukkoyu.org\/en\/wp-json\/wp\/v2\/pages\/6425\/revisions"}],"predecessor-version":[{"id":6428,"href":"https:\/\/soscocukkoyu.org\/en\/wp-json\/wp\/v2\/pages\/6425\/revisions\/6428"}],"wp:attachment":[{"href":"https:\/\/soscocukkoyu.org\/en\/wp-json\/wp\/v2\/media?parent=6425"}],"curies":[{"name":"wp","href":"https:\/\/api.w.org\/{rel}","templated":true}]}}