{"id":7391,"date":"2024-03-25T13:14:26","date_gmt":"2024-03-25T10:14:26","guid":{"rendered":"https:\/\/soscocukkoyu.org\/?page_id=7391"},"modified":"2025-06-16T09:39:59","modified_gmt":"2025-06-16T06:39:59","slug":"sos-kumbaralari","status":"publish","type":"page","link":"https:\/\/soscocukkoyu.org\/en\/sos-kumbaralari\/","title":{"rendered":"SOS Kumbaralari"},"content":{"rendered":"<p>[vc_row full_width=&#8221;stretch_row_content_no_spaces&#8221; css=&#8221;.vc_custom_1728464441285{background-position: center !important;background-repeat: no-repeat !important;background-size: cover !important;}&#8221;][vc_column css=&#8221;.vc_custom_1728464370710{margin-top: 0px !important;border-top-width: 0px !important;padding-top: 150px !important;padding-bottom: 150px !important;background-image: url(https:\/\/soscocukkoyu.org\/wp-content\/uploads\/2019\/03\/header-bg.png?id=1253) !important;background-position: center !important;background-repeat: no-repeat !important;background-size: cover !important;}&#8221;][vc_custom_heading source=&#8221;post_title&#8221; font_container=&#8221;tag:h2|font_size:36px|text_align:center|color:%23ffffff&#8221; use_theme_fonts=&#8221;yes&#8221; el_class=&#8221;titlebaslik&#8221;][\/vc_column][\/vc_row][vc_row][vc_column width=&#8221;1\/2&#8243;][vc_raw_html]JTNDaWZyYW1lJTIwc3JjJTNEJTIyaHR0cHMlM0ElMkYlMkZ3d3cuZ29vZ2xlLmNvbSUyRm1hcHMlMkZkJTJGdSUyRjElMkZlbWJlZCUzRm1pZCUzRDFIc0lzcFNRWlphaUJuUi1URVQ3UWZQNTdHdUY2UnpnJTI2ZWhiYyUzRDJFMzEyRiUyMiUyMHdpZHRoJTNEJTIyMTIwMCUyMiUyMGhlaWdodCUzRCUyMjQ4MCUyMiUzRSUzQyUyRmlmcmFtZSUzRQ==[\/vc_raw_html][\/vc_column][\/vc_row][vc_row][vc_column][vc_custom_heading text=&#8221;Kumbara Noktas\u0131 Talep Formu&#8221;][vc_raw_html]JTVCZm9ybWluYXRvcl9mb3JtJTIwaWQlM0QlMjI3MjM3JTIyJTVE[\/vc_raw_html][\/vc_column][\/vc_row][vc_row equal_height=&#8221;yes&#8221;][vc_column width=&#8221;1\/2&#8243;][vc_empty_space][vc_single_image image=&#8221;8220&#8243; img_size=&#8221;large&#8221; alignment=&#8221;center&#8221; onclick=&#8221;custom_link&#8221; link=&#8221;\/bagis-yap&#8221;][vc_empty_space][\/vc_column][vc_column width=&#8221;1\/2&#8243;][vc_empty_space][vc_column_text]Yeni nesil Temass\u0131z Kumbaralar\u0131m\u0131z sayesinde nakit kullanmadan, kredi kart\u0131n\u0131z ile derne\u011fimize kolayca ba\u011f\u0131\u015fta bulunabilirsiniz. Paypoint Cyprus \u00f6deme sistemleriyle desteklenen kumbaralar\u0131m\u0131z, ba\u011f\u0131\u015f\u0131n\u0131z\u0131n h\u0131zl\u0131 ve g\u00fcvenli bir \u015fekilde derne\u011fimize ula\u015fmas\u0131n\u0131 sa\u011flar.<\/p>\n<p>Bir \u00e7ocu\u011fa destek olarak onun mutlulu\u011funa ortak olman\u0131n huzurunu ya\u015fay\u0131n.<\/p>\n<p>Temass\u0131z Kumbaralar, sabit bir ba\u011f\u0131\u015f miktar\u0131n\u0131 kolayca iletmeniz i\u00e7in tasarlanm\u0131\u015ft\u0131r. Temass\u0131z kredi kart\u0131n\u0131z\u0131 kullanarak sadece iki ad\u0131mda ba\u011f\u0131\u015fta bulunabilirsiniz:<\/p>\n<p>1-Kumbara \u00fczerindeki ba\u011f\u0131\u015f miktar\u0131n\u0131 g\u00f6steren butona bas\u0131n.<br \/>\n2-Kredi kart\u0131n\u0131z\u0131 POS cihaz\u0131na yakla\u015ft\u0131r\u0131n.<\/p>\n<p>\u0130\u015fte bu kadar kolay!<\/p>\n<p>\u0130\u015fleminizin ba\u015far\u0131l\u0131 olup olmad\u0131\u011f\u0131n\u0131 POS cihaz\u0131n\u0131n ekran\u0131ndan an\u0131nda takip edebilirsiniz.<\/p>\n<p>Not: Temass\u0131z Kumbaralar, i\u015flem sonras\u0131nda slip veya dekont sa\u011flamamaktad\u0131r.[\/vc_column_text][\/vc_column][\/vc_row]<\/p>\n","protected":false},"excerpt":{"rendered":"<p>[vc_row full_width=&#8221;stretch_row_content_no_spaces&#8221; css=&#8221;.vc_custom_1728464441285{background-position: center !important;background-repeat: no-repeat !important;background-size: cover !important;}&#8221;][vc_column css=&#8221;.vc_custom_1728464370710{margin-top: 0px !important;border-top-width: 0px !important;padding-top: 150px !important;padding-bottom: 150px !important;background-image: url(https:\/\/soscocukkoyu.org\/wp-content\/uploads\/2019\/03\/header-bg.png?id=1253) !important;background-position: center !important;background-repeat: no-repeat !important;background-size: cover !important;}&#8221;][vc_custom_heading source=&#8221;post_title&#8221; font_container=&#8221;tag:h2|font_size:36px|text_align:center|color:%23ffffff&#8221; use_theme_fonts=&#8221;yes&#8221; el_class=&#8221;titlebaslik&#8221;][\/vc_column][\/vc_row][vc_row][vc_column width=&#8221;1\/2&#8243;][vc_raw_html]JTNDaWZyYW1lJTIwc3JjJTNEJTIyaHR0cHMlM0ElMkYlMkZ3d3cuZ29vZ2xlLmNvbSUyRm1hcHMlMkZkJTJGdSUyRjElMkZlbWJlZCUzRm1pZCUzRDFIc0lzcFNRWlphaUJuUi1URVQ3UWZQNTdHdUY2UnpnJTI2ZWhiYyUzRDJFMzEyRiUyMiUyMHdpZHRoJTNEJTIyMTIwMCUyMiUyMGhlaWdodCUzRCUyMjQ4MCUyMiUzRSUzQyUyRmlmcmFtZSUzRQ==[\/vc_raw_html][\/vc_column][\/vc_row][vc_row][vc_column][vc_custom_heading text=&#8221;Kumbara Noktas\u0131 Talep Formu&#8221;][vc_raw_html]JTVCZm9ybWluYXRvcl9mb3JtJTIwaWQlM0QlMjI3MjM3JTIyJTVE[\/vc_raw_html][\/vc_column][\/vc_row][vc_row equal_height=&#8221;yes&#8221;][vc_column width=&#8221;1\/2&#8243;][vc_empty_space][vc_single_image image=&#8221;8220&#8243; img_size=&#8221;large&#8221; alignment=&#8221;center&#8221; onclick=&#8221;custom_link&#8221; link=&#8221;\/bagis-yap&#8221;][vc_empty_space][\/vc_column][vc_column width=&#8221;1\/2&#8243;][vc_empty_space][vc_column_text]Yeni nesil Temass\u0131z Kumbaralar\u0131m\u0131z sayesinde nakit kullanmadan, kredi kart\u0131n\u0131z ile derne\u011fimize kolayca ba\u011f\u0131\u015fta [&hellip;]<\/p>\n","protected":false},"author":29,"featured_media":0,"parent":0,"menu_order":0,"comment_status":"closed","ping_status":"closed","template":"","meta":{"h5ap_radio_sources":[],"footnotes":""},"class_list":["post-7391","page","type-page","status-publish","hentry"],"_links":{"self":[{"href":"https:\/\/soscocukkoyu.org\/en\/wp-json\/wp\/v2\/pages\/7391","targetHints":{"allow":["GET"]}}],"collection":[{"href":"https:\/\/soscocukkoyu.org\/en\/wp-json\/wp\/v2\/pages"}],"about":[{"href":"https:\/\/soscocukkoyu.org\/en\/wp-json\/wp\/v2\/types\/page"}],"author":[{"embeddable":true,"href":"https:\/\/soscocukkoyu.org\/en\/wp-json\/wp\/v2\/users\/29"}],"replies":[{"embeddable":true,"href":"https:\/\/soscocukkoyu.org\/en\/wp-json\/wp\/v2\/comments?post=7391"}],"version-history":[{"count":18,"href":"https:\/\/soscocukkoyu.org\/en\/wp-json\/wp\/v2\/pages\/7391\/revisions"}],"predecessor-version":[{"id":7462,"href":"https:\/\/soscocukkoyu.org\/en\/wp-json\/wp\/v2\/pages\/7391\/revisions\/7462"}],"wp:attachment":[{"href":"https:\/\/soscocukkoyu.org\/en\/wp-json\/wp\/v2\/media?parent=7391"}],"curies":[{"name":"wp","href":"https:\/\/api.w.org\/{rel}","templated":true}]}}