{"id":7766,"date":"2024-09-24T10:09:22","date_gmt":"2024-09-24T07:09:22","guid":{"rendered":"https:\/\/soscocukkoyu.org\/?page_id=7766"},"modified":"2024-09-24T10:36:07","modified_gmt":"2024-09-24T07:36:07","slug":"dayanisma-balosu","status":"publish","type":"page","link":"https:\/\/soscocukkoyu.org\/en\/dayanisma-balosu\/","title":{"rendered":"Dayan\u0131\u015fma Balosu"},"content":{"rendered":"<p>[vc_row full_width=&#8221;stretch_row_content_no_spaces&#8221; full_height=&#8221;yes&#8221; css=&#8221;.vc_custom_1727162725424{background-position: center !important;background-repeat: no-repeat !important;background-size: cover !important;}&#8221;][vc_column css=&#8221;.vc_custom_1727163346309{margin-top: px !important;margin-bottom: px !important;padding-top: 150px !important;padding-bottom: 150px !important;background-image: url(https:\/\/soscocukkoyu.org\/wp-content\/uploads\/2019\/03\/header-bg.png?id=1253) !important;background-position: center !important;background-repeat: no-repeat !important;background-size: cover !important;}&#8221;][vc_custom_heading source=&#8221;post_title&#8221; font_container=&#8221;tag:h2|font_size:36px|text_align:center|color:%23ffffff&#8221; use_theme_fonts=&#8221;yes&#8221; el_class=&#8221;titlebaslik&#8221;][\/vc_column][vc_column][vc_column_text]<\/p>\n<div style=\"text-align: center;\">Derne\u011fimizin Dayan\u0131\u015fma Balosu 25 Ekim 2024 Cuma ak\u015fam\u0131 20.00\u2019de Grand Pasha destekleriyle Lefko\u015fa\u2019da havuz ba\u015f\u0131nda ger\u00e7ekle\u015ftirilecek.<\/div>\n<div style=\"text-align: center;\">\u00dclkemizin sevilen m\u00fczik gruplar\u0131ndan Frekans&#8217;\u0131n sahne alaca\u011f\u0131 geceyi \u00fcnl\u00fc DJ Serdar Eren sunacak.<br \/>\nDayan\u0131\u015fma Balosu biletlerinden almak, geceye kat\u0131lmak veya destek vermek i\u00e7in SOS \u00c7ocukk\u00f6y\u00fc Derne\u011fi Lefko\u015fa yerle\u015fkesi ziyaret edilebilir.<\/div>\n<div style=\"text-align: center;\">Ayr\u0131nt\u0131l\u0131 bilgi ve bilet almak i\u00e7in 0548 830 04 59 numaral\u0131 telefondan Dernek yetkililerine ula\u015f\u0131labilir.<\/div>\n<div><\/div>\n<div style=\"text-align: center;\">Destek bileti \u00fccreti: 2500 TL<\/div>\n<p>[\/vc_column_text][vc_single_image image=&#8221;7780&#8243; img_size=&#8221;full&#8221; alignment=&#8221;center&#8221;][\/vc_column][\/vc_row]<\/p>\n","protected":false},"excerpt":{"rendered":"<p>[vc_row full_width=&#8221;stretch_row_content_no_spaces&#8221; full_height=&#8221;yes&#8221; css=&#8221;.vc_custom_1727162725424{background-position: center !important;background-repeat: no-repeat !important;background-size: cover !important;}&#8221;][vc_column css=&#8221;.vc_custom_1727163346309{margin-top: px !important;margin-bottom: px !important;padding-top: 150px !important;padding-bottom: 150px !important;background-image: url(https:\/\/soscocukkoyu.org\/wp-content\/uploads\/2019\/03\/header-bg.png?id=1253) !important;background-position: center !important;background-repeat: no-repeat !important;background-size: cover !important;}&#8221;][vc_custom_heading source=&#8221;post_title&#8221; font_container=&#8221;tag:h2|font_size:36px|text_align:center|color:%23ffffff&#8221; use_theme_fonts=&#8221;yes&#8221; el_class=&#8221;titlebaslik&#8221;][\/vc_column][vc_column][vc_column_text] Derne\u011fimizin Dayan\u0131\u015fma Balosu 25 Ekim 2024 Cuma ak\u015fam\u0131 20.00\u2019de Grand Pasha destekleriyle Lefko\u015fa\u2019da havuz ba\u015f\u0131nda ger\u00e7ekle\u015ftirilecek. \u00dclkemizin sevilen m\u00fczik gruplar\u0131ndan Frekans&#8217;\u0131n sahne alaca\u011f\u0131 geceyi [&hellip;]<\/p>\n","protected":false},"author":1,"featured_media":0,"parent":0,"menu_order":0,"comment_status":"closed","ping_status":"closed","template":"","meta":{"h5ap_radio_sources":[],"footnotes":""},"class_list":["post-7766","page","type-page","status-publish","hentry"],"_links":{"self":[{"href":"https:\/\/soscocukkoyu.org\/en\/wp-json\/wp\/v2\/pages\/7766","targetHints":{"allow":["GET"]}}],"collection":[{"href":"https:\/\/soscocukkoyu.org\/en\/wp-json\/wp\/v2\/pages"}],"about":[{"href":"https:\/\/soscocukkoyu.org\/en\/wp-json\/wp\/v2\/types\/page"}],"author":[{"embeddable":true,"href":"https:\/\/soscocukkoyu.org\/en\/wp-json\/wp\/v2\/users\/1"}],"replies":[{"embeddable":true,"href":"https:\/\/soscocukkoyu.org\/en\/wp-json\/wp\/v2\/comments?post=7766"}],"version-history":[{"count":16,"href":"https:\/\/soscocukkoyu.org\/en\/wp-json\/wp\/v2\/pages\/7766\/revisions"}],"predecessor-version":[{"id":7784,"href":"https:\/\/soscocukkoyu.org\/en\/wp-json\/wp\/v2\/pages\/7766\/revisions\/7784"}],"wp:attachment":[{"href":"https:\/\/soscocukkoyu.org\/en\/wp-json\/wp\/v2\/media?parent=7766"}],"curies":[{"name":"wp","href":"https:\/\/api.w.org\/{rel}","templated":true}]}}