{"id":8263,"date":"2025-04-21T16:54:02","date_gmt":"2025-04-21T13:54:02","guid":{"rendered":"https:\/\/soscocukkoyu.org\/?page_id=8263"},"modified":"2025-06-04T00:55:28","modified_gmt":"2025-06-03T21:55:28","slug":"ani-bagisi","status":"publish","type":"page","link":"https:\/\/soscocukkoyu.org\/en\/ani-bagisi\/","title":{"rendered":"An\u0131 Ba\u011f\u0131\u015f\u0131"},"content":{"rendered":"<p>[vc_row full_width=&#8221;stretch_row_content_no_spaces&#8221; css=&#8221;.vc_custom_1728464441285{background-position: center !important;background-repeat: no-repeat !important;background-size: cover !important;}&#8221;][vc_column css=&#8221;.vc_custom_1728464370710{margin-top: 0px !important;border-top-width: 0px !important;padding-top: 150px !important;padding-bottom: 150px !important;background-image: url(https:\/\/soscocukkoyu.org\/wp-content\/uploads\/2019\/03\/header-bg.png?id=1253) !important;background-position: center !important;background-repeat: no-repeat !important;background-size: cover !important;}&#8221;][vc_custom_heading source=&#8221;post_title&#8221; font_container=&#8221;tag:h2|font_size:36px|text_align:center|color:%23ffffff&#8221; use_theme_fonts=&#8221;yes&#8221; el_class=&#8221;titlebaslik&#8221;][\/vc_column][\/vc_row][vc_row content_placement=&#8221;middle&#8221; css=&#8221;.vc_custom_1745502879868{margin-right: 5% !important;margin-left: 5% !important;}&#8221;][vc_column][vc_row_inner][vc_column_inner]<div class=\"woocommerce\">\t\t\t<div class=\"single-product\" data-product-page-preselected-id=\"0\">\n\t\t\t\t<div class=\"woocommerce-notices-wrapper\"><\/div><div id=\"product-8262\" class=\"product type-product post-8262 status-publish first instock product_cat-ani-agac has-post-thumbnail shipping-taxable purchasable product-type-simple\">\n\n\t<div class=\"woocommerce-product-gallery woocommerce-product-gallery--with-images woocommerce-product-gallery--columns-4 images\" data-columns=\"4\" style=\"opacity: 0; transition: opacity .25s ease-in-out;\">\n\t<div class=\"woocommerce-product-gallery__wrapper\">\n\t\t<div data-thumb=\"https:\/\/soscocukkoyu.org\/wp-content\/uploads\/2025\/04\/sosanibagisi31-1-1-1-100x100.jpg\" data-thumb-alt=\"An\u0131 Ba\u011f\u0131\u015f\u0131\" data-thumb-srcset=\"https:\/\/soscocukkoyu.org\/wp-content\/uploads\/2025\/04\/sosanibagisi31-1-1-1-100x100.jpg 100w, https:\/\/soscocukkoyu.org\/wp-content\/uploads\/2025\/04\/sosanibagisi31-1-1-1-300x300.jpg 300w, https:\/\/soscocukkoyu.org\/wp-content\/uploads\/2025\/04\/sosanibagisi31-1-1-1-1024x1024.jpg 1024w, https:\/\/soscocukkoyu.org\/wp-content\/uploads\/2025\/04\/sosanibagisi31-1-1-1-150x150.jpg 150w, https:\/\/soscocukkoyu.org\/wp-content\/uploads\/2025\/04\/sosanibagisi31-1-1-1-768x768.jpg 768w, https:\/\/soscocukkoyu.org\/wp-content\/uploads\/2025\/04\/sosanibagisi31-1-1-1-1536x1536.jpg 1536w, https:\/\/soscocukkoyu.org\/wp-content\/uploads\/2025\/04\/sosanibagisi31-1-1-1-2048x2048.jpg 2048w, https:\/\/soscocukkoyu.org\/wp-content\/uploads\/2025\/04\/sosanibagisi31-1-1-1-600x600.jpg 600w, https:\/\/soscocukkoyu.org\/wp-content\/uploads\/2025\/04\/sosanibagisi31-1-1-1-400x400.jpg 400w\"  data-thumb-sizes=\"(max-width: 100px) 100vw, 100px\" class=\"woocommerce-product-gallery__image\"><a href=\"https:\/\/soscocukkoyu.org\/wp-content\/uploads\/2025\/04\/sosanibagisi31-1-1-1-scaled.jpg\"><img loading=\"lazy\" decoding=\"async\" width=\"600\" height=\"600\" src=\"https:\/\/soscocukkoyu.org\/wp-content\/uploads\/2025\/04\/sosanibagisi31-1-1-1-600x600.jpg\" class=\"wp-post-image\" alt=\"An\u0131 Ba\u011f\u0131\u015f\u0131\" data-caption=\"\" data-src=\"https:\/\/soscocukkoyu.org\/wp-content\/uploads\/2025\/04\/sosanibagisi31-1-1-1-scaled.jpg\" data-large_image=\"https:\/\/soscocukkoyu.org\/wp-content\/uploads\/2025\/04\/sosanibagisi31-1-1-1-scaled.jpg\" data-large_image_width=\"2560\" data-large_image_height=\"2560\" srcset=\"https:\/\/soscocukkoyu.org\/wp-content\/uploads\/2025\/04\/sosanibagisi31-1-1-1-600x600.jpg 600w, https:\/\/soscocukkoyu.org\/wp-content\/uploads\/2025\/04\/sosanibagisi31-1-1-1-300x300.jpg 300w, https:\/\/soscocukkoyu.org\/wp-content\/uploads\/2025\/04\/sosanibagisi31-1-1-1-1024x1024.jpg 1024w, https:\/\/soscocukkoyu.org\/wp-content\/uploads\/2025\/04\/sosanibagisi31-1-1-1-150x150.jpg 150w, https:\/\/soscocukkoyu.org\/wp-content\/uploads\/2025\/04\/sosanibagisi31-1-1-1-768x768.jpg 768w, https:\/\/soscocukkoyu.org\/wp-content\/uploads\/2025\/04\/sosanibagisi31-1-1-1-1536x1536.jpg 1536w, https:\/\/soscocukkoyu.org\/wp-content\/uploads\/2025\/04\/sosanibagisi31-1-1-1-2048x2048.jpg 2048w, https:\/\/soscocukkoyu.org\/wp-content\/uploads\/2025\/04\/sosanibagisi31-1-1-1-100x100.jpg 100w, https:\/\/soscocukkoyu.org\/wp-content\/uploads\/2025\/04\/sosanibagisi31-1-1-1-400x400.jpg 400w\" sizes=\"auto, (max-width: 600px) 100vw, 600px\" \/><\/a><\/div>\t<\/div>\n<\/div>\n\n\t<div class=\"summary entry-summary\">\n\t\t<h1 class=\"product_title entry-title\">An\u0131 Ba\u011f\u0131\u015f\u0131<\/h1><p class=\"price\"><span class=\"woocommerce-Price-amount amount\"><bdi>1,500.00&nbsp;<span class=\"woocommerce-Price-currencySymbol\">&#8378;<\/span><\/bdi><\/span><\/p>\n<div class=\"woocommerce-product-details__short-description\">\n\t<div>\n<p><b>Sevdiklerinizin an\u0131s\u0131n\u0131 uzun y\u0131llar ya\u015fatmak ister misiniz?<\/b><\/p>\n<\/div>\n<div>\n<div>Hayat\u0131m\u0131zda derin izler b\u0131rakan sevdiklerimizin an\u0131s\u0131n\u0131 ya\u015fatman\u0131n en anlaml\u0131 yollar\u0131ndan biri, do\u011faya bir fidan arma\u011fan etmektir.<\/div>\n<div>Derne\u011fimiz, sizin ad\u0131n\u0131za sevdiklerinizin an\u0131s\u0131na fidan dikiyor; b\u00f6ylece bir yandan hat\u0131ralar\u0131 ya\u015fat\u0131l\u0131rken, di\u011fer yandan do\u011faya ve gelece\u011fe kal\u0131c\u0131 bir katk\u0131 sa\u011flan\u0131yor.<\/div>\n<div>Siz de bir\u00a0<b>An\u0131 Ba\u011f\u0131\u015f\u0131<\/b> yaparak, sevdiklerinizin an\u0131s\u0131n\u0131 ya\u015fatabilir, \u00e7ocuklara ve do\u011faya umut dolu bir iz b\u0131rakabilirsiniz.<\/div>\n<\/div>\n<\/div>\n\n\t\n\t<form class=\"cart\" action=\"\" method=\"post\" enctype='multipart\/form-data'>\n\t\t\n\t\t<div class=\"quantity\">\n\t\t<label class=\"screen-reader-text\" for=\"quantity_69e4eeb3174f3\">An\u0131 Ba\u011f\u0131\u015f\u0131 quantity<\/label>\n\t<input\n\t\ttype=\"number\"\n\t\t\t\tid=\"quantity_69e4eeb3174f3\"\n\t\tclass=\"input-text qty text\"\n\t\tname=\"quantity\"\n\t\tvalue=\"1\"\n\t\taria-label=\"Product quantity\"\n\t\t\t\tmin=\"1\"\n\t\t\t\t\t\t\tstep=\"1\"\n\t\t\tplaceholder=\"\"\n\t\t\tinputmode=\"numeric\"\n\t\t\tautocomplete=\"off\"\n\t\t\t\/>\n\t<\/div>\n\n\t\t<button type=\"submit\" name=\"add-to-cart\" value=\"8262\" class=\"single_add_to_cart_button button alt\">Add to basket<\/button>\n\n\t\t\t<\/form>\n\n\t\n<div class=\"product_meta\">\n\n\t\n\t\n\t<span class=\"posted_in\">Category: <a href=\"https:\/\/soscocukkoyu.org\/en\/urun-kategori\/ani-agac\/\" rel=\"tag\">An\u0131 A\u011fa\u00e7<\/a><\/span>\n\t\n\t\n<\/div>\n<div class=\"addtoany_header\">Sosyal Medyada Payla\u015f:<\/div><div class=\"a2a_kit a2a_kit_size_32 addtoany_list\" data-a2a-url=\"https:\/\/soscocukkoyu.org\/en\/urun\/ani-bagisi\/\" data-a2a-title=\"An\u0131 Ba\u011f\u0131\u015f\u0131\"><a class=\"a2a_button_whatsapp\" href=\"https:\/\/www.addtoany.com\/add_to\/whatsapp?linkurl=https%3A%2F%2Fsoscocukkoyu.org%2Fen%2Furun%2Fani-bagisi%2F&amp;linkname=An%C4%B1%20Ba%C4%9F%C4%B1%C5%9F%C4%B1\" title=\"WhatsApp\" rel=\"nofollow noopener\" target=\"_blank\"><\/a><a class=\"a2a_button_facebook\" href=\"https:\/\/www.addtoany.com\/add_to\/facebook?linkurl=https%3A%2F%2Fsoscocukkoyu.org%2Fen%2Furun%2Fani-bagisi%2F&amp;linkname=An%C4%B1%20Ba%C4%9F%C4%B1%C5%9F%C4%B1\" title=\"Facebook\" rel=\"nofollow noopener\" target=\"_blank\"><\/a><a class=\"a2a_button_facebook_messenger\" href=\"https:\/\/www.addtoany.com\/add_to\/facebook_messenger?linkurl=https%3A%2F%2Fsoscocukkoyu.org%2Fen%2Furun%2Fani-bagisi%2F&amp;linkname=An%C4%B1%20Ba%C4%9F%C4%B1%C5%9F%C4%B1\" title=\"Messenger\" rel=\"nofollow noopener\" target=\"_blank\"><\/a><a class=\"a2a_button_twitter\" href=\"https:\/\/www.addtoany.com\/add_to\/twitter?linkurl=https%3A%2F%2Fsoscocukkoyu.org%2Fen%2Furun%2Fani-bagisi%2F&amp;linkname=An%C4%B1%20Ba%C4%9F%C4%B1%C5%9F%C4%B1\" title=\"Twitter\" rel=\"nofollow noopener\" target=\"_blank\"><\/a><a class=\"a2a_button_email\" href=\"https:\/\/www.addtoany.com\/add_to\/email?linkurl=https%3A%2F%2Fsoscocukkoyu.org%2Fen%2Furun%2Fani-bagisi%2F&amp;linkname=An%C4%B1%20Ba%C4%9F%C4%B1%C5%9F%C4%B1\" title=\"Email\" rel=\"nofollow noopener\" target=\"_blank\"><\/a><a class=\"a2a_button_copy_link\" href=\"https:\/\/www.addtoany.com\/add_to\/copy_link?linkurl=https%3A%2F%2Fsoscocukkoyu.org%2Fen%2Furun%2Fani-bagisi%2F&amp;linkname=An%C4%B1%20Ba%C4%9F%C4%B1%C5%9F%C4%B1\" title=\"Copy Link\" rel=\"nofollow noopener\" target=\"_blank\"><\/a><a class=\"a2a_dd addtoany_share_save addtoany_share\" href=\"https:\/\/www.addtoany.com\/share\"><\/a><\/div>\t<\/div>\n\n\t<\/div>\n\n\t\t\t<\/div>\n\t\t\t<\/div>[\/vc_column_inner][\/vc_row_inner][\/vc_column][\/vc_row]<\/p>\n","protected":false},"excerpt":{"rendered":"<p>[vc_row full_width=&#8221;stretch_row_content_no_spaces&#8221; css=&#8221;.vc_custom_1728464441285{background-position: center !important;background-repeat: no-repeat !important;background-size: cover !important;}&#8221;][vc_column css=&#8221;.vc_custom_1728464370710{margin-top: 0px !important;border-top-width: 0px !important;padding-top: 150px !important;padding-bottom: 150px !important;background-image: url(https:\/\/soscocukkoyu.org\/wp-content\/uploads\/2019\/03\/header-bg.png?id=1253) !important;background-position: center !important;background-repeat: no-repeat !important;background-size: cover !important;}&#8221;][vc_custom_heading source=&#8221;post_title&#8221; font_container=&#8221;tag:h2|font_size:36px|text_align:center|color:%23ffffff&#8221; use_theme_fonts=&#8221;yes&#8221; el_class=&#8221;titlebaslik&#8221;][\/vc_column][\/vc_row][vc_row content_placement=&#8221;middle&#8221; css=&#8221;.vc_custom_1745502879868{margin-right: 5% !important;margin-left: 5% !important;}&#8221;][vc_column][vc_row_inner][vc_column_inner][\/vc_column_inner][\/vc_row_inner][\/vc_column][\/vc_row]<\/p>\n","protected":false},"author":1,"featured_media":0,"parent":0,"menu_order":0,"comment_status":"closed","ping_status":"closed","template":"","meta":{"h5ap_radio_sources":[],"footnotes":""},"class_list":["post-8263","page","type-page","status-publish","hentry"],"_links":{"self":[{"href":"https:\/\/soscocukkoyu.org\/en\/wp-json\/wp\/v2\/pages\/8263","targetHints":{"allow":["GET"]}}],"collection":[{"href":"https:\/\/soscocukkoyu.org\/en\/wp-json\/wp\/v2\/pages"}],"about":[{"href":"https:\/\/soscocukkoyu.org\/en\/wp-json\/wp\/v2\/types\/page"}],"author":[{"embeddable":true,"href":"https:\/\/soscocukkoyu.org\/en\/wp-json\/wp\/v2\/users\/1"}],"replies":[{"embeddable":true,"href":"https:\/\/soscocukkoyu.org\/en\/wp-json\/wp\/v2\/comments?post=8263"}],"version-history":[{"count":25,"href":"https:\/\/soscocukkoyu.org\/en\/wp-json\/wp\/v2\/pages\/8263\/revisions"}],"predecessor-version":[{"id":8282,"href":"https:\/\/soscocukkoyu.org\/en\/wp-json\/wp\/v2\/pages\/8263\/revisions\/8282"}],"wp:attachment":[{"href":"https:\/\/soscocukkoyu.org\/en\/wp-json\/wp\/v2\/media?parent=8263"}],"curies":[{"name":"wp","href":"https:\/\/api.w.org\/{rel}","templated":true}]}}