{"id":1764,"date":"2019-03-12T11:25:11","date_gmt":"2019-03-12T08:25:11","guid":{"rendered":"http:\/\/soscocukkoyu:8080\/?post_type=product&#038;p=1764"},"modified":"2022-07-21T13:33:39","modified_gmt":"2022-07-21T10:33:39","slug":"yapboz-50-parca","status":"publish","type":"product","link":"https:\/\/soscocukkoyu.org\/en\/urun\/yapboz-50-parca\/","title":{"rendered":"Puzzle (50 Pieces)"},"content":{"rendered":"<p>Hem kendinizi ve sevdiklerinizi, hem de \u00e7ocuklar\u0131m\u0131z\u0131 mutlu etmek i\u00e7in SOS D\u00fckkan&#8217;dan al\u0131\u015fveri\u015f yapabilirsiniz.<\/p>\n","protected":false},"excerpt":{"rendered":"<p>Hem kendinizi ve sevdiklerinizi, hem de \u00e7ocuklar\u0131m\u0131z\u0131 mutlu etmek i\u00e7in SOS D\u00fckkan&#8217;dan al\u0131\u015fveri\u015f yapabilirsiniz.<\/p>\n","protected":false},"featured_media":1765,"comment_status":"closed","ping_status":"closed","template":"","meta":{"h5ap_radio_sources":[]},"product_brand":[],"product_cat":[61],"product_tag":[],"class_list":{"0":"post-1764","1":"product","2":"type-product","3":"status-publish","4":"has-post-thumbnail","6":"product_cat-bez-cantalar-ve-cuzdan","8":"first","9":"outofstock","10":"shipping-taxable","11":"purchasable","12":"product-type-simple"},"_links":{"self":[{"href":"https:\/\/soscocukkoyu.org\/en\/wp-json\/wp\/v2\/product\/1764","targetHints":{"allow":["GET"]}}],"collection":[{"href":"https:\/\/soscocukkoyu.org\/en\/wp-json\/wp\/v2\/product"}],"about":[{"href":"https:\/\/soscocukkoyu.org\/en\/wp-json\/wp\/v2\/types\/product"}],"replies":[{"embeddable":true,"href":"https:\/\/soscocukkoyu.org\/en\/wp-json\/wp\/v2\/comments?post=1764"}],"wp:featuredmedia":[{"embeddable":true,"href":"https:\/\/soscocukkoyu.org\/en\/wp-json\/wp\/v2\/media\/1765"}],"wp:attachment":[{"href":"https:\/\/soscocukkoyu.org\/en\/wp-json\/wp\/v2\/media?parent=1764"}],"wp:term":[{"taxonomy":"product_brand","embeddable":true,"href":"https:\/\/soscocukkoyu.org\/en\/wp-json\/wp\/v2\/product_brand?post=1764"},{"taxonomy":"product_cat","embeddable":true,"href":"https:\/\/soscocukkoyu.org\/en\/wp-json\/wp\/v2\/product_cat?post=1764"},{"taxonomy":"product_tag","embeddable":true,"href":"https:\/\/soscocukkoyu.org\/en\/wp-json\/wp\/v2\/product_tag?post=1764"}],"curies":[{"name":"wp","href":"https:\/\/api.w.org\/{rel}","templated":true}]}}