{"id":4273,"date":"2021-12-09T16:38:10","date_gmt":"2021-12-09T13:38:10","guid":{"rendered":"https:\/\/soscocukkoyu.org\/?post_type=product&#038;p=4273"},"modified":"2022-06-02T08:51:13","modified_gmt":"2022-06-02T05:51:13","slug":"uyku-bebegi-model-2","status":"publish","type":"product","link":"https:\/\/soscocukkoyu.org\/en\/urun\/uyku-bebegi-model-2\/","title":{"rendered":"Uyku Bebe\u011fi &#8211; M2"},"content":{"rendered":"","protected":false},"excerpt":{"rendered":"<p>Amigurumi Uyku bebeklerimiz Sevgi El\u00e7ileri Projesi kapsam\u0131nda Milli E\u011fitim ve K\u00fclt\u00fcr Bakanl\u0131\u011f\u0131 Mesleki Teknik \u00d6\u011fretim Dairesi M\u00fcd\u00fcrl\u00fc\u011f\u00fc\u2019ne ba\u011fl\u0131 K\u00f6y Kad\u0131n Kurslar\u0131 \u00f6\u011frencileri taraf\u0131ndan el eme\u011fi ile \u00fcretilmi\u015ftir. \u00dcr\u00fcn sat\u0131\u015f\u0131ndan elde edilen gelir SOS \u00c7ocukk\u00f6y\u00fc Derne\u011fi b\u00fcnyesindeki \u00e7ocuklara ve K\u00f6y Kad\u0131n Kurslar\u0131ndaki \u00f6\u011frencilere katk\u0131 sa\u011flamaktad\u0131r.<\/p>\n","protected":false},"featured_media":4274,"comment_status":"closed","ping_status":"closed","template":"","meta":{"h5ap_radio_sources":[]},"product_brand":[],"product_cat":[62],"product_tag":[],"class_list":{"0":"post-4273","1":"product","2":"type-product","3":"status-publish","4":"has-post-thumbnail","6":"product_cat-uyku-bebekleri","8":"first","9":"outofstock","10":"shipping-taxable","11":"purchasable","12":"product-type-simple"},"_links":{"self":[{"href":"https:\/\/soscocukkoyu.org\/en\/wp-json\/wp\/v2\/product\/4273","targetHints":{"allow":["GET"]}}],"collection":[{"href":"https:\/\/soscocukkoyu.org\/en\/wp-json\/wp\/v2\/product"}],"about":[{"href":"https:\/\/soscocukkoyu.org\/en\/wp-json\/wp\/v2\/types\/product"}],"replies":[{"embeddable":true,"href":"https:\/\/soscocukkoyu.org\/en\/wp-json\/wp\/v2\/comments?post=4273"}],"wp:featuredmedia":[{"embeddable":true,"href":"https:\/\/soscocukkoyu.org\/en\/wp-json\/wp\/v2\/media\/4274"}],"wp:attachment":[{"href":"https:\/\/soscocukkoyu.org\/en\/wp-json\/wp\/v2\/media?parent=4273"}],"wp:term":[{"taxonomy":"product_brand","embeddable":true,"href":"https:\/\/soscocukkoyu.org\/en\/wp-json\/wp\/v2\/product_brand?post=4273"},{"taxonomy":"product_cat","embeddable":true,"href":"https:\/\/soscocukkoyu.org\/en\/wp-json\/wp\/v2\/product_cat?post=4273"},{"taxonomy":"product_tag","embeddable":true,"href":"https:\/\/soscocukkoyu.org\/en\/wp-json\/wp\/v2\/product_tag?post=4273"}],"curies":[{"name":"wp","href":"https:\/\/api.w.org\/{rel}","templated":true}]}}