{"id":7508,"date":"2024-04-19T12:02:50","date_gmt":"2024-04-19T09:02:50","guid":{"rendered":"https:\/\/soscocukkoyu.org\/?post_type=product&#038;p=7508"},"modified":"2024-08-06T12:58:40","modified_gmt":"2024-08-06T09:58:40","slug":"winnie-the-pooh","status":"publish","type":"product","link":"https:\/\/soscocukkoyu.org\/en\/urun\/winnie-the-pooh\/","title":{"rendered":"Winnie the Pooh"},"content":{"rendered":"<p><strong>S<\/strong><b>\u0131n\u0131rl\u0131 say\u0131da \u00fcretilmi\u015ftir<\/b><\/p>\n","protected":false},"excerpt":{"rendered":"<p>S\u0131n\u0131rl\u0131 say\u0131da \u00fcretilmi\u015ftir<\/p>\n","protected":false},"featured_media":7509,"comment_status":"closed","ping_status":"closed","template":"","meta":{"h5ap_radio_sources":[]},"product_brand":[],"product_cat":[65],"product_tag":[],"class_list":{"0":"post-7508","1":"product","2":"type-product","3":"status-publish","4":"has-post-thumbnail","6":"product_cat-anahtarliklar","8":"first","9":"outofstock","10":"shipping-taxable","11":"purchasable","12":"product-type-simple"},"_links":{"self":[{"href":"https:\/\/soscocukkoyu.org\/en\/wp-json\/wp\/v2\/product\/7508","targetHints":{"allow":["GET"]}}],"collection":[{"href":"https:\/\/soscocukkoyu.org\/en\/wp-json\/wp\/v2\/product"}],"about":[{"href":"https:\/\/soscocukkoyu.org\/en\/wp-json\/wp\/v2\/types\/product"}],"replies":[{"embeddable":true,"href":"https:\/\/soscocukkoyu.org\/en\/wp-json\/wp\/v2\/comments?post=7508"}],"wp:featuredmedia":[{"embeddable":true,"href":"https:\/\/soscocukkoyu.org\/en\/wp-json\/wp\/v2\/media\/7509"}],"wp:attachment":[{"href":"https:\/\/soscocukkoyu.org\/en\/wp-json\/wp\/v2\/media?parent=7508"}],"wp:term":[{"taxonomy":"product_brand","embeddable":true,"href":"https:\/\/soscocukkoyu.org\/en\/wp-json\/wp\/v2\/product_brand?post=7508"},{"taxonomy":"product_cat","embeddable":true,"href":"https:\/\/soscocukkoyu.org\/en\/wp-json\/wp\/v2\/product_cat?post=7508"},{"taxonomy":"product_tag","embeddable":true,"href":"https:\/\/soscocukkoyu.org\/en\/wp-json\/wp\/v2\/product_tag?post=7508"}],"curies":[{"name":"wp","href":"https:\/\/api.w.org\/{rel}","templated":true}]}}