{"id":7510,"date":"2024-04-19T12:05:40","date_gmt":"2024-04-19T09:05:40","guid":{"rendered":"https:\/\/soscocukkoyu.org\/?post_type=product&#038;p=7510"},"modified":"2025-04-04T11:44:21","modified_gmt":"2025-04-04T08:44:21","slug":"piglet","status":"publish","type":"product","link":"https:\/\/soscocukkoyu.org\/en\/urun\/piglet\/","title":{"rendered":"Piglet"},"content":{"rendered":"<p><strong>S<\/strong><b>\u0131n\u0131rl\u0131 say\u0131da \u00fcretilmi\u015ftir<\/b><\/p>\n","protected":false},"excerpt":{"rendered":"<p>S\u0131n\u0131rl\u0131 say\u0131da \u00fcretilmi\u015ftir<\/p>\n","protected":false},"featured_media":7511,"comment_status":"closed","ping_status":"closed","template":"","meta":{"h5ap_radio_sources":[]},"product_brand":[],"product_cat":[65],"product_tag":[],"class_list":{"0":"post-7510","1":"product","2":"type-product","3":"status-publish","4":"has-post-thumbnail","6":"product_cat-anahtarliklar","8":"first","9":"outofstock","10":"shipping-taxable","11":"purchasable","12":"product-type-simple"},"_links":{"self":[{"href":"https:\/\/soscocukkoyu.org\/en\/wp-json\/wp\/v2\/product\/7510","targetHints":{"allow":["GET"]}}],"collection":[{"href":"https:\/\/soscocukkoyu.org\/en\/wp-json\/wp\/v2\/product"}],"about":[{"href":"https:\/\/soscocukkoyu.org\/en\/wp-json\/wp\/v2\/types\/product"}],"replies":[{"embeddable":true,"href":"https:\/\/soscocukkoyu.org\/en\/wp-json\/wp\/v2\/comments?post=7510"}],"wp:featuredmedia":[{"embeddable":true,"href":"https:\/\/soscocukkoyu.org\/en\/wp-json\/wp\/v2\/media\/7511"}],"wp:attachment":[{"href":"https:\/\/soscocukkoyu.org\/en\/wp-json\/wp\/v2\/media?parent=7510"}],"wp:term":[{"taxonomy":"product_brand","embeddable":true,"href":"https:\/\/soscocukkoyu.org\/en\/wp-json\/wp\/v2\/product_brand?post=7510"},{"taxonomy":"product_cat","embeddable":true,"href":"https:\/\/soscocukkoyu.org\/en\/wp-json\/wp\/v2\/product_cat?post=7510"},{"taxonomy":"product_tag","embeddable":true,"href":"https:\/\/soscocukkoyu.org\/en\/wp-json\/wp\/v2\/product_tag?post=7510"}],"curies":[{"name":"wp","href":"https:\/\/api.w.org\/{rel}","templated":true}]}}