{"id":8262,"date":"2025-04-21T16:51:19","date_gmt":"2025-04-21T13:51:19","guid":{"rendered":"https:\/\/soscocukkoyu.org\/?post_type=product&#038;p=8262"},"modified":"2025-09-22T13:38:32","modified_gmt":"2025-09-22T10:38:32","slug":"ani-bagisi","status":"publish","type":"product","link":"https:\/\/soscocukkoyu.org\/en\/urun\/ani-bagisi\/","title":{"rendered":"An\u0131 Ba\u011f\u0131\u015f\u0131"},"content":{"rendered":"","protected":false},"excerpt":{"rendered":"<div>\n<p><b>Sevdiklerinizin an\u0131s\u0131n\u0131 uzun y\u0131llar ya\u015fatmak ister misiniz?<\/b><\/p>\n<\/div>\n<div>\n<div>Hayat\u0131m\u0131zda derin izler b\u0131rakan sevdiklerimizin an\u0131s\u0131n\u0131 ya\u015fatman\u0131n en anlaml\u0131 yollar\u0131ndan biri, do\u011faya bir fidan arma\u011fan etmektir.<\/div>\n<div>Derne\u011fimiz, sizin ad\u0131n\u0131za sevdiklerinizin an\u0131s\u0131na fidan dikiyor; b\u00f6ylece bir yandan hat\u0131ralar\u0131 ya\u015fat\u0131l\u0131rken, di\u011fer yandan do\u011faya ve gelece\u011fe kal\u0131c\u0131 bir katk\u0131 sa\u011flan\u0131yor.<\/div>\n<div>Siz de bir\u00a0<b>An\u0131 Ba\u011f\u0131\u015f\u0131<\/b> yaparak, sevdiklerinizin an\u0131s\u0131n\u0131 ya\u015fatabilir, \u00e7ocuklara ve do\u011faya umut dolu bir iz b\u0131rakabilirsiniz.<\/div>\n<\/div>\n","protected":false},"featured_media":8269,"comment_status":"closed","ping_status":"closed","template":"","meta":{"h5ap_radio_sources":[]},"product_brand":[],"product_cat":[95],"product_tag":[],"class_list":{"0":"post-8262","1":"product","2":"type-product","3":"status-publish","4":"has-post-thumbnail","6":"product_cat-ani-agac","8":"first","9":"instock","10":"shipping-taxable","11":"purchasable","12":"product-type-simple"},"_links":{"self":[{"href":"https:\/\/soscocukkoyu.org\/en\/wp-json\/wp\/v2\/product\/8262","targetHints":{"allow":["GET"]}}],"collection":[{"href":"https:\/\/soscocukkoyu.org\/en\/wp-json\/wp\/v2\/product"}],"about":[{"href":"https:\/\/soscocukkoyu.org\/en\/wp-json\/wp\/v2\/types\/product"}],"replies":[{"embeddable":true,"href":"https:\/\/soscocukkoyu.org\/en\/wp-json\/wp\/v2\/comments?post=8262"}],"wp:featuredmedia":[{"embeddable":true,"href":"https:\/\/soscocukkoyu.org\/en\/wp-json\/wp\/v2\/media\/8269"}],"wp:attachment":[{"href":"https:\/\/soscocukkoyu.org\/en\/wp-json\/wp\/v2\/media?parent=8262"}],"wp:term":[{"taxonomy":"product_brand","embeddable":true,"href":"https:\/\/soscocukkoyu.org\/en\/wp-json\/wp\/v2\/product_brand?post=8262"},{"taxonomy":"product_cat","embeddable":true,"href":"https:\/\/soscocukkoyu.org\/en\/wp-json\/wp\/v2\/product_cat?post=8262"},{"taxonomy":"product_tag","embeddable":true,"href":"https:\/\/soscocukkoyu.org\/en\/wp-json\/wp\/v2\/product_tag?post=8262"}],"curies":[{"name":"wp","href":"https:\/\/api.w.org\/{rel}","templated":true}]}}